{"id":100,"date":"2012-03-27T21:05:40","date_gmt":"2012-03-27T21:05:40","guid":{"rendered":"http:\/\/uusi.sik.fi\/index.php\/2012\/03\/27\/lomakkeet\/"},"modified":"2026-02-08T11:46:58","modified_gmt":"2026-02-08T09:46:58","slug":"lomakkeet","status":"publish","type":"page","link":"https:\/\/www.sik.fi\/?page_id=100","title":{"rendered":"Lomakkeet"},"content":{"rendered":"\n<p>T\u00e4lt\u00e4 sivulta voit ladata itsellesi lomakkeita. Lomakkeet ovat PDF-formaatissa, ja voit tulostaa niit\u00e4 hakemalla ilmaisen&nbsp;<span class=\"Apple-style-span\" style=\"font-weight: bold;\">Adobe Acrobat Reader<\/span>&nbsp;-ohjelmiston Adoben sivuilta.<\/p>\n\n\n\n<p>Adoben sivut:<br><a title=\"http:\/\/www.adobe.com\/\" href=\"http:\/\/www.adobe.com\/\" target=\"_blank\" rel=\"noopener noreferrer\">http:\/\/www.adobe.com\/<\/a><\/p>\n\n\n\n<p><span class=\"Apple-style-span\" style=\"font-weight: bold;\">Killan j\u00e4senhakemuslomake&nbsp;<\/span><\/p>\n\n\n\n<p>Haettaessa killan j\u00e4senyytt\u00e4 t\u00e4ytet\u00e4\u00e4n hakemuslomake ja palautetaan se kiltahuoneella olevaan postilaatikkoon tai hallituksen j\u00e4senelle.<\/p>\n\n\n\n<p><strong>Kiltahuone access<\/strong><\/p>\n\n\n\n<p>Killan j\u00e4senet voivat saada 24\/7-korttiinsa oikeuden kiltahuoneen oveen t\u00e4ytt\u00e4m\u00e4ll\u00e4 hakemuslomake ja palauttamalla se kiltahuoneella olevaan postilaatikkoonn tai hallituksen j\u00e4senelle<\/p>\n\n\n\n<p><span class=\"Apple-style-span\" style=\"font-weight: bold;\">Killan sis\u00e4inen laskupohja<\/span><\/p>\n\n\n\n<p>Killan j\u00e4senen hakiessa rahakorvausta killan tapahtumien tms. j\u00e4rjest\u00e4misest\u00e4 aiheutuneiden kulujen korvaamiseksi, t\u00e4ytet\u00e4\u00e4n sis\u00e4inen laskupohja ja palautetaan se kiltahuoneella olevaan postilaatikkoon tai hallituksen j\u00e4senelle. <\/p>\n\n\n\n<p><span class=\"Apple-style-span\" style=\"font-weight: bold;\">Killan haalarimainokset ja kannatusj\u00e4senyys<\/span><\/p>\n\n\n\n<p>Killan tuloista merkitt\u00e4v\u00e4 osa koostuu haalarimainosten myynnist\u00e4 ja kannatusj\u00e4sensopimuksista. Mainostajalle haalarit ovat ideaalinen paikka saada n\u00e4kyvyytt\u00e4 oman alan tulevien ja nykyisten edustajien silmiss\u00e4, eli juuri siell\u00e4, miss\u00e4 siit\u00e4 on eniten hy\u00f6ty\u00e4. Kannatusj\u00e4senyyskin tuo n\u00e4kyvyytt\u00e4 tulevaisuuden osaajien keskuudessa, eli kannatusj\u00e4sensopimus on kaukon\u00e4k\u00f6ist\u00e4, viisasta sijoittamista yrityksen omaan tulevaisuuteen. Mik\u00e4li kiinnostuit, niin otathan yhteytt\u00e4 killan suhdevastaavaan suhdevastaava@sik.fi.<\/p>\n\n\n\n<p><img loading=\"lazy\" decoding=\"async\" class=\" size-full wp-image-96\" src=\"https:\/\/www.sik.fi\/wp-content\/uploads\/sivusto\/page_white_acrobat.png\" width=\"16\" height=\"16\" border=\"0\"> <a href=\"https:\/\/www.sik.fi\/wp-content\/uploads\/2022\/12\/Jasenhakemus.pdf\" target=\"_blank\" rel=\"noopener noreferrer\">J\u00e4senhakemus<\/a><\/p>\n\n\n\n<p><img loading=\"lazy\" decoding=\"async\" class=\" size-full wp-image-96\" src=\"https:\/\/www.sik.fi\/wp-content\/uploads\/sivusto\/page_white_acrobat.png\" width=\"16\" height=\"16\" border=\"0\"> <a href=\"https:\/\/www.sik.fi\/wp-content\/uploads\/2022\/12\/Kulkuoikeushakemus.pdf\" target=\"_blank\" rel=\"noopener noreferrer\">Kulkuoikeushakemus<\/a><\/p>\n\n\n\n<p><img loading=\"lazy\" decoding=\"async\" class=\" size-full wp-image-96\" src=\"https:\/\/www.sik.fi\/wp-content\/uploads\/sivusto\/page_white_acrobat.png\" width=\"16\" height=\"16\" border=\"0\"> <a href=\"https:\/\/www.sik.fi\/wp-content\/uploads\/sivusto\/laskupohja.pdf\" target=\"_blank\" rel=\"noopener noreferrer\">Laskupohja<\/a><\/p>\n\n\n\n<div class=\"wp-block-file\" style=\"font-size:18px\"><a id=\"wp-block-file--media-3a4a8edf-c051-4df9-9098-2279d6efb419\" href=\"https:\/\/www.sik.fi\/wp-content\/uploads\/2026\/01\/SIK_Tietosuojaseloste_14_01_2026-3.pdf\" target=\"_blank\" rel=\"noreferrer noopener\">Tietosuojaseloste<\/a><\/div>\n\n\n\n\n\n<p style=\"font-size:18px\"><\/p>\n","protected":false},"excerpt":{"rendered":"<p>T\u00e4lt\u00e4 sivulta voit ladata itsellesi lomakkeita. Lomakkeet ovat PDF-formaatissa, ja voit tulostaa niit\u00e4 hakemalla ilmaisen&nbsp;Adobe Acrobat Reader&nbsp;-ohjelmiston Adoben sivuilta. Adoben sivut:http:\/\/www.adobe.com\/ Killan j\u00e4senhakemuslomake&nbsp; Haettaessa killan j\u00e4senyytt\u00e4 t\u00e4ytet\u00e4\u00e4n hakemuslomake ja palautetaan se kiltahuoneella olevaan postilaatikkoon tai hallituksen j\u00e4senelle. Kiltahuone access Killan j\u00e4senet voivat saada 24\/7-korttiinsa oikeuden kiltahuoneen oveen t\u00e4ytt\u00e4m\u00e4ll\u00e4 hakemuslomake ja &hellip;<\/p>\n","protected":false},"author":1,"featured_media":96,"parent":0,"menu_order":49,"comment_status":"closed","ping_status":"open","template":"","meta":{"footnotes":""},"class_list":["post-100","page","type-page","status-publish","has-post-thumbnail","hentry"],"_links":{"self":[{"href":"https:\/\/www.sik.fi\/index.php?rest_route=\/wp\/v2\/pages\/100","targetHints":{"allow":["GET"]}}],"collection":[{"href":"https:\/\/www.sik.fi\/index.php?rest_route=\/wp\/v2\/pages"}],"about":[{"href":"https:\/\/www.sik.fi\/index.php?rest_route=\/wp\/v2\/types\/page"}],"author":[{"embeddable":true,"href":"https:\/\/www.sik.fi\/index.php?rest_route=\/wp\/v2\/users\/1"}],"replies":[{"embeddable":true,"href":"https:\/\/www.sik.fi\/index.php?rest_route=%2Fwp%2Fv2%2Fcomments&post=100"}],"version-history":[{"count":23,"href":"https:\/\/www.sik.fi\/index.php?rest_route=\/wp\/v2\/pages\/100\/revisions"}],"predecessor-version":[{"id":2784,"href":"https:\/\/www.sik.fi\/index.php?rest_route=\/wp\/v2\/pages\/100\/revisions\/2784"}],"wp:featuredmedia":[{"embeddable":true,"href":"https:\/\/www.sik.fi\/index.php?rest_route=\/wp\/v2\/media\/96"}],"wp:attachment":[{"href":"https:\/\/www.sik.fi\/index.php?rest_route=%2Fwp%2Fv2%2Fmedia&parent=100"}],"curies":[{"name":"wp","href":"https:\/\/api.w.org\/{rel}","templated":true}]}}