{"id":1010,"date":"2018-04-05T18:07:21","date_gmt":"2018-04-05T15:07:21","guid":{"rendered":"https:\/\/uusi.sik.fi\/?page_id=1010"},"modified":"2023-10-01T15:32:58","modified_gmt":"2023-10-01T12:32:58","slug":"moykkawaunut","status":"publish","type":"page","link":"https:\/\/www.sik.fi\/?page_id=1010&lang=en","title":{"rendered":"M\u00f6ykk\u00e4waunut"},"content":{"rendered":"<div class=\"wp-block-image\">\n<figure class=\"alignright\"><img loading=\"lazy\" decoding=\"async\" width=\"240\" height=\"180\" src=\"https:\/\/www.sik.fi\/wp-content\/uploads\/sivusto\/aa30b4a0.jpg\" alt=\"\" class=\"wp-image-180\"\/><\/figure>\n<\/div>\n\n\n<p>The &#8221;M\u00f6ykk\u00e4waunut&#8221; (Noise Wagons\u2122) were originally a protest by a small group of friends (Team Naplitsoo) against the mainstream music played in restaurants. This group bequeathed the Wagons\u2122 to the guild when the threat of graduation was about to interrupt their promising studies. This multimedia blaster saw the light of day sometime in the late &#8217;90s, and currently, a second development version on the same theme is in progress. The rules of the Wagons\u2122 dictate that &#8221;good&#8221; music cannot be played on them. For this purpose, the repertoire includes magnificent gems from Finnish music production.<\/p>\n\n\n\n<p>The second development version was created in a few sleepless nights for Wappu in 2002 by a few guild activists. These wagons follow the guild&#8217;s events like sharks following a ship and elicit unique\/different reactions from their surroundings.<\/p>\n\n\n\n<p>In the fall of 2006, the wagons began to deteriorate, and the batteries were depleted. Only a couple of determined engineering students and a bit of air conditioning tape were needed to make the &#8221;M\u00f6ykk\u00e4waunut&#8221; as good as new. You can read a more detailed story in V\u00e4h\u00e4n tavallista isommasta sinssi 4\/2006.<\/p>\n","protected":false},"excerpt":{"rendered":"<p>The &#8221;M\u00f6ykk\u00e4waunut&#8221; (Noise Wagons\u2122) were originally a protest by a small group of friends (Team Naplitsoo) against the mainstream music played in restaurants. This group bequeathed the Wagons\u2122 to the guild when the threat of graduation was about to interrupt their promising studies. This multimedia blaster saw the light of &hellip;<\/p>\n","protected":false},"author":27,"featured_media":180,"parent":0,"menu_order":29,"comment_status":"closed","ping_status":"open","template":"","meta":{"footnotes":""},"class_list":["post-1010","page","type-page","status-publish","has-post-thumbnail","hentry"],"_links":{"self":[{"href":"https:\/\/www.sik.fi\/index.php?rest_route=\/wp\/v2\/pages\/1010","targetHints":{"allow":["GET"]}}],"collection":[{"href":"https:\/\/www.sik.fi\/index.php?rest_route=\/wp\/v2\/pages"}],"about":[{"href":"https:\/\/www.sik.fi\/index.php?rest_route=\/wp\/v2\/types\/page"}],"author":[{"embeddable":true,"href":"https:\/\/www.sik.fi\/index.php?rest_route=\/wp\/v2\/users\/27"}],"replies":[{"embeddable":true,"href":"https:\/\/www.sik.fi\/index.php?rest_route=%2Fwp%2Fv2%2Fcomments&post=1010"}],"version-history":[{"count":2,"href":"https:\/\/www.sik.fi\/index.php?rest_route=\/wp\/v2\/pages\/1010\/revisions"}],"predecessor-version":[{"id":2237,"href":"https:\/\/www.sik.fi\/index.php?rest_route=\/wp\/v2\/pages\/1010\/revisions\/2237"}],"wp:featuredmedia":[{"embeddable":true,"href":"https:\/\/www.sik.fi\/index.php?rest_route=\/wp\/v2\/media\/180"}],"wp:attachment":[{"href":"https:\/\/www.sik.fi\/index.php?rest_route=%2Fwp%2Fv2%2Fmedia&parent=1010"}],"curies":[{"name":"wp","href":"https:\/\/api.w.org\/{rel}","templated":true}]}}