{"id":1018,"date":"2018-04-05T18:22:37","date_gmt":"2018-04-05T15:22:37","guid":{"rendered":"https:\/\/uusi.sik.fi\/?page_id=1018"},"modified":"2021-02-28T23:11:44","modified_gmt":"2021-02-28T21:11:44","slug":"alumni-2","status":"publish","type":"page","link":"https:\/\/www.sik.fi\/?page_id=1018&lang=en","title":{"rendered":"Alumni"},"content":{"rendered":"<p>With this form you can join the mailing list for the alumni of S\u00e4hk\u00f6insin\u00f6\u00f6rikilta ry. Information will be sent in English and Finnish. We hope that you give feedback about the things you want as a alumni. Please also inform your friends about this mail list!<\/p>\n<p>By filling the form below you join the alumni mailing list. The list is moderated and will be used only for official information. The address of the list is\u00a0alumni at sik .fi!<\/p>\n<p>&nbsp;<\/p>\n<p><strong>Form for joining:<\/strong><\/p>\n<div class=\"wpforms-container wpforms-container-full\" id=\"wpforms-921\"><form id=\"wpforms-form-921\" class=\"wpforms-validate wpforms-form\" data-formid=\"921\" method=\"post\" enctype=\"multipart\/form-data\" action=\"\/index.php?rest_route=%2Fwp%2Fv2%2Fpages%2F1018\" data-token=\"edf0284d5c413e1fd11f74dfa996c126\"><noscript class=\"wpforms-error-noscript\">Please enable JavaScript in your browser to complete this form.<\/noscript><div class=\"wpforms-field-container\"><div id=\"wpforms-921-field_1-container\" class=\"wpforms-field wpforms-field-text\" data-field-id=\"1\"><label class=\"wpforms-field-label\" for=\"wpforms-921-field_1\">Name <span class=\"wpforms-required-label\">*<\/span><\/label><input type=\"text\" id=\"wpforms-921-field_1\" class=\"wpforms-field-medium wpforms-field-required\" name=\"wpforms[fields][1]\" required><\/div><div id=\"wpforms-921-field_2-container\" class=\"wpforms-field wpforms-field-email\" data-field-id=\"2\"><label class=\"wpforms-field-label\" for=\"wpforms-921-field_2\">Email <span class=\"wpforms-required-label\">*<\/span><\/label><input type=\"email\" id=\"wpforms-921-field_2\" class=\"wpforms-field-medium wpforms-field-required\" name=\"wpforms[fields][2]\" spellcheck=\"false\" required><\/div><div id=\"wpforms-921-field_3-container\" class=\"wpforms-field wpforms-field-text\" data-field-id=\"3\"><label class=\"wpforms-field-label\" for=\"wpforms-921-field_3\">Phone<\/label><input type=\"text\" id=\"wpforms-921-field_3\" class=\"wpforms-field-medium\" name=\"wpforms[fields][3]\" ><\/div><div id=\"wpforms-921-field_4-container\" class=\"wpforms-field wpforms-field-text\" data-field-id=\"4\"><label class=\"wpforms-field-label\" for=\"wpforms-921-field_4\">Address<\/label><input type=\"text\" id=\"wpforms-921-field_4\" class=\"wpforms-field-medium\" name=\"wpforms[fields][4]\" ><\/div><div id=\"wpforms-921-field_6-container\" class=\"wpforms-field wpforms-field-number\" data-field-id=\"6\"><label class=\"wpforms-field-label\" for=\"wpforms-921-field_6\">Studies started (year)<\/label><input type=\"number\" pattern=\"\\d*\" id=\"wpforms-921-field_6\" class=\"wpforms-field-medium\" name=\"wpforms[fields][6]\" value=\"2000\" ><\/div><div id=\"wpforms-921-field_7-container\" class=\"wpforms-field wpforms-field-number\" data-field-id=\"7\"><label class=\"wpforms-field-label\" for=\"wpforms-921-field_7\">Year of graduation<\/label><input type=\"number\" pattern=\"\\d*\" id=\"wpforms-921-field_7\" class=\"wpforms-field-medium\" name=\"wpforms[fields][7]\" value=\"2015\" ><\/div><div id=\"wpforms-921-field_5-container\" class=\"wpforms-field wpforms-field-text\" data-field-id=\"5\"><label class=\"wpforms-field-label\" for=\"wpforms-921-field_5\">Orientation <span class=\"wpforms-required-label\">*<\/span><\/label><input type=\"text\" id=\"wpforms-921-field_5\" class=\"wpforms-field-medium wpforms-field-required\" name=\"wpforms[fields][5]\" required><\/div><div id=\"wpforms-921-field_8-container\" class=\"wpforms-field wpforms-field-textarea\" data-field-id=\"8\"><label class=\"wpforms-field-label\" for=\"wpforms-921-field_8\">Greeting for the alumnivastaava<\/label><textarea id=\"wpforms-921-field_8\" class=\"wpforms-field-medium\" name=\"wpforms[fields][8]\" ><\/textarea><\/div><\/div><!-- .wpforms-field-container --><div class=\"wpforms-field wpforms-field-hp\"><label for=\"wpforms-921-field-hp\" class=\"wpforms-field-label\">Comment<\/label><input type=\"text\" name=\"wpforms[hp]\" id=\"wpforms-921-field-hp\" class=\"wpforms-field-medium\"><\/div><div class=\"wpforms-recaptcha-container wpforms-is-recaptcha\" ><div class=\"g-recaptcha\" data-sitekey=\"6LfCOVEUAAAAAHJ3xqjjDq_rzBKTikPvQbJ70DGg\"><\/div><input type=\"text\" name=\"g-recaptcha-hidden\" class=\"wpforms-recaptcha-hidden\" style=\"position:absolute!important;clip:rect(0,0,0,0)!important;height:1px!important;width:1px!important;border:0!important;overflow:hidden!important;padding:0!important;margin:0!important;\" data-rule-recaptcha=\"1\"><\/div><div class=\"wpforms-submit-container\" ><input type=\"hidden\" name=\"wpforms[id]\" value=\"921\"><input type=\"hidden\" name=\"wpforms[author]\" value=\"1\"><button type=\"submit\" name=\"wpforms[submit]\" id=\"wpforms-submit-921\" class=\"wpforms-submit\" data-alt-text=\"Sending...\" data-submit-text=\"Submit\" aria-live=\"assertive\" value=\"wpforms-submit\">Submit<\/button><\/div><\/form><\/div>  <!-- .wpforms-container -->\n","protected":false},"excerpt":{"rendered":"<p>With this form you can join the mailing list for the alumni of S\u00e4hk\u00f6insin\u00f6\u00f6rikilta ry. Information will be sent in English and Finnish. We hope that you give feedback about the things you want as a alumni. Please also inform your friends about this mail list! By filling the form &hellip;<\/p>\n","protected":false},"author":1,"featured_media":0,"parent":0,"menu_order":7,"comment_status":"closed","ping_status":"closed","template":"","meta":{"footnotes":""},"class_list":["post-1018","page","type-page","status-publish","hentry"],"_links":{"self":[{"href":"https:\/\/www.sik.fi\/index.php?rest_route=\/wp\/v2\/pages\/1018","targetHints":{"allow":["GET"]}}],"collection":[{"href":"https:\/\/www.sik.fi\/index.php?rest_route=\/wp\/v2\/pages"}],"about":[{"href":"https:\/\/www.sik.fi\/index.php?rest_route=\/wp\/v2\/types\/page"}],"author":[{"embeddable":true,"href":"https:\/\/www.sik.fi\/index.php?rest_route=\/wp\/v2\/users\/1"}],"replies":[{"embeddable":true,"href":"https:\/\/www.sik.fi\/index.php?rest_route=%2Fwp%2Fv2%2Fcomments&post=1018"}],"version-history":[{"count":3,"href":"https:\/\/www.sik.fi\/index.php?rest_route=\/wp\/v2\/pages\/1018\/revisions"}],"predecessor-version":[{"id":1024,"href":"https:\/\/www.sik.fi\/index.php?rest_route=\/wp\/v2\/pages\/1018\/revisions\/1024"}],"wp:attachment":[{"href":"https:\/\/www.sik.fi\/index.php?rest_route=%2Fwp%2Fv2%2Fmedia&parent=1018"}],"curies":[{"name":"wp","href":"https:\/\/api.w.org\/{rel}","templated":true}]}}