{"id":1168,"date":"2018-07-13T15:29:05","date_gmt":"2018-07-13T12:29:05","guid":{"rendered":"https:\/\/www.sik.fi\/?page_id=1168"},"modified":"2023-10-01T16:26:50","modified_gmt":"2023-10-01T13:26:50","slug":"toimihenkilot","status":"publish","type":"page","link":"https:\/\/www.sik.fi\/?page_id=1168","title":{"rendered":"Toimihenkil\u00f6t 2023"},"content":{"rendered":"<p><a href=\"https:\/\/www.sik.fi\/wp-content\/uploads\/2020\/12\/Toimihenkiloiden-toimenkuvat-2021.pdf\">Linkki toimihenkil\u00f6iden toimenkuviin<\/a><\/p>\n<p><strong>Is\u00e4nt\u00e4:<\/strong><br \/>Matias Hasa<\/p>\n<p><strong>Em\u00e4nt\u00e4:<\/strong><br \/>Jan \u00c4\u00e4rel\u00e4<\/p>\n<p><strong>Kiltakis\u00e4lli:<\/strong><br \/>Eetu Viiri<\/p>\n<p><strong>Panomestari:<\/strong><br \/>Matias Hasa<\/p>\n<p><strong>Panimokaveri:<\/strong><br \/>Aleksi Pesonen<\/p>\n<p><strong>Kuvaajat:<\/strong><br \/>Matias Hasa<br \/>Aleksi Pirttimaa<br \/>Heikki Marjala<\/p>\n<p><strong>Graafikot:<\/strong>\u200b<br \/>Aleksi Pesonen<br \/>Elmo Pakaslahti<\/p>\n<p><strong>Aputoimittaja:<\/strong><br \/>\u200bJaakko Koskela<\/p>\n<p><strong>Alumnivastaava:<\/strong><br \/>\u200bHeikki Marjala<\/p>\n<p><strong>Piiat\/Rengit\/Sukupuolineutraalit palvelushenkil\u00f6t:<\/strong><br \/>Hallituslaiset<\/p>\n<p><strong>Laulunjohtaja:<\/strong><br \/>\u200bSanteri Lev\u00e4inen<\/p>\n<p><strong>Juottaja<\/strong>\u200b:<br \/>Aleksi Pirttimaa<\/p>\n<p><strong>Apujuottajat:<\/strong><br \/>Risto Korhonen<br \/>Jaakko Koskela<br \/>Matias Hasa<br \/>Santeri Lev\u00e4inen<br \/>Juuso Tapaninen<\/p>\n<p><strong>Opintovastaavan apulainen\u200b:<\/strong><br \/>Elmo Pakaslahti<\/p>\n<p><strong>Mennink\u00e4inen:<\/strong>\u200b<br \/>Aleksi Pirttimaa<\/p>\n<p><strong>Fuksipaimen:<\/strong>\u200b<br \/>Miika Kainuharju<\/p>\n<p><strong>Reissumies:<\/strong>\u200b<br \/>Jami Ahl<\/p>\n<p><strong>Suhdetoimihenkil\u00f6t:<\/strong><br \/>Jialiang Sun<\/p>\n<p><strong>Yll\u00e4pit\u00e4j\u00e4:<\/strong><br \/>Aleksi Pirttimaa<\/p>\n<p><strong>Operaattorit:<\/strong><br \/>Anders Nikula<br \/>Frans H\u00e4rk\u00f6nen<\/p>\n<p><strong>Someorjat:<\/strong><br \/>Valtteri P\u00e4\u00e4talo<br \/>Jussi Etula<br \/>Aleksi Pesonen<br \/>Santeri Lev\u00e4inen<\/p>\n<p><strong>KV-vastaava:\u200b<\/strong><br \/>Frans H\u00e4rk\u00f6nen<\/p>\n<p><strong>Waunuvastaavat:<br \/><\/strong>Aleksi Pesonen<br \/>Joonas Patana<br \/>Matias Hasa<br \/>Santeri Lev\u00e4inen<br \/>Jaakko Koskela<br \/>Elina Mannermaa<br \/>Juuso Tapaninen<br \/>Janne Kilponen<\/p>\n<p><strong>Naarast\u00f6pseli:\u200b<\/strong><br \/>&#8211;<\/p>\n<p><strong>K\u00f6p\u00f6:<\/strong><br \/>\u200bJanne Kilponen<\/p>\n<p><strong>Urheiluvastaava:<\/strong><br \/>\u200bViivi Hakam\u00e4ki<\/p>\n<p><strong>Ymp\u00e4rist\u00f6vastaava:\u200b<\/strong><br \/>Santeri Lev\u00e4inen<\/p>\n<p><strong>Leipuri Hiiva &amp; Streptokokki:<\/strong>\u200b<br \/>Valtteri P\u00e4\u00e4talo &amp; Jussi Etula<\/p>\n<p><strong>Pelivastaava:<\/strong><br \/>Elina Mannermaa<\/p>\n<p><strong>Sokerivastaava:<\/strong><br \/>Aleksi Pesonen<\/p>\n\n\n<p><\/p>\n","protected":false},"excerpt":{"rendered":"<p>Linkki toimihenkil\u00f6iden toimenkuviin Is\u00e4nt\u00e4:Matias Hasa Em\u00e4nt\u00e4:Jan \u00c4\u00e4rel\u00e4 Kiltakis\u00e4lli:Eetu Viiri Panomestari:Matias Hasa Panimokaveri:Aleksi Pesonen Kuvaajat:Matias HasaAleksi PirttimaaHeikki Marjala Graafikot:\u200bAleksi PesonenElmo Pakaslahti Aputoimittaja:\u200bJaakko Koskela Alumnivastaava:\u200bHeikki Marjala Piiat\/Rengit\/Sukupuolineutraalit palvelushenkil\u00f6t:Hallituslaiset Laulunjohtaja:\u200bSanteri Lev\u00e4inen Juottaja\u200b:Aleksi Pirttimaa Apujuottajat:Risto KorhonenJaakko KoskelaMatias HasaSanteri Lev\u00e4inenJuuso Tapaninen Opintovastaavan apulainen\u200b:Elmo Pakaslahti Mennink\u00e4inen:\u200bAleksi Pirttimaa Fuksipaimen:\u200bMiika Kainuharju Reissumies:\u200bJami Ahl Suhdetoimihenkil\u00f6t:Jialiang Sun Yll\u00e4pit\u00e4j\u00e4:Aleksi Pirttimaa Operaattorit:Anders &hellip;<\/p>\n","protected":false},"author":27,"featured_media":0,"parent":0,"menu_order":0,"comment_status":"closed","ping_status":"closed","template":"","meta":{"footnotes":""},"class_list":["post-1168","page","type-page","status-publish","hentry"],"_links":{"self":[{"href":"https:\/\/www.sik.fi\/index.php?rest_route=\/wp\/v2\/pages\/1168","targetHints":{"allow":["GET"]}}],"collection":[{"href":"https:\/\/www.sik.fi\/index.php?rest_route=\/wp\/v2\/pages"}],"about":[{"href":"https:\/\/www.sik.fi\/index.php?rest_route=\/wp\/v2\/types\/page"}],"author":[{"embeddable":true,"href":"https:\/\/www.sik.fi\/index.php?rest_route=\/wp\/v2\/users\/27"}],"replies":[{"embeddable":true,"href":"https:\/\/www.sik.fi\/index.php?rest_route=%2Fwp%2Fv2%2Fcomments&post=1168"}],"version-history":[{"count":21,"href":"https:\/\/www.sik.fi\/index.php?rest_route=\/wp\/v2\/pages\/1168\/revisions"}],"predecessor-version":[{"id":2255,"href":"https:\/\/www.sik.fi\/index.php?rest_route=\/wp\/v2\/pages\/1168\/revisions\/2255"}],"wp:attachment":[{"href":"https:\/\/www.sik.fi\/index.php?rest_route=%2Fwp%2Fv2%2Fmedia&parent=1168"}],"curies":[{"name":"wp","href":"https:\/\/api.w.org\/{rel}","templated":true}]}}