{"id":117,"date":"2012-03-27T21:08:52","date_gmt":"2012-03-27T21:08:52","guid":{"rendered":"http:\/\/uusi.sik.fi\/index.php\/2012\/03\/27\/yhteystiedot-ja-palaute\/"},"modified":"2021-02-28T23:12:10","modified_gmt":"2021-02-28T21:12:10","slug":"yhteystiedot-ja-palaute","status":"publish","type":"page","link":"https:\/\/www.sik.fi\/?page_id=117","title":{"rendered":"Yhteystiedot ja palaute"},"content":{"rendered":"<p>S\u00e4hk\u00f6insin\u00f6\u00f6rikilt<span style=\"color: #333333; font-size: 13px;\">a ry<\/span><\/p>\n<div style=\"font-size: 19px; color: #2b1709; font-family: Tahoma; line-height: 16px; text-align: left; margin: 7px auto 7px auto;\"><span style=\"color: #333333; font-size: 13px;\">PL 4500<\/span><br style=\"color: #333333; font-size: 13px;\" \/><span style=\"color: #333333; font-size: 13px;\">90014 OULUN YLIOPISTO<\/span><br style=\"color: #333333; font-size: 13px;\" \/><span style=\"color: #333333; font-size: 13px;\">Finland<\/span><\/div>\n<p class=\"MsoPlainText\">hallitus (at) sik.fi<br style=\"color: #333333; font-size: 13px;\" \/><br style=\"color: #333333; font-size: 13px;\" \/><span style=\"color: #333333; font-size: 13px;\">Puhelin:<\/span><br style=\"color: #333333; font-size: 13px;\" \/><span style=\"color: #333333; font-size: 13px;\">02 944 82 640 (kiltahuoneelle)<\/span><\/p>\n<p style=\"text-align: left;\">\u00a0<br style=\"color: #333333; font-size: 13px;\" \/><span style=\"color: #333333; font-size: 13px;\">Pankkitili: Nordea Oulu 110730-416788<\/span><br style=\"color: #333333; font-size: 13px;\" \/><span style=\"color: #333333; font-size: 13px;\">IBAN: FI92 1107 3000 4167 88<\/span><br style=\"color: #333333; font-size: 13px;\" \/><span style=\"color: #333333; font-size: 13px;\">BIC\/SWIFT: NDEAFIHH<\/span><br style=\"color: #333333; font-size: 13px;\" \/><br style=\"color: #333333; font-size: 13px;\" \/><strong style=\"color: #333333; font-size: 13px;\">Yritykset, huomio!<\/strong><br style=\"color: #333333; font-size: 13px;\" \/><br style=\"color: #333333; font-size: 13px;\" \/><span style=\"color: #333333; font-size: 13px;\">Jos haluatte olla yhteydess\u00e4 kiltaamme, ottakaa yhteytt\u00e4 suhdevastaavaan.\u00a0<\/span><br style=\"color: #333333; font-size: 13px;\" \/><br style=\"color: #333333; font-size: 13px;\" \/><a style=\"font-size: 13px;\" href=\"mailto:tiedotusvastaava (at) sik.fi\">suhdevastaava\u00a0(at) sik.fi<\/a><span style=\"color: #333333; font-size: 13px;\"> <br \/><\/span><\/p>\n","protected":false},"excerpt":{"rendered":"<p>S\u00e4hk\u00f6insin\u00f6\u00f6rikilta ry PL 450090014 OULUN YLIOPISTOFinland hallitus (at) sik.fiPuhelin:02 944 82 640 (kiltahuoneelle) \u00a0Pankkitili: Nordea Oulu 110730-416788IBAN: FI92 1107 3000 4167 88BIC\/SWIFT: NDEAFIHHYritykset, huomio!Jos haluatte olla yhteydess\u00e4 kiltaamme, ottakaa yhteytt\u00e4 suhdevastaavaan.\u00a0suhdevastaava\u00a0(at) sik.fi<\/p>\n","protected":false},"author":1,"featured_media":0,"parent":0,"menu_order":46,"comment_status":"closed","ping_status":"open","template":"","meta":{"footnotes":""},"class_list":["post-117","page","type-page","status-publish","hentry"],"_links":{"self":[{"href":"https:\/\/www.sik.fi\/index.php?rest_route=\/wp\/v2\/pages\/117","targetHints":{"allow":["GET"]}}],"collection":[{"href":"https:\/\/www.sik.fi\/index.php?rest_route=\/wp\/v2\/pages"}],"about":[{"href":"https:\/\/www.sik.fi\/index.php?rest_route=\/wp\/v2\/types\/page"}],"author":[{"embeddable":true,"href":"https:\/\/www.sik.fi\/index.php?rest_route=\/wp\/v2\/users\/1"}],"replies":[{"embeddable":true,"href":"https:\/\/www.sik.fi\/index.php?rest_route=%2Fwp%2Fv2%2Fcomments&post=117"}],"version-history":[{"count":2,"href":"https:\/\/www.sik.fi\/index.php?rest_route=\/wp\/v2\/pages\/117\/revisions"}],"predecessor-version":[{"id":848,"href":"https:\/\/www.sik.fi\/index.php?rest_route=\/wp\/v2\/pages\/117\/revisions\/848"}],"wp:attachment":[{"href":"https:\/\/www.sik.fi\/index.php?rest_route=%2Fwp%2Fv2%2Fmedia&parent=117"}],"curies":[{"name":"wp","href":"https:\/\/api.w.org\/{rel}","templated":true}]}}