{"id":1170,"date":"2018-07-13T15:39:39","date_gmt":"2018-07-13T12:39:39","guid":{"rendered":"https:\/\/www.sik.fi\/?page_id=1170"},"modified":"2022-02-17T19:11:28","modified_gmt":"2022-02-17T17:11:28","slug":"the-guild-helpers","status":"publish","type":"page","link":"https:\/\/www.sik.fi\/?page_id=1170&lang=en","title":{"rendered":"The guild helpers 2022"},"content":{"rendered":"<h3><strong>Person in charge of international relations<\/strong> &#8211; Santeri Lev\u00e4inen<\/h3>\n<p><strong>The Housholder:\u200b<\/strong><br>Valdemar Laine<\/p>\n<p><strong>The Housewife:<\/strong><br>Oskari M\u00e4ki<\/p>\n<p><strong>Responsible for S\u00e4hk\u00f6p\u00e4iv\u00e4t:<\/strong><br>Kalle Laurila<\/p>\n<p><strong>Helper for the Guild master:<\/strong><br>Aleksi Uusitalo<\/p>\n<p><strong>Responsible for brewing:<\/strong><br>Oskari M\u00e4ki<\/p>\n<p><strong>Helper for Responsible for brewing:<\/strong><br>Matias Hasa<\/p>\n<p><strong>Photographers:<\/strong><br>Matias Hasa<br>Mikko Kalliainen<\/p>\n<p><strong>Graphics:<\/strong>\u200b<br>Joonas Patana<br>Kalle Laurila<br>Aleksi Pesonen<br>Elmo Pakaslahti<\/p>\n<p><strong>Assistant reporter:<\/strong><br>Risto Korhonen<\/p>\n<p><strong>Responsible for Alumni:<\/strong><br>\u200bAleksi Uusitalo<\/p>\n<p><strong>Maids\/Hands\/sex-neutral-workers:<\/strong><br>Elina Mannermaa<br>Enni Marjamaa<br>Vilma Wik<br>Carla Kleemola<br>Jialiang Sun<br>Elmo Pakaslahti<\/p>\n<p><strong>Leader of songs:<\/strong><br>\u200bMatias Hasa<\/p>\n<p><strong>Solderer<\/strong>\u200b:<br>Lauri Tamminen<\/p>\n<p><strong>Soldering hands:<\/strong><br>Elina Mannermaa<br>Juuso Tapaninen<br>Janne Kilponen<br>Oskari M\u00e4ki<br>Matias Hasa<br>Risto Korhonen<\/p>\n<p><strong>Helper for the Person in charge of studies:<\/strong><br>Mikko Kalliainen<\/p>\n<p><strong>The Goblin:<\/strong>\u200b<br>Kale Koivunotko<\/p>\n<p><strong>The Freshman Shepherd:<\/strong>\u200b<br>Tiia Tyyst\u00e4l\u00e4<\/p>\n<p><strong>The Travelman:<\/strong>\u200b<br>Elmo Pakaslahti<\/p>\n<p><strong>Relationship helpers:<\/strong><br>Sofia Tuovinen<\/p>\n<p><strong>Administrator:<\/strong><br>Aleksi Pirttimaa<\/p>\n<p><strong>Operators:<\/strong><br>Jeremias Rautavalta<br>Aleksi Pirttimaa<br>Risto Korhonen<\/p>\n<p><strong>Social media slaves:<\/strong><br>Elina Mannermaa<br>Risto Korhonen<br>Jialiang Sun<br>Santeri Lev\u00e4inen<br>Aleksi Pesonen<\/p>\n<p><strong>Person in charge of international relations:\u200b<\/strong><br>Santeri Lev\u00e4inen<\/p>\n<p><strong>Wagon upkeepers:<br><\/strong>Aleksi Pirttimaa<br>Aleksi Pesonen<br>Risto Korhonen<br>Waltteri Alatalo<br>Janne Kilponen<br>Elina Mannermaa<br>Oskari M\u00e4ki<br>Joonas Patana<\/p>\n<p><strong>The Female Plug:\u200b<\/strong><br>Vilma Wik<\/p>\n<p><strong>K\u00f6p\u00f6:<\/strong><br>\u200bAleksi Pesonen<\/p>\n<p><strong>Sports man:<\/strong><br>\u200bSaku Kuittinen<\/p>\n<p><strong>Enviroment man:\u200b<\/strong><br>Matias Hasa<\/p>\n<p><strong>Responsible for social relations<\/strong>\u200b:<br>Janne Kilponen<\/p>\n<p><strong>Bakers Yeast &amp; Streptococcus:<\/strong>\u200b<br>Enni Marjamaa &amp; Vilma Wik<\/p>\n<p><strong>Game man:<\/strong><br>Risto Korhonen<\/p>\n<p><\/p>\n\n\n<p><\/p>\n","protected":false},"excerpt":{"rendered":"<p>Person in charge of international relations &#8211; Santeri Lev\u00e4inen The Housholder:\u200bValdemar Laine The Housewife:Oskari M\u00e4ki Responsible for S\u00e4hk\u00f6p\u00e4iv\u00e4t:Kalle Laurila Helper for the Guild master:Aleksi Uusitalo Responsible for brewing:Oskari M\u00e4ki Helper for Responsible for brewing:Matias Hasa Photographers:Matias HasaMikko Kalliainen Graphics:\u200bJoonas PatanaKalle LaurilaAleksi PesonenElmo Pakaslahti Assistant reporter:Risto Korhonen Responsible for Alumni:\u200bAleksi Uusitalo &hellip;<\/p>\n","protected":false},"author":1,"featured_media":0,"parent":0,"menu_order":0,"comment_status":"closed","ping_status":"closed","template":"","meta":{"footnotes":""},"class_list":["post-1170","page","type-page","status-publish","hentry"],"_links":{"self":[{"href":"https:\/\/www.sik.fi\/index.php?rest_route=\/wp\/v2\/pages\/1170","targetHints":{"allow":["GET"]}}],"collection":[{"href":"https:\/\/www.sik.fi\/index.php?rest_route=\/wp\/v2\/pages"}],"about":[{"href":"https:\/\/www.sik.fi\/index.php?rest_route=\/wp\/v2\/types\/page"}],"author":[{"embeddable":true,"href":"https:\/\/www.sik.fi\/index.php?rest_route=\/wp\/v2\/users\/1"}],"replies":[{"embeddable":true,"href":"https:\/\/www.sik.fi\/index.php?rest_route=%2Fwp%2Fv2%2Fcomments&post=1170"}],"version-history":[{"count":5,"href":"https:\/\/www.sik.fi\/index.php?rest_route=\/wp\/v2\/pages\/1170\/revisions"}],"predecessor-version":[{"id":1980,"href":"https:\/\/www.sik.fi\/index.php?rest_route=\/wp\/v2\/pages\/1170\/revisions\/1980"}],"wp:attachment":[{"href":"https:\/\/www.sik.fi\/index.php?rest_route=%2Fwp%2Fv2%2Fmedia&parent=1170"}],"curies":[{"name":"wp","href":"https:\/\/api.w.org\/{rel}","templated":true}]}}