{"id":120,"date":"2012-03-28T11:52:22","date_gmt":"2012-03-28T11:52:22","guid":{"rendered":"http:\/\/uusi.sik.fi\/index.php\/2012\/03\/28\/sinssi\/"},"modified":"2026-02-18T19:52:13","modified_gmt":"2026-02-18T17:52:13","slug":"sinssi","status":"publish","type":"page","link":"https:\/\/www.sik.fi\/?page_id=120","title":{"rendered":"Sinssi"},"content":{"rendered":"<div>\n<p><img loading=\"lazy\" decoding=\"async\" class=\"wp-image-1575 alignnone\" style=\"float: right;\" src=\"https:\/\/www.sik.fi\/wp-content\/uploads\/2020\/04\/salama-300x163.png\" alt=\"\" width=\"221\" height=\"122\" border=\"0\" \/><\/p>\n<p>Sinssi on S\u00e4hk\u00f6insin\u00f6\u00f6rikilta ry:n virallinen ja puolueeton p\u00e4\u00e4-\u00e4\u00e4nenkannattaja, vaikka mit\u00e4 muut v\u00e4itt\u00e4isiv\u00e4t.<\/p>\n<p>Sinssi on ETT:n opiskelijoille suunnattu informaation ja disinformaation pohjaton l\u00e4hde, joten jutut lehden lukijoilta ovat tervetulleita, eiv\u00e4tk\u00e4 yritysmaailman mainoksetkaan ole hyljeksittyj\u00e4.<\/p>\n<p>Sinssi ilmestyy noin 4 kertaa vuodessa.<\/p>\n<p>Vuonna 2026 Sinssi\u00e4 toimittaa p\u00e4\u00e4toimittaja tiedotustoimikunnan kanssa.<\/p>\n<p>Matias Turunen P\u00e4\u00e4toimittaja,<br \/>tiedotusvastaava(a)sik.fi<\/p>\n<\/div>\n\n\n<h2 class=\"wp-block-heading\">Sinssiarkisto<\/h2>\n\n\n<div id=\"sinssi-c\">\n<p>Sinssiarkistossa voi olla v\u00e4liaikainen ongelma. T\u00e4m\u00e4 sivu vaatii javascriptin.<\/p>\n<\/div>\n<p><script src=\"https:\/\/tiedotustoimikunta.pages.sik.fi\/sinssiarkisto\/app\/app.js\"><\/script><\/p>","protected":false},"excerpt":{"rendered":"<p>Sinssi on S\u00e4hk\u00f6insin\u00f6\u00f6rikilta ry:n virallinen ja puolueeton p\u00e4\u00e4-\u00e4\u00e4nenkannattaja, vaikka mit\u00e4 muut v\u00e4itt\u00e4isiv\u00e4t. Sinssi on ETT:n opiskelijoille suunnattu informaation ja disinformaation pohjaton l\u00e4hde, joten jutut lehden lukijoilta ovat tervetulleita, eiv\u00e4tk\u00e4 yritysmaailman mainoksetkaan ole hyljeksittyj\u00e4. Sinssi ilmestyy noin 4 kertaa vuodessa. Vuonna 2026 Sinssi\u00e4 toimittaa p\u00e4\u00e4toimittaja tiedotustoimikunnan kanssa. Matias Turunen P\u00e4\u00e4toimittaja,tiedotusvastaava(a)sik.fi Sinssiarkisto &hellip;<\/p>\n","protected":false},"author":1,"featured_media":119,"parent":0,"menu_order":40,"comment_status":"closed","ping_status":"open","template":"","meta":{"footnotes":""},"class_list":["post-120","page","type-page","status-publish","has-post-thumbnail","hentry"],"_links":{"self":[{"href":"https:\/\/www.sik.fi\/index.php?rest_route=\/wp\/v2\/pages\/120","targetHints":{"allow":["GET"]}}],"collection":[{"href":"https:\/\/www.sik.fi\/index.php?rest_route=\/wp\/v2\/pages"}],"about":[{"href":"https:\/\/www.sik.fi\/index.php?rest_route=\/wp\/v2\/types\/page"}],"author":[{"embeddable":true,"href":"https:\/\/www.sik.fi\/index.php?rest_route=\/wp\/v2\/users\/1"}],"replies":[{"embeddable":true,"href":"https:\/\/www.sik.fi\/index.php?rest_route=%2Fwp%2Fv2%2Fcomments&post=120"}],"version-history":[{"count":20,"href":"https:\/\/www.sik.fi\/index.php?rest_route=\/wp\/v2\/pages\/120\/revisions"}],"predecessor-version":[{"id":2798,"href":"https:\/\/www.sik.fi\/index.php?rest_route=\/wp\/v2\/pages\/120\/revisions\/2798"}],"wp:featuredmedia":[{"embeddable":true,"href":"https:\/\/www.sik.fi\/index.php?rest_route=\/wp\/v2\/media\/119"}],"wp:attachment":[{"href":"https:\/\/www.sik.fi\/index.php?rest_route=%2Fwp%2Fv2%2Fmedia&parent=120"}],"curies":[{"name":"wp","href":"https:\/\/api.w.org\/{rel}","templated":true}]}}