{"id":1487,"date":"2020-01-13T14:20:00","date_gmt":"2020-01-13T11:20:00","guid":{"rendered":"https:\/\/www.sik.fi\/?page_id=1487"},"modified":"2023-03-20T12:51:20","modified_gmt":"2023-03-20T10:51:20","slug":"1487-2","status":"publish","type":"page","link":"https:\/\/www.sik.fi\/?page_id=1487","title":{"rendered":"Hallitus 2023"},"content":{"rendered":"<div id=\"sik-container\" style=\"display: flex; flex-wrap: wrap; margin: 2em 3em 0em 3em; padding: 3em 0em 0em 3em;\">\n<div style=\"display: inline-block; margin: 0em 0.8em 0em 1.2em;\"><img loading=\"lazy\" decoding=\"async\" class=\"alignnone wp-image-2108 size-medium\" src=\"https:\/\/www.sik.fi\/wp-content\/uploads\/2023\/02\/santeri-300x200.jpg\" alt=\"\" width=\"300\" height=\"200\" srcset=\"https:\/\/www.sik.fi\/wp-content\/uploads\/2023\/02\/santeri-300x200.jpg 300w, https:\/\/www.sik.fi\/wp-content\/uploads\/2023\/02\/santeri-768x512.jpg 768w, https:\/\/www.sik.fi\/wp-content\/uploads\/2023\/02\/santeri.jpg 938w\" sizes=\"auto, (max-width: 300px) 100vw, 300px\" \/>\n<p>\u00a0<\/p>\n<p class=\"sik-name\" style=\"font-size: 1.33em; margin: 0em 0em 0em 0.5em;\">Santeri Lev\u00e4inen<\/p>\n<p class=\"sik-name\" style=\"font-size: 1.33em; margin: 0em 0em 0em 0.5em;\">Puheenjohtaja<\/p>\n<p><a href=\"mailto:puheenjohtaja (at) sik.fi\">puheenjohtaja (\u00e4t) sik.fi<\/a><\/p>\n<p>\u00a0<\/p>\n<\/div>\n<div style=\"display: inline-block; margin: 0em 0.8em 0em 1.2em;\"><img loading=\"lazy\" decoding=\"async\" class=\"alignnone wp-image-2107 size-medium\" src=\"https:\/\/www.sik.fi\/wp-content\/uploads\/2023\/02\/carla-300x200.jpg\" alt=\"\" width=\"300\" height=\"200\" srcset=\"https:\/\/www.sik.fi\/wp-content\/uploads\/2023\/02\/carla-300x200.jpg 300w, https:\/\/www.sik.fi\/wp-content\/uploads\/2023\/02\/carla-768x512.jpg 768w, https:\/\/www.sik.fi\/wp-content\/uploads\/2023\/02\/carla.jpg 938w\" sizes=\"auto, (max-width: 300px) 100vw, 300px\" \/>\n<p>\u00a0<\/p>\n<p class=\"sik-name\" style=\"font-size: 1.33em; margin: 0em 0em 0em 0.5em;\">Carla Kleemola<\/p>\n<p class=\"sik-pesti\" style=\"font-size: 1.33em; margin: 0em 0em 0em 0.5em;\">Sihteeri<\/p>\n<p><a href=\"mailto:sihteeri (at) sik.fi\">sihteeri (\u00e4t) sik.fi<\/a><\/p>\n<p>\u00a0<\/p>\n<\/div>\n<div style=\"display: inline-block; margin: 0em 0.8em 0em 1.2em;\"><img loading=\"lazy\" decoding=\"async\" class=\"alignnone wp-image-1674 \" src=\"https:\/\/www.sik.fi\/wp-content\/uploads\/2021\/01\/sik_hahmo-300x300.png\" alt=\"\" width=\"206\" height=\"206\" srcset=\"https:\/\/www.sik.fi\/wp-content\/uploads\/2021\/01\/sik_hahmo-300x300.png 300w, https:\/\/www.sik.fi\/wp-content\/uploads\/2021\/01\/sik_hahmo-150x150.png 150w, https:\/\/www.sik.fi\/wp-content\/uploads\/2021\/01\/sik_hahmo-768x768.png 768w, https:\/\/www.sik.fi\/wp-content\/uploads\/2021\/01\/sik_hahmo-200x200.png 200w, https:\/\/www.sik.fi\/wp-content\/uploads\/2021\/01\/sik_hahmo.png 901w\" sizes=\"auto, (max-width: 206px) 100vw, 206px\" \/>\n<p>\u00a0<\/p>\n<p class=\"sik-name\" style=\"font-size: 1.33em; margin: 0em 0em 0em 0.5em;\">Jan \u00c4\u00e4rel\u00e4<\/p>\n<p class=\"sik-pesti\" style=\"font-size: 1.33em; margin: 0em 0em 0em 0.5em;\">Rahastonhoitaja<\/p>\n<p><a href=\"mailto:rahastonhoitaja (at) sik.fi\">rahastonhoitaja (\u00e4t) sik.fi<\/a><\/p>\n<p>\u00a0<\/p>\n<\/div>\n<div style=\"display: inline-block; margin: 0em 0.8em 0em 1.2em;\"><img loading=\"lazy\" decoding=\"async\" class=\"alignnone wp-image-2109 \" src=\"https:\/\/www.sik.fi\/wp-content\/uploads\/2023\/02\/frans-300x232.png\" alt=\"\" width=\"258\" height=\"199\" srcset=\"https:\/\/www.sik.fi\/wp-content\/uploads\/2023\/02\/frans-300x232.png 300w, https:\/\/www.sik.fi\/wp-content\/uploads\/2023\/02\/frans-768x595.png 768w, https:\/\/www.sik.fi\/wp-content\/uploads\/2023\/02\/frans-258x200.png 258w, https:\/\/www.sik.fi\/wp-content\/uploads\/2023\/02\/frans.png 807w\" sizes=\"auto, (max-width: 258px) 100vw, 258px\" \/>\n<p>\u00a0<\/p>\n<p class=\"sik-name\" style=\"font-size: 1.33em; margin: 0em 0em 0em 0.5em;\">Frans H\u00e4rk\u00f6nen<\/p>\n<p class=\"sik-pesti\" style=\"font-size: 1.33em; margin: 0em 0em 0em 0.5em;\">Fuksivastaava<\/p>\n<p><a href=\"mailto:fuksivastaava (at) sik.fi\">fuksivastaava (\u00e4t) sik.fi<\/a><\/p>\n<p>\u00a0<\/p>\n<\/div>\n<div style=\"display: inline-block; margin: 0em 0.8em 0em 1.2em;\"><img loading=\"lazy\" decoding=\"async\" class=\"alignnone wp-image-2110 size-medium\" src=\"https:\/\/www.sik.fi\/wp-content\/uploads\/2023\/02\/miika-300x200.jpg\" alt=\"\" width=\"300\" height=\"200\" srcset=\"https:\/\/www.sik.fi\/wp-content\/uploads\/2023\/02\/miika-300x200.jpg 300w, https:\/\/www.sik.fi\/wp-content\/uploads\/2023\/02\/miika-768x512.jpg 768w, https:\/\/www.sik.fi\/wp-content\/uploads\/2023\/02\/miika.jpg 938w\" sizes=\"auto, (max-width: 300px) 100vw, 300px\" \/>\n<p>\u00a0<\/p>\n<p class=\"sik-name\" style=\"font-size: 1.33em; margin: 0em 0em 0em 0.5em;\">Miika Kainuharju<\/p>\n<p class=\"sik-pesti\" style=\"font-size: 1.33em; margin: 0em 0em 0em 0.5em;\">Teekkarivastaava<\/p>\n<p><a href=\"mailto:teekkarivastaava (at) sik.fi\">teekkarivastaava (\u00e4t) sik.fi<\/a><\/p>\n<p>\u00a0<\/p>\n<\/div>\n<div style=\"display: inline-block; margin: 0em 0.8em 0em 1.2em;\"><img loading=\"lazy\" decoding=\"async\" class=\"alignnone wp-image-1716 \" src=\"https:\/\/www.sik.fi\/wp-content\/uploads\/2021\/02\/Matias_lowres-300x300.jpg\" alt=\"\" width=\"254\" height=\"254\" srcset=\"https:\/\/www.sik.fi\/wp-content\/uploads\/2021\/02\/Matias_lowres-300x300.jpg 300w, https:\/\/www.sik.fi\/wp-content\/uploads\/2021\/02\/Matias_lowres-150x150.jpg 150w, https:\/\/www.sik.fi\/wp-content\/uploads\/2021\/02\/Matias_lowres-768x766.jpg 768w, https:\/\/www.sik.fi\/wp-content\/uploads\/2021\/02\/Matias_lowres-200x200.jpg 200w, https:\/\/www.sik.fi\/wp-content\/uploads\/2021\/02\/Matias_lowres.jpg 1000w\" sizes=\"auto, (max-width: 254px) 100vw, 254px\" \/>\n<p>\u00a0<\/p>\n<p class=\"sik-name\" style=\"font-size: 1.33em; margin: 0em 0em 0em 0.5em;\">Matias Hasa<\/p>\n<p class=\"sik-pesti\" style=\"font-size: 1.33em; margin: 0em 0em 0em 0.5em;\">Opintovastaava<\/p>\n<p><a href=\"mailto:opintovastaava (at) sik.fi\">opintovastaava (\u00e4t) sik.fi<\/a><\/p>\n<p>\u00a0<\/p>\n<\/div>\n<div style=\"display: inline-block; margin: 0em 0.8em 0em 1.2em;\"><img loading=\"lazy\" decoding=\"async\" class=\"alignnone wp-image-1674 \" src=\"https:\/\/www.sik.fi\/wp-content\/uploads\/2021\/01\/sik_hahmo-300x300.png\" alt=\"\" width=\"200\" height=\"200\" srcset=\"https:\/\/www.sik.fi\/wp-content\/uploads\/2021\/01\/sik_hahmo-300x300.png 300w, https:\/\/www.sik.fi\/wp-content\/uploads\/2021\/01\/sik_hahmo-150x150.png 150w, https:\/\/www.sik.fi\/wp-content\/uploads\/2021\/01\/sik_hahmo-768x768.png 768w, https:\/\/www.sik.fi\/wp-content\/uploads\/2021\/01\/sik_hahmo-200x200.png 200w, https:\/\/www.sik.fi\/wp-content\/uploads\/2021\/01\/sik_hahmo.png 901w\" sizes=\"auto, (max-width: 200px) 100vw, 200px\" \/>\n<p>\u00a0<\/p>\n<p class=\"sik-name\" style=\"font-size: 1.33em; margin: 0em 0em 0em 0.5em;\">Viivi Korpela<\/p>\n<p class=\"sik-pesti\" style=\"font-size: 1.33em; margin: 0em 0em 0em 0.5em;\">Tiedotusvastaava<\/p>\n<p><a href=\"mailto:tiedotusvastaava (at) sik.fi\">tiedotusvastaava (\u00e4t) sik.fi<\/a><\/p>\n<p>\u00a0<\/p>\n<\/div>\n<div style=\"display: inline-block; margin: 0em 0.8em 0em 1.2em;\">\n<p><img loading=\"lazy\" decoding=\"async\" class=\"alignnone wp-image-2111 size-medium\" src=\"https:\/\/www.sik.fi\/wp-content\/uploads\/2023\/02\/jaakko-300x200.jpg\" alt=\"\" width=\"300\" height=\"200\" srcset=\"https:\/\/www.sik.fi\/wp-content\/uploads\/2023\/02\/jaakko-300x200.jpg 300w, https:\/\/www.sik.fi\/wp-content\/uploads\/2023\/02\/jaakko-768x512.jpg 768w, https:\/\/www.sik.fi\/wp-content\/uploads\/2023\/02\/jaakko.jpg 938w\" sizes=\"auto, (max-width: 300px) 100vw, 300px\" \/><\/p>\n<p>\u00a0<\/p>\n<p class=\"sik-name\" style=\"font-size: 1.33em; margin: 0em 0em 0em 0.5em;\">Jaakko Koskela<\/p>\n<p class=\"sik-pesti\" style=\"font-size: 1.33em; margin: 0em 0em 0em 0.5em;\">Kiltamestari<\/p>\n<p><a href=\"mailto:kiltamestari (at) sik.fi\">kiltamestari (\u00e4t) sik.fi<\/a><\/p>\n<p>\u00a0<\/p>\n<\/div>\n<div style=\"display: inline-block; margin: 0em 0.8em 0em 1.2em;\"><img loading=\"lazy\" decoding=\"async\" class=\"alignnone wp-image-2112 size-medium\" src=\"https:\/\/www.sik.fi\/wp-content\/uploads\/2023\/02\/jarno-300x200.jpg\" alt=\"\" width=\"300\" height=\"200\" srcset=\"https:\/\/www.sik.fi\/wp-content\/uploads\/2023\/02\/jarno-300x200.jpg 300w, https:\/\/www.sik.fi\/wp-content\/uploads\/2023\/02\/jarno-768x512.jpg 768w, https:\/\/www.sik.fi\/wp-content\/uploads\/2023\/02\/jarno.jpg 938w\" sizes=\"auto, (max-width: 300px) 100vw, 300px\" \/>\n<p>\u00a0<\/p>\n<p class=\"sik-name\" style=\"font-size: 1.33em; margin: 0em 0em 0em 0.5em;\">Jarno Huotari<\/p>\n<p class=\"sik-pesti\" style=\"font-size: 1.33em; margin: 0em 0em 0em 0.5em;\">Excursiomestari<\/p>\n<p><a href=\"mailto:excursiomestari (at) sik.fi\">excursiomestari (\u00e4t) sik.fi<\/a><\/p>\n<p>\u00a0<\/p>\n<\/div>\n<div style=\"display: inline-block; margin: 0em 0.8em 0em 1.2em;\"><img loading=\"lazy\" decoding=\"async\" class=\"alignnone wp-image-2113 size-medium\" src=\"https:\/\/www.sik.fi\/wp-content\/uploads\/2023\/02\/elina-300x200.jpg\" alt=\"\" width=\"300\" height=\"200\" srcset=\"https:\/\/www.sik.fi\/wp-content\/uploads\/2023\/02\/elina-300x200.jpg 300w, https:\/\/www.sik.fi\/wp-content\/uploads\/2023\/02\/elina-768x512.jpg 768w, https:\/\/www.sik.fi\/wp-content\/uploads\/2023\/02\/elina.jpg 938w\" sizes=\"auto, (max-width: 300px) 100vw, 300px\" \/>\n<p>\u00a0<\/p>\n<p class=\"sik-name\" style=\"font-size: 1.33em; margin: 0em 0em 0em 0.5em;\">Elina Mannermaa<\/p>\n<p class=\"sik-pesti\" style=\"font-size: 1.33em; margin: 0em 0em 0em 0.5em;\">Kuningasjuottaja<\/p>\n<p><a href=\"mailto:kuningasjuottaja (at) sik.fi\">kuningasjuottaja (\u00e4t) sik.fi<\/a><\/p>\n<p>\u00a0<\/p>\n<\/div>\n<div style=\"display: inline-block; margin: 0em 0.8em 0em 1.2em;\"><img loading=\"lazy\" decoding=\"async\" class=\"alignnone wp-image-2016 size-medium\" src=\"https:\/\/www.sik.fi\/wp-content\/uploads\/2022\/06\/anders-222x300.jpg\" alt=\"\" width=\"222\" height=\"300\" srcset=\"https:\/\/www.sik.fi\/wp-content\/uploads\/2022\/06\/anders-222x300.jpg 222w, https:\/\/www.sik.fi\/wp-content\/uploads\/2022\/06\/anders-757x1024.jpg 757w, https:\/\/www.sik.fi\/wp-content\/uploads\/2022\/06\/anders-768x1038.jpg 768w, https:\/\/www.sik.fi\/wp-content\/uploads\/2022\/06\/anders-148x200.jpg 148w, https:\/\/www.sik.fi\/wp-content\/uploads\/2022\/06\/anders.jpg 1000w\" sizes=\"auto, (max-width: 222px) 100vw, 222px\" \/>\n<p>\u00a0<\/p>\n<p class=\"sik-name\" style=\"font-size: 1.33em; margin: 0em 0em 0em 0.5em;\">Anders Nikula<\/p>\n<p class=\"sik-pesti\" style=\"font-size: 1.33em; margin: 0em 0em 0em 0.5em;\">Suhdevastaava<\/p>\n<p><a href=\"mailto:suhdevastaava (at) sik.fi\">suhdevastaava (\u00e4t) sik.fi<\/a><\/p>\n<p>\u00a0<\/p>\n<\/div>\n<\/div>\n\n\n<p><\/p>\n","protected":false},"excerpt":{"rendered":"<p>\u00a0 Santeri Lev\u00e4inen Puheenjohtaja puheenjohtaja (\u00e4t) sik.fi \u00a0 \u00a0 Carla Kleemola Sihteeri sihteeri (\u00e4t) sik.fi \u00a0 \u00a0 Jan \u00c4\u00e4rel\u00e4 Rahastonhoitaja rahastonhoitaja (\u00e4t) sik.fi \u00a0 \u00a0 Frans H\u00e4rk\u00f6nen Fuksivastaava fuksivastaava (\u00e4t) sik.fi \u00a0 \u00a0 Miika Kainuharju Teekkarivastaava teekkarivastaava (\u00e4t) sik.fi \u00a0 \u00a0 Matias Hasa Opintovastaava opintovastaava (\u00e4t) sik.fi \u00a0 \u00a0 Viivi &hellip;<\/p>\n","protected":false},"author":1,"featured_media":0,"parent":0,"menu_order":0,"comment_status":"closed","ping_status":"closed","template":"","meta":{"footnotes":""},"class_list":["post-1487","page","type-page","status-publish","hentry"],"_links":{"self":[{"href":"https:\/\/www.sik.fi\/index.php?rest_route=\/wp\/v2\/pages\/1487","targetHints":{"allow":["GET"]}}],"collection":[{"href":"https:\/\/www.sik.fi\/index.php?rest_route=\/wp\/v2\/pages"}],"about":[{"href":"https:\/\/www.sik.fi\/index.php?rest_route=\/wp\/v2\/types\/page"}],"author":[{"embeddable":true,"href":"https:\/\/www.sik.fi\/index.php?rest_route=\/wp\/v2\/users\/1"}],"replies":[{"embeddable":true,"href":"https:\/\/www.sik.fi\/index.php?rest_route=%2Fwp%2Fv2%2Fcomments&post=1487"}],"version-history":[{"count":23,"href":"https:\/\/www.sik.fi\/index.php?rest_route=\/wp\/v2\/pages\/1487\/revisions"}],"predecessor-version":[{"id":2250,"href":"https:\/\/www.sik.fi\/index.php?rest_route=\/wp\/v2\/pages\/1487\/revisions\/2250"}],"wp:attachment":[{"href":"https:\/\/www.sik.fi\/index.php?rest_route=%2Fwp%2Fv2%2Fmedia&parent=1487"}],"curies":[{"name":"wp","href":"https:\/\/api.w.org\/{rel}","templated":true}]}}