{"id":1540,"date":"2020-03-25T00:00:37","date_gmt":"2020-03-24T21:00:37","guid":{"rendered":"https:\/\/www.sik.fi\/?page_id=1540"},"modified":"2021-04-18T15:00:48","modified_gmt":"2021-04-18T12:00:48","slug":"tapahtumakalenteri-kehitys","status":"publish","type":"page","link":"https:\/\/www.sik.fi\/?page_id=1540","title":{"rendered":"Tapahtumakalenteri"},"content":{"rendered":"<div class=\"r34ics-ajax-container loading\" id=\"r69f610180cc7ede\" data-view=\"month\" data-view-is-list-style=\"0\" data-view-is-list-long=\"0\" data-args=\"10fd94d036803d38f90dcd95a1b71c30478e45f5\" data-js-args=\"{&quot;debug&quot;:null}\">&nbsp;<\/div>\n<p>Voit k\u00e4ytt\u00e4\u00e4 t\u00e4t\u00e4 linkki\u00e4 S\u00e4hk\u00f6insin\u00f6\u00f6rikillan tapahtumakalenterin lis\u00e4\u00e4miseksi Tuudoon, Outlookiin tai valitsemaasi ics-asiakkaaseen: <a href=\"https:\/\/calendar.google.com\/calendar\/ical\/ftkn6mud1vp4ceoi1mmifnej8k%40group.calendar.google.com\/public\/basic.ics\">https:\/\/calendar.google.com\/calendar\/ical\/ftkn6mud1vp4ceoi1mmifnej8k%40group.calendar.google.com\/public\/basic.ics<\/a><\/p>\n\n\n<p><\/p>\n","protected":false},"excerpt":{"rendered":"<p>Voit k\u00e4ytt\u00e4\u00e4 t\u00e4t\u00e4 linkki\u00e4 S\u00e4hk\u00f6insin\u00f6\u00f6rikillan tapahtumakalenterin lis\u00e4\u00e4miseksi Tuudoon, Outlookiin tai valitsemaasi ics-asiakkaaseen: https:\/\/calendar.google.com\/calendar\/ical\/ftkn6mud1vp4ceoi1mmifnej8k%40group.calendar.google.com\/public\/basic.ics<\/p>\n","protected":false},"author":1,"featured_media":0,"parent":0,"menu_order":0,"comment_status":"closed","ping_status":"closed","template":"","meta":{"footnotes":""},"class_list":["post-1540","page","type-page","status-publish","hentry"],"_links":{"self":[{"href":"https:\/\/www.sik.fi\/index.php?rest_route=\/wp\/v2\/pages\/1540","targetHints":{"allow":["GET"]}}],"collection":[{"href":"https:\/\/www.sik.fi\/index.php?rest_route=\/wp\/v2\/pages"}],"about":[{"href":"https:\/\/www.sik.fi\/index.php?rest_route=\/wp\/v2\/types\/page"}],"author":[{"embeddable":true,"href":"https:\/\/www.sik.fi\/index.php?rest_route=\/wp\/v2\/users\/1"}],"replies":[{"embeddable":true,"href":"https:\/\/www.sik.fi\/index.php?rest_route=%2Fwp%2Fv2%2Fcomments&post=1540"}],"version-history":[{"count":25,"href":"https:\/\/www.sik.fi\/index.php?rest_route=\/wp\/v2\/pages\/1540\/revisions"}],"predecessor-version":[{"id":1861,"href":"https:\/\/www.sik.fi\/index.php?rest_route=\/wp\/v2\/pages\/1540\/revisions\/1861"}],"wp:attachment":[{"href":"https:\/\/www.sik.fi\/index.php?rest_route=%2Fwp%2Fv2%2Fmedia&parent=1540"}],"curies":[{"name":"wp","href":"https:\/\/api.w.org\/{rel}","templated":true}]}}