{"id":1556,"date":"2020-03-25T01:33:29","date_gmt":"2020-03-24T22:33:29","guid":{"rendered":"https:\/\/www.sik.fi\/?page_id=1556"},"modified":"2021-04-18T15:02:48","modified_gmt":"2021-04-18T12:02:48","slug":"event-calendar","status":"publish","type":"page","link":"https:\/\/www.sik.fi\/?page_id=1556&lang=en","title":{"rendered":"Event calendar"},"content":{"rendered":"<div class=\"r34ics-ajax-container loading\" id=\"r69deab59ab22a8c\" data-view=\"month\" data-view-is-list-style=\"0\" data-view-is-list-long=\"0\" data-args=\"aefd02bcb935a354df31f86c2c18ae4c20044670\" data-js-args=\"{&quot;debug&quot;:null}\">&nbsp;<\/div>\n<p>You can use this link to add the S\u00e4hk\u00f6insin\u00f6\u00f6rikilta event calendar to Tuudo, Outlook or the ics-client of your preference: <a href=\"https:\/\/calendar.google.com\/calendar\/ical\/ftkn6mud1vp4ceoi1mmifnej8k%40group.calendar.google.com\/public\/basic.ics\">https:\/\/calendar.google.com\/calendar\/ical\/ftkn6mud1vp4ceoi1mmifnej8k%40group.calendar.google.com\/public\/basic.ics<\/a><\/p>\n\n\n<p><\/p>\n","protected":false},"excerpt":{"rendered":"<p>You can use this link to add the S\u00e4hk\u00f6insin\u00f6\u00f6rikilta event calendar to Tuudo, Outlook or the ics-client of your preference: https:\/\/calendar.google.com\/calendar\/ical\/ftkn6mud1vp4ceoi1mmifnej8k%40group.calendar.google.com\/public\/basic.ics<\/p>\n","protected":false},"author":1,"featured_media":0,"parent":0,"menu_order":0,"comment_status":"closed","ping_status":"closed","template":"","meta":{"footnotes":""},"class_list":["post-1556","page","type-page","status-publish","hentry"],"_links":{"self":[{"href":"https:\/\/www.sik.fi\/index.php?rest_route=\/wp\/v2\/pages\/1556","targetHints":{"allow":["GET"]}}],"collection":[{"href":"https:\/\/www.sik.fi\/index.php?rest_route=\/wp\/v2\/pages"}],"about":[{"href":"https:\/\/www.sik.fi\/index.php?rest_route=\/wp\/v2\/types\/page"}],"author":[{"embeddable":true,"href":"https:\/\/www.sik.fi\/index.php?rest_route=\/wp\/v2\/users\/1"}],"replies":[{"embeddable":true,"href":"https:\/\/www.sik.fi\/index.php?rest_route=%2Fwp%2Fv2%2Fcomments&post=1556"}],"version-history":[{"count":7,"href":"https:\/\/www.sik.fi\/index.php?rest_route=\/wp\/v2\/pages\/1556\/revisions"}],"predecessor-version":[{"id":1865,"href":"https:\/\/www.sik.fi\/index.php?rest_route=\/wp\/v2\/pages\/1556\/revisions\/1865"}],"wp:attachment":[{"href":"https:\/\/www.sik.fi\/index.php?rest_route=%2Fwp%2Fv2%2Fmedia&parent=1556"}],"curies":[{"name":"wp","href":"https:\/\/api.w.org\/{rel}","templated":true}]}}