{"id":163,"date":"2012-03-28T11:52:42","date_gmt":"2012-03-28T11:52:42","guid":{"rendered":"http:\/\/uusi.sik.fi\/index.php\/2012\/03\/28\/tenttiarkisto\/"},"modified":"2022-02-01T17:26:46","modified_gmt":"2022-02-01T15:26:46","slug":"tenttiarkisto","status":"publish","type":"page","link":"https:\/\/www.sik.fi\/?page_id=163","title":{"rendered":"Tenttiarkisto"},"content":{"rendered":"<div><img loading=\"lazy\" decoding=\"async\" class=\" alignright size-full wp-image-162\" style=\"float: right;\" src=\"https:\/\/www.sik.fi\/wp-content\/uploads\/sivusto\/3c2ac928.jpg\" width=\"230\" height=\"144\" border=\"0\" \/><\/p>\n<p>S\u00e4hk\u00f6insin\u00f6\u00f6rikillan tarjoamat tenttiarkistot l\u00f6ytyv\u00e4t osoitteesta <a href=\"https:\/\/tentit.sik.fi\/tenttiarkisto\/\">https:\/\/tentit.sik.fi\/tenttiarkisto\/.<\/a><\/p>\n<\/div>\n<p>Tenttiarkiston yll\u00e4pidosta vastaa killan opintovastaava ja h\u00e4nelle voi toimittaa tenttej\u00e4 arkistoitavaksi.<\/p>\n<div>\n<\/div>\n","protected":false},"excerpt":{"rendered":"<p>S\u00e4hk\u00f6insin\u00f6\u00f6rikillan tarjoamat tenttiarkistot l\u00f6ytyv\u00e4t osoitteesta https:\/\/tentit.sik.fi\/tenttiarkisto\/. Tenttiarkiston yll\u00e4pidosta vastaa killan opintovastaava ja h\u00e4nelle voi toimittaa tenttej\u00e4 arkistoitavaksi.<\/p>\n","protected":false},"author":1,"featured_media":162,"parent":0,"menu_order":39,"comment_status":"closed","ping_status":"open","template":"","meta":{"footnotes":""},"class_list":["post-163","page","type-page","status-publish","has-post-thumbnail","hentry"],"_links":{"self":[{"href":"https:\/\/www.sik.fi\/index.php?rest_route=\/wp\/v2\/pages\/163","targetHints":{"allow":["GET"]}}],"collection":[{"href":"https:\/\/www.sik.fi\/index.php?rest_route=\/wp\/v2\/pages"}],"about":[{"href":"https:\/\/www.sik.fi\/index.php?rest_route=\/wp\/v2\/types\/page"}],"author":[{"embeddable":true,"href":"https:\/\/www.sik.fi\/index.php?rest_route=\/wp\/v2\/users\/1"}],"replies":[{"embeddable":true,"href":"https:\/\/www.sik.fi\/index.php?rest_route=%2Fwp%2Fv2%2Fcomments&post=163"}],"version-history":[{"count":3,"href":"https:\/\/www.sik.fi\/index.php?rest_route=\/wp\/v2\/pages\/163\/revisions"}],"predecessor-version":[{"id":1971,"href":"https:\/\/www.sik.fi\/index.php?rest_route=\/wp\/v2\/pages\/163\/revisions\/1971"}],"wp:featuredmedia":[{"embeddable":true,"href":"https:\/\/www.sik.fi\/index.php?rest_route=\/wp\/v2\/media\/162"}],"wp:attachment":[{"href":"https:\/\/www.sik.fi\/index.php?rest_route=%2Fwp%2Fv2%2Fmedia&parent=163"}],"curies":[{"name":"wp","href":"https:\/\/api.w.org\/{rel}","templated":true}]}}