{"id":165,"date":"2012-03-28T11:53:14","date_gmt":"2012-03-28T11:53:14","guid":{"rendered":"http:\/\/uusi.sik.fi\/index.php\/2012\/03\/28\/kiltahuone\/"},"modified":"2021-02-28T23:12:00","modified_gmt":"2021-02-28T21:12:00","slug":"kiltahuone","status":"publish","type":"page","link":"https:\/\/www.sik.fi\/?page_id=165","title":{"rendered":"Kiltahuone"},"content":{"rendered":"<p>Kiltahuone on s\u00e4hk\u00f6l\u00e4isten toinen koti. Kiltikselt\u00e4 l\u00f6yd\u00e4t kaiken tarpeellisen kahvista kavereihin. Kiltahuone sijaitsee vanhaa yliopistopainoa vastap\u00e4\u00e4t\u00e4, J2-oven portaikosta kombeihin. Raskaan ty\u00f6n v\u00e4sytt\u00e4mien opiskelijoiden viihtyvyydest\u00e4 vastaavat ylti\u00f6pehme\u00e4t sohvat, p\u00f6yt\u00e4l\u00e4tk\u00e4, dartstaulu, lukuisat lehdet sek\u00e4 j\u00e4\u00e4kaappi sis\u00e4lt\u00f6ineen.<\/p>\n<p>Kiltahuone on liitetty langattomaan verkkoon (SSID: pano-ulu). Jos omistat tarvittavat pelit ja pensselit, niin voit surffata netiss\u00e4 langattomasti maan alla.<\/p>\n<p>Kiltahuoneen takakopista voit ostaa haalarimerkkej\u00e4mme.<\/p>\n<p><a href=\"https:\/\/www.sik.fi\/?page_id=116\">Haalarimerkit<\/a><\/p>\n<p><a href=\"https:\/\/www.sik.fi\/?page_id=198\">Kiltahuoneen j\u00e4rjestyss\u00e4\u00e4n\u00f6t<\/a><\/p>\n","protected":false},"excerpt":{"rendered":"<p>Kiltahuone on s\u00e4hk\u00f6l\u00e4isten toinen koti. Kiltikselt\u00e4 l\u00f6yd\u00e4t kaiken tarpeellisen kahvista kavereihin. Kiltahuone sijaitsee vanhaa yliopistopainoa vastap\u00e4\u00e4t\u00e4, J2-oven portaikosta kombeihin. Raskaan ty\u00f6n v\u00e4sytt\u00e4mien opiskelijoiden viihtyvyydest\u00e4 vastaavat ylti\u00f6pehme\u00e4t sohvat, p\u00f6yt\u00e4l\u00e4tk\u00e4, dartstaulu, lukuisat lehdet sek\u00e4 j\u00e4\u00e4kaappi sis\u00e4lt\u00f6ineen. Kiltahuone on liitetty langattomaan verkkoon (SSID: pano-ulu). Jos omistat tarvittavat pelit ja pensselit, niin voit surffata &hellip;<\/p>\n","protected":false},"author":1,"featured_media":0,"parent":0,"menu_order":37,"comment_status":"closed","ping_status":"open","template":"","meta":{"footnotes":""},"class_list":["post-165","page","type-page","status-publish","hentry"],"_links":{"self":[{"href":"https:\/\/www.sik.fi\/index.php?rest_route=\/wp\/v2\/pages\/165","targetHints":{"allow":["GET"]}}],"collection":[{"href":"https:\/\/www.sik.fi\/index.php?rest_route=\/wp\/v2\/pages"}],"about":[{"href":"https:\/\/www.sik.fi\/index.php?rest_route=\/wp\/v2\/types\/page"}],"author":[{"embeddable":true,"href":"https:\/\/www.sik.fi\/index.php?rest_route=\/wp\/v2\/users\/1"}],"replies":[{"embeddable":true,"href":"https:\/\/www.sik.fi\/index.php?rest_route=%2Fwp%2Fv2%2Fcomments&post=165"}],"version-history":[{"count":2,"href":"https:\/\/www.sik.fi\/index.php?rest_route=\/wp\/v2\/pages\/165\/revisions"}],"predecessor-version":[{"id":1583,"href":"https:\/\/www.sik.fi\/index.php?rest_route=\/wp\/v2\/pages\/165\/revisions\/1583"}],"wp:attachment":[{"href":"https:\/\/www.sik.fi\/index.php?rest_route=%2Fwp%2Fv2%2Fmedia&parent=165"}],"curies":[{"name":"wp","href":"https:\/\/api.w.org\/{rel}","templated":true}]}}