{"id":1664,"date":"2021-01-21T21:46:38","date_gmt":"2021-01-21T19:46:38","guid":{"rendered":"https:\/\/www.sik.fi\/?page_id=1664"},"modified":"2025-08-04T19:27:52","modified_gmt":"2025-08-04T16:27:52","slug":"saannot","status":"publish","type":"page","link":"https:\/\/www.sik.fi\/?page_id=1664","title":{"rendered":"S\u00e4\u00e4nn\u00f6t"},"content":{"rendered":"\n<p>Hyv\u00e4ksytty S\u00e4hk\u00f6insin\u00f6\u00f6rikilta ry:n ylim\u00e4\u00e4r\u00e4isess\u00e4 kokouksessa 24.5.2025.<br>Sivu on p\u00e4ivitetty 4.8.2025.<br><br><strong>I LUKU \u2013 YLEISI\u00c4 S\u00c4\u00c4NN\u00d6KSI\u00c4<\/strong><\/p>\n\n\n\n<p><strong>1 \u00a7 Yhdistyksen nimi<\/strong><\/p>\n\n\n\n<p>Yhdistyksen nimi on S\u00e4hk\u00f6insin\u00f6\u00f6rikilta ry. Yhdistyksest\u00e4 k\u00e4ytet\u00e4\u00e4n n\u00e4iss\u00e4 s\u00e4\u00e4nn\u00f6iss\u00e4 nimityst\u00e4 kilta.<\/p>\n\n\n\n<p><strong>2 \u00a7 Killan tarkoitus<\/strong><\/p>\n\n\n\n<p>Killan tarkoituksena on toimia Oulun yliopiston Tieto- ja s\u00e4hk\u00f6tekniikan tiedekunnan s\u00e4hk\u00f6tekniikan,&nbsp;elektroniikan ja tietoliikennetekniikan koulutusohjelmien opiskelijoiden yhdyssiteen\u00e4. Kilta pyrkii toiminnallaan her\u00e4tt\u00e4m\u00e4\u00e4n ja yll\u00e4pit\u00e4m\u00e4\u00e4n j\u00e4sentens\u00e4 harrastusta ammatillisiin, sivistyksellisiin ja yleisiin yhteiskunnallisiin kysymyksiin. Kilta ajaa j\u00e4sentens\u00e4 etuja yliopistossa ja ammatillisissa yhteis\u00f6iss\u00e4 sek\u00e4 pit\u00e4\u00e4 yll\u00e4 suhteita muihin, erityisesti saman alan koti- ja ulkomaisiin j\u00e4rjest\u00f6ihin. Kilta valvoo j\u00e4sentens\u00e4 keskuudessa j\u00e4rjestyst\u00e4 ja siveellist\u00e4 ryhti\u00e4 sek\u00e4 yll\u00e4pit\u00e4\u00e4 tervett\u00e4 teekkarihenke\u00e4.<\/p>\n\n\n\n<p><strong>3 \u00a7 Killan toiminta<\/strong><\/p>\n\n\n\n<p>Tarkoituksensa toteuttamiseksi kilta harjoittaa j\u00e4sentens\u00e4 ammatillisen ja yhteiskunnallisen tietouden lis\u00e4\u00e4miseksi koulutus-, tiedotus- ja julkaisutoimintaa. Kilta v\u00e4litt\u00e4\u00e4 j\u00e4senilleen voittoa tavoittelematta opintomateriaalia, j\u00e4rjest\u00e4\u00e4 opintoretki\u00e4 ja harjoittelupaikkojen v\u00e4lityst\u00e4, yll\u00e4pit\u00e4\u00e4 kerhoja ja harrastuspiirej\u00e4, j\u00e4rjest\u00e4\u00e4 urheilu- ja liikuntatilaisuuksia sek\u00e4 huvi- ja kulttuuritilaisuuksia. Kilta voi toimintansa tukemiseksi harjoittaa arpajaistoimintaa, j\u00e4rjest\u00e4\u00e4 myyj\u00e4isi\u00e4, maksullisia huvitilaisuuksia ja muita samantapaisia tempauksia.<\/p>\n\n\n\n<p>Kilta voi omistaa toimintaansa varten tarpeellisen kiinteist\u00f6n tai muun toimitilan.<\/p>\n\n\n\n<p><strong>4 \u00a7 Killan kotipaikka ja kieli<\/strong><\/p>\n\n\n\n<p>Killan kotipaikka on Oulun kaupunki ja killan virallinen kieli on suomi.<\/p>\n\n\n\n<p><strong>5 \u00a7 Yhteydet muihin yhteis\u00f6ihin<\/strong><\/p>\n\n\n\n<p>Kilta on yhteisty\u00f6ss\u00e4 Oulun yliopiston ylioppilaskunnan ja Oulun Teekkariyhdistys ry:n kanssa ja noudattaa toiminnassaan niit\u00e4 koskevia s\u00e4\u00e4nn\u00f6ksi\u00e4.<\/p>\n\n\n\n<p><strong>II LUKU \u2013 KILLAN J\u00c4SENET<\/strong><\/p>\n\n\n\n<p><strong>6 \u00a7 Killan j\u00e4senet<\/strong><\/p>\n\n\n\n<p>Killan varsinaiset j\u00e4senet: Killan varsinaisia j\u00e4seni\u00e4 ovat kaikki Oulun yliopiston Tieto- ja s\u00e4hk\u00f6tekniikan tiedekunnan s\u00e4hk\u00f6tekniikan, elektroniikan ja tietoliikennetekniikan tutkinto-ohjelman (TkK + DI, sek\u00e4 maisteriohjelma) opiskelijat, joiden j\u00e4senhakemuksen killan hallitus on hyv\u00e4ksynyt.<\/p>\n\n\n\n<p>Killan seniorij\u00e4sen: Killan varsinaisen j\u00e4senen suoritettua diplomi-insin\u00f6\u00f6rin tutkinnon s\u00e4hk\u00f6tekniikan, elektroniikan ja tietoliikennetekniikan tutkinto-ohjelmassa h\u00e4nest\u00e4 tulee killan seniorij\u00e4sen.<\/p>\n\n\n\n<p>Killan kannatusj\u00e4senet: Kannatusj\u00e4seneksi voidaan hyv\u00e4ksy\u00e4 yksityinen henkil\u00f6 tai oikeuskelpoinen yhteis\u00f6, joka killan tukemiseksi suorittaa killan vaalikokouksen m\u00e4\u00e4r\u00e4\u00e4m\u00e4n vuotuisj\u00e4senmaksun.<\/p>\n\n\n\n<p>Killan kunniaj\u00e4senet: Kilta voi kutsua kunniaj\u00e4senekseen henkil\u00f6n, jolle se haluaa osoittaa kunnioitustaan.<\/p>\n\n\n\n<p><strong>7 \u00a7 J\u00e4senten oikeudet<\/strong><\/p>\n\n\n\n<p>Kaikilla killan j\u00e4senill\u00e4 on l\u00e4sn\u00e4olo- ja puheoikeus killan kokouksessa. Vain killan varsinaisilla j\u00e4senill\u00e4 on \u00e4\u00e4nioikeus killan kokouksessa. Vaalikelpoisia killan kokouksessa ovat varsinaiset j\u00e4senet. Seniorij\u00e4senet ovat vaalikelpoisia ainoastaan killan toimihenkil\u00f6iksi, eiv\u00e4t hallituksen j\u00e4seniksi.<\/p>\n\n\n\n<p><strong>8 \u00a7 J\u00e4senen eroaminen<\/strong><\/p>\n\n\n\n<p>Killan j\u00e4senen, joka haluaa erota killasta, tulee ilmoittaa siit\u00e4 kirjallisesti killan hallitukselle tai sen puheenjohtajalle tai ilmoittaa eroamisesta killan kokouksessa p\u00f6yt\u00e4kirjaan merkitt\u00e4v\u00e4ksi, jolloin h\u00e4net katsotaan eronneeksi killasta ilmoituksen tekemisest\u00e4 lukien.<\/p>\n\n\n\n<p><strong>9 \u00a7 J\u00e4senen erottaminen<\/strong><\/p>\n\n\n\n<p>Killan kokous voi 3\/4 \u00e4\u00e4nten enemmist\u00f6ll\u00e4 erottaa m\u00e4\u00e4r\u00e4ajaksi tai kokonaan j\u00e4senen, joka menettelyll\u00e4\u00e4n killassa tai sen ulkopuolella on huomattavasti vahingoittanut kiltaa.<\/p>\n\n\n\n<p><strong>10 \u00a7 Kurinpito<\/strong><\/p>\n\n\n\n<p>Hallituksen on kutsuttava sopimattomasti k\u00e4ytt\u00e4ytynyt j\u00e4sen kuultavaksi hallituksen kokoukseen ennen kurinpidon toimeenpanoa. Hallitus tai killan kokous voi antaa yksinkertaisen enemmist\u00f6n p\u00e4\u00e4t\u00f6ksell\u00e4 kurinpitomenettelyn\u00e4 kirjallisen varoituksen sopimattomasti k\u00e4ytt\u00e4ytyneelle j\u00e4senelle.<\/p>\n\n\n\n<p>Yksimielisen\u00e4 p\u00e4\u00e4t\u00f6ksen\u00e4 killan hallitus voi kurinpitorangaistuksena m\u00e4\u00e4r\u00e4ajaksi (enint\u00e4\u00e4n kuluvan toimikauden ajaksi) kielt\u00e4\u00e4 killan j\u00e4senelt\u00e4 oikeuden osallistua killan tilaisuuksiin sek\u00e4&nbsp;lis\u00e4ksi \u00e4\u00e4nioikeuden ja vaalikelpoisuuden.<\/p>\n\n\n\n<p>Edell\u00e4 mainituilla tavoilla voidaan menetell\u00e4, jos j\u00e4sen on killassa tai killan ulkopuolella vahingoittanut kiltaa tai k\u00e4ytt\u00e4ytynyt sopimattomasti, tai ei ansaitse killan j\u00e4senelt\u00e4 edellytett\u00e4v\u00e4\u00e4 luottamusta.<\/p>\n\n\n\n<p><strong>11 \u00a7 J\u00e4senmaksut<\/strong><\/p>\n\n\n\n<p>Varsinaisilta j\u00e4senilt\u00e4, seniori- ja kunniaj\u00e4senilt\u00e4 ei perit\u00e4 j\u00e4senmaksua. Kannatusj\u00e4senilt\u00e4 perit\u00e4\u00e4n killan vaalikokouksen vuosittain m\u00e4\u00e4r\u00e4\u00e4m\u00e4 vuotuisj\u00e4senmaksu.<\/p>\n\n\n\n<p><strong>III LUKU \u2013 KILLAN KOKOUKSET<\/strong><\/p>\n\n\n\n<p><strong>12 \u00a7 Killan kokous<\/strong><\/p>\n\n\n\n<p>Ylint\u00e4 p\u00e4\u00e4t\u00f6svaltaa killassa k\u00e4ytt\u00e4\u00e4 killan kokous. Killan s\u00e4\u00e4nt\u00f6m\u00e4\u00e4r\u00e4isi\u00e4 kokouksia ovat vuosikokous ja vaalikokous.<\/p>\n\n\n\n<p><strong>13 \u00a7 Kokouskutsu<\/strong><\/p>\n\n\n\n<p>Killan hallitus kutsuu koolle killan kokouksen. Kokouskutsu on l\u00e4hetett\u00e4v\u00e4 killan varsinaisten j\u00e4senten s\u00e4hk\u00f6postilistalle tai muulle killan vaalikokouksessa m\u00e4\u00e4r\u00e4tylle viralliselle tiedotuskanavalle v\u00e4hint\u00e4\u00e4n seitsem\u00e4n (7) vuorokautta ennen kokousta. Kokouskutsussa on oltava liitteen\u00e4 kokouksen asialista. S\u00e4\u00e4nt\u00f6m\u00e4\u00e4r\u00e4iset asiat on aina mainittava kokouskutsussa.<\/p>\n\n\n\n<p>Jos kokouksen asialistalla on t\u00e4rke\u00e4 taloudellinen kysymys, kunniaj\u00e4seneksi kutsuminen, henkil\u00f6vaali, toimesta tai killasta erottaminen, s\u00e4\u00e4nt\u00f6jen muuttaminen, killan purkaminen, kiinte\u00e4n omaisuuden ostaminen, myyminen tai kiinnitt\u00e4minen tai samalla toimikaudella tehdyn p\u00e4\u00e4t\u00f6ksen tarkastaminen, on se mainittava kokouskutsussa.<\/p>\n\n\n\n<p><strong>14 \u00a7 Killan kokouksen p\u00e4\u00e4t\u00f6svalta<\/strong><\/p>\n\n\n\n<p>S\u00e4\u00e4nt\u00f6jen mukaisesti koolle kutsuttu kokous on p\u00e4\u00e4t\u00f6svaltainen.<\/p>\n\n\n\n<p><strong>15 \u00a7 Killan vuosikokous<\/strong><\/p>\n\n\n\n<p>Killan vuosikokous on pidett\u00e4v\u00e4 helmi- tai maaliskuun aikana. Vuosikokouksessa:<\/p>\n\n\n\n<ol start=\"1\" class=\"wp-block-list\">\n<li>esitet\u00e4\u00e4n edellisen toimikauden toimintakertomus, tilinp\u00e4\u00e4t\u00f6s ja toiminnantarkastajien&nbsp;lausunto,<\/li>\n\n\n\n<li>p\u00e4\u00e4tet\u00e4\u00e4n tilinp\u00e4\u00e4t\u00f6ksen vahvistamisesta sek\u00e4 tili- ja vastuuvapauden my\u00f6nt\u00e4misest\u00e4 edellisen toimikauden hallitukselle ja muille vastuuvelvollisille,<\/li>\n\n\n\n<li>k\u00e4sitell\u00e4\u00e4n muut mahdolliset asiat.<\/li>\n<\/ol>\n\n\n\n<p><strong>16 \u00a7 Killan vaalikokous<\/strong><\/p>\n\n\n\n<p>Killan vaalikokous on pidett\u00e4v\u00e4 marraskuun ensimm\u00e4isen ja joulukuun 15. p\u00e4iv\u00e4n v\u00e4lisen\u00e4 aikana. Vaalikokouksessa:<\/p>\n\n\n\n<ol start=\"1\" class=\"wp-block-list\">\n<li>valitaan hallituksen puheenjohtaja seuraavaksi toimikaudeksi,<\/li>\n\n\n\n<li>valitaan sihteeri, rahastonhoitaja, tiedotusvastaava, kiltamestari, teekkarivastaava, opintovastaava ja fuksivastaava,<\/li>\n\n\n\n<li>m\u00e4\u00e4ritell\u00e4\u00e4n hallituksen j\u00e4senten toimenkuvat seuraavaksi toimikaudeksi huomioiden 20\u00a7 ja 21\u00a7 m\u00e4\u00e4r\u00e4ykset,<\/li>\n\n\n\n<li>valitaan hallituksen muut j\u00e4senet seuraavaksi toimikaudeksi,<\/li>\n\n\n\n<li>valitaan kaksi toiminnantarkastajaa ja kaksi varatoiminnantarkastajaa seuraavaksi tilikaudeksi,<\/li>\n\n\n\n<li>p\u00e4\u00e4tet\u00e4\u00e4n kannatusj\u00e4senmaksuista,<\/li>\n\n\n\n<li>p\u00e4\u00e4tet\u00e4\u00e4n seuraavan toimikauden toimintasuunnitelmasta,<\/li>\n\n\n\n<li>p\u00e4\u00e4tet\u00e4\u00e4n seuraavan toimikauden tulo- ja menoarviosta,<\/li>\n\n\n\n<li>m\u00e4\u00e4ritell\u00e4\u00e4n toimihenkil\u00f6iden toimenkuvat seuraavaksi toimikaudeksi,<\/li>\n\n\n\n<li>valitaan toimihenkil\u00f6t seuraavaksi toimikaudeksi,<\/li>\n\n\n\n<li>kutsutaan oltermanni seuraavalle vuodelle,<\/li>\n\n\n\n<li>kutsutaan kiltavanhin seuraavalle vuodelle killan seniorij\u00e4senten joukosta,<\/li>\n\n\n\n<li>k\u00e4sitell\u00e4\u00e4n muut mahdolliset asiat.<\/li>\n<\/ol>\n\n\n\n<p><strong>17 \u00a7 Killan ylim\u00e4\u00e4r\u00e4inen kokous<\/strong><\/p>\n\n\n\n<p>Killan hallitus voi tarvittaessa kutsua koolle killan kokouksen. Killan kokous on my\u00f6s kutsuttava koolle, mik\u00e4li v\u00e4hint\u00e4\u00e4n yksi kymmenesosa (1\/10) yhdistyksen \u00e4\u00e4nioikeutetuista j\u00e4senist\u00e4 tai v\u00e4hint\u00e4\u00e4n 50 \u00e4\u00e4nioikeutettua j\u00e4sent\u00e4 sit\u00e4 ilmoittamaansa tarkoitusta varten kirjallisesti killan hallitukselta vaatii. Killan kokous on pidett\u00e4v\u00e4 viimeist\u00e4\u00e4n kahden viikon kuluessa vaatimuksen j\u00e4tt\u00e4misest\u00e4 t\u00e4h\u00e4n kuitenkaan laskematta 1.5. \u2013 31.8. v\u00e4list\u00e4 aikaa.<\/p>\n\n\n\n<p><strong>18 \u00a7 Asian k\u00e4sittely<\/strong><\/p>\n\n\n\n<p>Ensimm\u00e4ist\u00e4 kertaa esill\u00e4 oleva asia j\u00e4tet\u00e4\u00e4n p\u00f6yd\u00e4lle, jos kymmenesosa, kuitenkin v\u00e4hint\u00e4\u00e4n viisi l\u00e4sn\u00e4olevista \u00e4\u00e4nivaltaisista j\u00e4senist\u00e4 sit\u00e4 vaatii. Henkil\u00f6vaalia ei voida lyk\u00e4t\u00e4.<\/p>\n\n\n\n<p>Asia, joka edellisen kohdan mukaan olisi j\u00e4tett\u00e4v\u00e4 p\u00f6yd\u00e4lle voidaan k\u00e4sitell\u00e4 kiireellisen\u00e4 heti, jos asia on ollut mainittuna kokouskutsussa ja kokous 3\/4 enemmist\u00f6ll\u00e4 niin p\u00e4\u00e4tt\u00e4\u00e4.<\/p>\n\n\n\n<p>Kokouskutsussa mainitsematon asia voidaan ottaa k\u00e4sitelt\u00e4v\u00e4ksi, jos kokous yksimielisesti siihen suostuu, ottaen kuitenkin huomioon s\u00e4\u00e4nt\u00f6jen 13\u00a7 ja yhdistyslain 23\u00a7 m\u00e4\u00e4r\u00e4ykset.<\/p>\n\n\n\n<p>\u00c4\u00e4nestys kokouksessa toimitetaan avoimesti, ellei v\u00e4hint\u00e4\u00e4n kaksi j\u00e4sent\u00e4 vaadi umpilipuin tapahtuvaa \u00e4\u00e4nestyst\u00e4. Valtakirjalla ei saa \u00e4\u00e4nest\u00e4\u00e4. Henkil\u00f6vaalin voittaa yli puolet \u00e4\u00e4nist\u00e4 saanut ehdokas. Mik\u00e4li kukaan ehdokkaista ei saa yli puolia \u00e4\u00e4nist\u00e4, j\u00e4rjestet\u00e4\u00e4n toinen vaalikierros kahden ensimm\u00e4isell\u00e4 kierroksella eniten \u00e4\u00e4ni\u00e4 saaneen ehdokkaan v\u00e4lill\u00e4. Asiakysymykset ratkaistaan yksinkertaisella \u00e4\u00e4ntenenemmist\u00f6ll\u00e4. \u00c4\u00e4nten menness\u00e4 tasan kokouksen puheenjohtajan \u00e4\u00e4ni ratkaisee, paitsi henkil\u00f6vaalissa arpa.<\/p>\n\n\n\n<p><strong>19 \u00a7 Kokouksen p\u00f6yt\u00e4kirja<\/strong><\/p>\n\n\n\n<p>Killan kokouksissa pidet\u00e4\u00e4n p\u00f6yt\u00e4kirjaa. P\u00f6yt\u00e4kirjan tarkastavat ja allekirjoittavat kokouksen puheenjohtaja ja sihteeri sek\u00e4 kaksi p\u00f6yt\u00e4kirjantarkastajiksi valittua kokouksen \u00e4\u00e4nivaltaista osanottajaa.<\/p>\n\n\n\n<p>P\u00f6yt\u00e4kirjantarkastajat eiv\u00e4t voi toimia \u00e4\u00e4ntenlaskijoina.<\/p>\n\n\n\n<p>Killan kokouksissa pidet\u00e4\u00e4n osanottajalistaa, joka liitet\u00e4\u00e4n kokouksen p\u00f6yt\u00e4kirjaan.<\/p>\n\n\n\n<p><strong>IV LUKU \u2013 YHDISTYKSEN HALLITUS<\/strong><\/p>\n\n\n\n<p><strong>20 \u00a7 Hallituksen puheenjohtaja<\/strong><\/p>\n\n\n\n<p>Vaalikokouksessa valitaan killan hallituksen puheenjohtaja seuraavaksi toimikaudeksi. Hallituksen puheenjohtajaa kutsutaan my\u00f6s killan puheenjohtajaksi.<\/p>\n\n\n\n<p>Puheenjohtajan teht\u00e4v\u00e4n\u00e4 on:<\/p>\n\n\n\n<ol start=\"1\" class=\"wp-block-list\">\n<li>johtaa killan toimintaa,<\/li>\n\n\n\n<li>valvoa killan kokousten ja hallituksen kokousten p\u00e4\u00e4t\u00f6sten t\u00e4yt\u00e4nt\u00f6\u00f6npanoa sek\u00e4<\/li>\n\n\n\n<li>johtaa puhetta hallituksen kokouksissa ja killan kokouksissa lukuunottamatta kokouksia, joissa p\u00e4\u00e4tet\u00e4\u00e4n toiminnantarkastajien&nbsp;valitsemisesta tai erottamisesta, tilinp\u00e4\u00e4t\u00f6ksen vahvistamisesta tai vastuuvapauden my\u00f6nt\u00e4misest\u00e4 sik\u00e4li kun asia koskee hallintoa, josta h\u00e4n on vastuussa.<\/li>\n<\/ol>\n\n\n\n<p><strong>21 \u00a7 Hallituksen kokoonpano<\/strong><\/p>\n\n\n\n<p>Hallitukseen kuuluvat puheenjohtaja, sihteeri, rahastonhoitaja, tiedotusvastaava, kiltamestari, teekkarivastaava, opintovastaava, fuksivastaava ja enint\u00e4\u00e4n nelj\u00e4 muuta j\u00e4sent\u00e4.<\/p>\n\n\n\n<p>Hallitus valitsee keskuudestaan&nbsp;<em>varapuheenjohtajan<\/em>.<\/p>\n\n\n\n<p><em>Sihteeri<\/em>&nbsp;tai h\u00e4nen poissaollessaan joku hallituksen j\u00e4sen pit\u00e4\u00e4 p\u00f6yt\u00e4kirjaa hallituksen kokouksissa. Sihteeri huolehtii killan kirjeenvaihdosta, j\u00e4senrekisterist\u00e4 ja arkistosta.<\/p>\n\n\n\n<p><em>Tiedotusvastaava<\/em>&nbsp;huolehtii tiedotuksesta j\u00e4senist\u00f6lle ja sidosryhmille ja toimii samalla killan lehden p\u00e4\u00e4toimittajana.<\/p>\n\n\n\n<p><em>Rahastonhoitaja<\/em>&nbsp;hoitaa killan taloutta, kirjanpitoa ja kalustoluetteloa. Rahastonhoitaja laatii ehdotuksen seuraavan toimikauden tulo- ja menoarvioksi. Ehdotus on j\u00e4tett\u00e4v\u00e4 killan hallitukselle viikkoa ennen vaalikokousta. Rahastonhoitajan tulee tilikauden p\u00e4\u00e4tytty\u00e4 antaa tilit p\u00e4\u00e4tettyin\u00e4 hallitukselle viimeist\u00e4\u00e4n helmikuun aikana ja muulloinkin joko toimesta erotessaan tai killan hallituksen sit\u00e4 vaatiessa.<\/p>\n\n\n\n<p><em>Kiltamestari<\/em>&nbsp;hoitaa ja valvoo juhlien sek\u00e4 muiden vastaavien tilaisuuksien j\u00e4rjestelyit\u00e4.<\/p>\n\n\n\n<p><em>Teekkarivastaava<\/em> huolehtii killan teekkarikulttuurin yll\u00e4pidosta, j\u00e4rjest\u00e4\u00e4 excursioita killan j\u00e4senille ja toimii niill\u00e4 matkanjohtajana.<\/p>\n\n\n\n<p><em>Fuksivastaava<\/em>&nbsp;huolehtii uusien j\u00e4senien perehdytt\u00e4misest\u00e4 killan henkeen, perinteisiin, toimintaan ja yleisiin akateemisiin tapoihin.<\/p>\n\n\n\n<p><em>Opintovastaava<\/em>&nbsp;hoitaa opiskeluun liittyvi\u00e4 kysymyksi\u00e4 ja valmistelee aloitteita opiskelun tarkoituksenmukaiseksi kehitt\u00e4miseksi.<\/p>\n\n\n\n<p><strong>22 \u00a7 Hallituksen teht\u00e4v\u00e4t<\/strong><\/p>\n\n\n\n<p>Killan hallituksen teht\u00e4v\u00e4n\u00e4 on:<\/p>\n\n\n\n<ol start=\"1\" class=\"wp-block-list\">\n<li>valvoa killan etua ja mainetta,<\/li>\n\n\n\n<li>toimia killan toimeenpanevana elimen\u00e4,<\/li>\n\n\n\n<li>laatia ja esitt\u00e4\u00e4 vaalikokoukselle ehdotus seuraavan toimikauden toimintasuunnitelmaksi,<\/li>\n\n\n\n<li>laatia ja esitt\u00e4\u00e4 vaalikokoukselle ehdotus seuraavan toimikauden talousarvioksi,<\/li>\n\n\n\n<li>laatia ja esitt\u00e4\u00e4 vaalikokoukselle ehdotus seuraavan toimikauden hallituksen j\u00e4senten ja toimihenkil\u00f6iden toimenkuviksi,<\/li>\n\n\n\n<li>laatia ja esitt\u00e4\u00e4 toimintakertomus toimikaudestaan seuraavan vuoden vuosikokoukselle,<\/li>\n\n\n\n<li>valmistella muut killan kokouksissa k\u00e4sitelt\u00e4v\u00e4t asiat,<\/li>\n\n\n\n<li>asettaa tarvittaessa toimikuntia,<\/li>\n\n\n\n<li>hyv\u00e4ksy\u00e4 killan uudet j\u00e4senet kunniaj\u00e4seni\u00e4 lukuunottamatta ja pit\u00e4\u00e4 killan j\u00e4senist\u00e4 j\u00e4senrekisteri\u00e4.<\/li>\n<\/ol>\n\n\n\n<p><strong>23 \u00a7 Hallituksen kokoukset<\/strong><\/p>\n\n\n\n<p>Hallituksen tulee kokoontua v\u00e4hint\u00e4\u00e4n kerran kuukaudessa aikav\u00e4leill\u00e4 1.1. -31.5. ja 1.9.-31.12. Hallituksen kutsuu koolle puheenjohtaja tai varapuheenjohtaja l\u00e4hett\u00e4m\u00e4ll\u00e4 kutsun muille hallituksen j\u00e4senille. Lis\u00e4ksi kokouksesta on tiedotettava killan varsinaisten j\u00e4senten s\u00e4hk\u00f6postitiedotteessa tai muussa vaalikokouksen m\u00e4\u00e4r\u00e4\u00e4m\u00e4ss\u00e4 virallisessa tiedotuskanavassa kokousta edelt\u00e4v\u00e4n\u00e4 arkip\u00e4iv\u00e4n\u00e4. Hallituksen kokoukset voidaan pit\u00e4\u00e4 kokonaan et\u00e4n\u00e4, mik\u00e4li kaikki hallituksen j\u00e4senet siihen suostuvat.<\/p>\n\n\n\n<p>Yhdistyksen hallitus on p\u00e4\u00e4t\u00f6svaltainen, kun paikalla on enemm\u00e4n kuin puolet hallituksen j\u00e4senist\u00e4, joista yksi on puheenjohtaja tai varapuheenjohtaja. Valtakirjalla ei saa \u00e4\u00e4nest\u00e4\u00e4.<\/p>\n\n\n\n<p><strong>24 \u00a7 Hallituksen j\u00e4senen erottaminen<\/strong><\/p>\n\n\n\n<p>Killan kokous voi 2\/3 enemmist\u00f6ll\u00e4 annetuista \u00e4\u00e4nist\u00e4 erottaa hallituksen j\u00e4senen. Hallituksen j\u00e4senen erottamisen k\u00e4sittely on mainittava kokouskutsussa.<\/p>\n\n\n\n<p>Uusi hallituksen j\u00e4sen on valittava killan kokouksessa, joka on pidett\u00e4v\u00e4 viimeist\u00e4\u00e4n kahden viikon kuluttua edell\u00e4 mainitusta kokouksesta.<\/p>\n\n\n\n<p><strong>25 \u00a7 Killan toimihenkil\u00f6t<\/strong><\/p>\n\n\n\n<p>Vaalikokouksessa m\u00e4\u00e4ritell\u00e4\u00e4n toimihenkil\u00f6iden joukosta ylemm\u00e4t toimihenkil\u00f6t.<\/p>\n\n\n\n<p>Killan toimihenkil\u00f6it\u00e4 ovat ainakin:<\/p>\n\n\n\n<ol start=\"1\" class=\"wp-block-list\">\n<li>juottaja<\/li>\n\n\n\n<li>em\u00e4nt\u00e4\/is\u00e4nt\u00e4<\/li>\n\n\n\n<li>laulunjohtaja<\/li>\n\n\n\n<li>fuksipaimen<\/li>\n<\/ol>\n\n\n\n<p>Killan kokous tai hallitus kahdessa per\u00e4kk\u00e4isess\u00e4 kokouksessaan voi valita my\u00f6s muita toimihenkil\u00f6it\u00e4, tai luoda uusia toimihenkil\u00f6pestej\u00e4.<\/p>\n\n\n\n<p><strong>V LUKU \u2013 YLEISI\u00c4 S\u00c4\u00c4NN\u00d6KSI\u00c4<\/strong><\/p>\n\n\n\n<p><strong>26 \u00a7 Killan toimi- ja tilikausi<\/strong><\/p>\n\n\n\n<p>Killan toimi- ja tilikausi on kalenterivuosi.<\/p>\n\n\n\n<p><strong>27 \u00a7 Killan nimenkirjoitusoikeus<\/strong><\/p>\n\n\n\n<p>Killan nimenkirjoitusoikeus on puheenjohtajalla yhdess\u00e4 varapuheenjohtajan tai rahastonhoitajan kanssa.<\/p>\n\n\n\n<p><strong>28 \u00a7 Killan oltermanni<\/strong><\/p>\n\n\n\n<p>Killan vaalikokous kutsuu killan oltermanniksi yhdeksi vuodeksi kerrallaan Oulun yliopiston Tieto- ja s\u00e4hk\u00f6tekniikan tiedekunnan elektroniikan ja tietoliikennetekniikan tutkinto-ohjelman opettajan.<\/p>\n\n\n\n<p>Oltermannin teht\u00e4v\u00e4n\u00e4 on tukea killan toimintaa sek\u00e4 toimia yhdyssiteen\u00e4 killan ja tiedekunnan henkil\u00f6kunnan v\u00e4lill\u00e4.<\/p>\n\n\n\n<p><strong>29 \u00a7 Tunnukset<\/strong><\/p>\n\n\n\n<p>Killan tunnuksia ovat:<\/p>\n\n\n\n<ol start=\"1\" class=\"wp-block-list\">\n<li>varsinaisilla ja seniorij\u00e4senill\u00e4 hopeinen salamakokardi, jota kannetaan teekkarilakissa<\/li>\n\n\n\n<li>entisill\u00e4 ja nykyisill\u00e4 hallituksen j\u00e4senill\u00e4 ja kiltavanhimmalla kultainen salamakokardi, jota kannetaan teekkarilakissa tupsun narun juuressa.<\/li>\n\n\n\n<li>entisill\u00e4 ja nykyisill\u00e4 ylemmill\u00e4 toimihenkil\u00f6ill\u00e4 hopeinen salamakokardi, jota kannetaan teekkarilakissa tupsun narun juuressa.<\/li>\n\n\n\n<li>oltermannilla oltermannin sauva.<\/li>\n<\/ol>\n\n\n\n<p>Kultainen salamakokardi voidaan my\u00f6nt\u00e4\u00e4 my\u00f6s j\u00e4senelle, joka on kiitett\u00e4v\u00e4ll\u00e4 tavalla toiminut killan hyv\u00e4ksi.<\/p>\n\n\n\n<p><strong>30 \u00a7 S\u00e4\u00e4nt\u00f6jen muuttaminen<\/strong><\/p>\n\n\n\n<p>S\u00e4\u00e4nt\u00f6jen muuttamista koskeva asia on hyv\u00e4ksytt\u00e4v\u00e4 v\u00e4hint\u00e4\u00e4n 3\/4 enemmist\u00f6ll\u00e4 kahdessa per\u00e4tt\u00e4isess\u00e4 kokouksessa, joiden v\u00e4lill\u00e4 on v\u00e4hint\u00e4\u00e4n kaksi viikkoa.<\/p>\n\n\n\n<p><strong>31 \u00a7 Killan purkaminen<\/strong><\/p>\n\n\n\n<p>Killan purkamista koskeva p\u00e4\u00e4t\u00f6s on hyv\u00e4ksytt\u00e4v\u00e4 v\u00e4hint\u00e4\u00e4n 3\/4 enemmist\u00f6ll\u00e4 kahdessa per\u00e4kk\u00e4isess\u00e4 killan kokouksessa, joiden v\u00e4lill\u00e4 on v\u00e4hint\u00e4\u00e4n kaksi viikkoa.<\/p>\n\n\n\n<p><strong>32 \u00a7 Varojen jako purkautumistilanteessa<\/strong><\/p>\n\n\n\n<p>Killan purkautuessa tai sen tullessa lakkautetuksi on killan j\u00e4ljelle j\u00e4\u00e4v\u00e4t varat luovutettava toimintaa jatkavalle rekister\u00f6idylle yhdistykselle tai sen puuttuessa Oulun Teekkariyhdistys ry:lle.<\/p>\n","protected":false},"excerpt":{"rendered":"<p>Hyv\u00e4ksytty S\u00e4hk\u00f6insin\u00f6\u00f6rikilta ry:n ylim\u00e4\u00e4r\u00e4isess\u00e4 kokouksessa 24.5.2025.Sivu on p\u00e4ivitetty 4.8.2025. I LUKU \u2013 YLEISI\u00c4 S\u00c4\u00c4NN\u00d6KSI\u00c4 1 \u00a7 Yhdistyksen nimi Yhdistyksen nimi on S\u00e4hk\u00f6insin\u00f6\u00f6rikilta ry. Yhdistyksest\u00e4 k\u00e4ytet\u00e4\u00e4n n\u00e4iss\u00e4 s\u00e4\u00e4nn\u00f6iss\u00e4 nimityst\u00e4 kilta. 2 \u00a7 Killan tarkoitus Killan tarkoituksena on toimia Oulun yliopiston Tieto- ja s\u00e4hk\u00f6tekniikan tiedekunnan s\u00e4hk\u00f6tekniikan,&nbsp;elektroniikan ja tietoliikennetekniikan koulutusohjelmien opiskelijoiden yhdyssiteen\u00e4. Kilta &hellip;<\/p>\n","protected":false},"author":1,"featured_media":0,"parent":0,"menu_order":0,"comment_status":"closed","ping_status":"closed","template":"","meta":{"footnotes":""},"class_list":["post-1664","page","type-page","status-publish","hentry"],"_links":{"self":[{"href":"https:\/\/www.sik.fi\/index.php?rest_route=\/wp\/v2\/pages\/1664","targetHints":{"allow":["GET"]}}],"collection":[{"href":"https:\/\/www.sik.fi\/index.php?rest_route=\/wp\/v2\/pages"}],"about":[{"href":"https:\/\/www.sik.fi\/index.php?rest_route=\/wp\/v2\/types\/page"}],"author":[{"embeddable":true,"href":"https:\/\/www.sik.fi\/index.php?rest_route=\/wp\/v2\/users\/1"}],"replies":[{"embeddable":true,"href":"https:\/\/www.sik.fi\/index.php?rest_route=%2Fwp%2Fv2%2Fcomments&post=1664"}],"version-history":[{"count":9,"href":"https:\/\/www.sik.fi\/index.php?rest_route=\/wp\/v2\/pages\/1664\/revisions"}],"predecessor-version":[{"id":2666,"href":"https:\/\/www.sik.fi\/index.php?rest_route=\/wp\/v2\/pages\/1664\/revisions\/2666"}],"wp:attachment":[{"href":"https:\/\/www.sik.fi\/index.php?rest_route=%2Fwp%2Fv2%2Fmedia&parent=1664"}],"curies":[{"name":"wp","href":"https:\/\/api.w.org\/{rel}","templated":true}]}}