{"id":167,"date":"2012-03-28T11:54:14","date_gmt":"2012-03-28T11:54:14","guid":{"rendered":"http:\/\/uusi.sik.fi\/index.php\/2012\/03\/28\/elektroniikkakerho\/"},"modified":"2023-10-20T21:40:11","modified_gmt":"2023-10-20T18:40:11","slug":"elektroniikkakerho","status":"publish","type":"page","link":"https:\/\/www.sik.fi\/?page_id=167","title":{"rendered":"Elektroniikkakerho"},"content":{"rendered":"\n<div class=\"wp-block-media-text has-media-on-the-right is-stacked-on-mobile\" style=\"grid-template-columns:auto 42%\"><div class=\"wp-block-media-text__content\">\n<p>Elektroniikkakerho ker\u00e4\u00e4 maanantaisin kaikki elektroniikan yst\u00e4v\u00e4t yhteen. Kerhossa rakennellaan mit\u00e4 ihmeellisimpi\u00e4 laitteita.<\/p>\n\n\n\n<p>Suosituimpia rakentelukohteita kautta vuosien ovat olleet p\u00f6yt\u00e4- ja haalarisalamat, muu led-rakentelu, sek\u00e4 erilaiset \u00e4\u00e4nentoistolaitteet.<\/p>\n\n\n\n<p>K\u00e4y tutustumassa elektroniikkakerhon projekteihin osoitteessa: <a href=\"https:\/\/github.com\/Elektroniikkakerho\">https:\/\/github.com\/Elektroniikkakerho<\/a><\/p>\n<\/div><figure class=\"wp-block-media-text__media\"><img loading=\"lazy\" decoding=\"async\" width=\"1024\" height=\"788\" src=\"https:\/\/www.sik.fi\/wp-content\/uploads\/2023\/10\/IMG_20231020_213156_compressed-1024x788.jpg\" alt=\"\" class=\"wp-image-2368 size-full\" srcset=\"https:\/\/www.sik.fi\/wp-content\/uploads\/2023\/10\/IMG_20231020_213156_compressed-1024x788.jpg 1024w, https:\/\/www.sik.fi\/wp-content\/uploads\/2023\/10\/IMG_20231020_213156_compressed-300x231.jpg 300w, https:\/\/www.sik.fi\/wp-content\/uploads\/2023\/10\/IMG_20231020_213156_compressed-768x591.jpg 768w, https:\/\/www.sik.fi\/wp-content\/uploads\/2023\/10\/IMG_20231020_213156_compressed-1536x1182.jpg 1536w, https:\/\/www.sik.fi\/wp-content\/uploads\/2023\/10\/IMG_20231020_213156_compressed-260x200.jpg 260w, https:\/\/www.sik.fi\/wp-content\/uploads\/2023\/10\/IMG_20231020_213156_compressed.jpg 1668w\" sizes=\"auto, (max-width: 1024px) 100vw, 1024px\" \/><\/figure><\/div>\n","protected":false},"excerpt":{"rendered":"<p>Elektroniikkakerho ker\u00e4\u00e4 maanantaisin kaikki elektroniikan yst\u00e4v\u00e4t yhteen. Kerhossa rakennellaan mit\u00e4 ihmeellisimpi\u00e4 laitteita. Suosituimpia rakentelukohteita kautta vuosien ovat olleet p\u00f6yt\u00e4- ja haalarisalamat, muu led-rakentelu, sek\u00e4 erilaiset \u00e4\u00e4nentoistolaitteet. K\u00e4y tutustumassa elektroniikkakerhon projekteihin osoitteessa: https:\/\/github.com\/Elektroniikkakerho<\/p>\n","protected":false},"author":1,"featured_media":166,"parent":0,"menu_order":36,"comment_status":"closed","ping_status":"open","template":"","meta":{"footnotes":""},"class_list":["post-167","page","type-page","status-publish","has-post-thumbnail","hentry"],"_links":{"self":[{"href":"https:\/\/www.sik.fi\/index.php?rest_route=\/wp\/v2\/pages\/167","targetHints":{"allow":["GET"]}}],"collection":[{"href":"https:\/\/www.sik.fi\/index.php?rest_route=\/wp\/v2\/pages"}],"about":[{"href":"https:\/\/www.sik.fi\/index.php?rest_route=\/wp\/v2\/types\/page"}],"author":[{"embeddable":true,"href":"https:\/\/www.sik.fi\/index.php?rest_route=\/wp\/v2\/users\/1"}],"replies":[{"embeddable":true,"href":"https:\/\/www.sik.fi\/index.php?rest_route=%2Fwp%2Fv2%2Fcomments&post=167"}],"version-history":[{"count":7,"href":"https:\/\/www.sik.fi\/index.php?rest_route=\/wp\/v2\/pages\/167\/revisions"}],"predecessor-version":[{"id":2373,"href":"https:\/\/www.sik.fi\/index.php?rest_route=\/wp\/v2\/pages\/167\/revisions\/2373"}],"wp:featuredmedia":[{"embeddable":true,"href":"https:\/\/www.sik.fi\/index.php?rest_route=\/wp\/v2\/media\/166"}],"wp:attachment":[{"href":"https:\/\/www.sik.fi\/index.php?rest_route=%2Fwp%2Fv2%2Fmedia&parent=167"}],"curies":[{"name":"wp","href":"https:\/\/api.w.org\/{rel}","templated":true}]}}