{"id":169,"date":"2012-03-28T11:54:32","date_gmt":"2012-03-28T11:54:32","guid":{"rendered":"http:\/\/uusi.sik.fi\/index.php\/2012\/03\/28\/oamk\/"},"modified":"2022-02-01T18:14:18","modified_gmt":"2022-02-01T16:14:18","slug":"oamk","status":"publish","type":"page","link":"https:\/\/www.sik.fi\/?page_id=169","title":{"rendered":"OAMK"},"content":{"rendered":"<div><img loading=\"lazy\" decoding=\"async\" class=\" alignright size-full wp-image-168\" style=\"float: right;\" src=\"https:\/\/www.sik.fi\/wp-content\/uploads\/sivusto\/da8ff47a.jpg\" width=\"240\" height=\"213\" border=\"0\" srcset=\"https:\/\/www.sik.fi\/wp-content\/uploads\/sivusto\/da8ff47a.jpg 240w, https:\/\/www.sik.fi\/wp-content\/uploads\/sivusto\/da8ff47a-225x200.jpg 225w\" sizes=\"auto, (max-width: 240px) 100vw, 240px\" \/><\/p>\n<p>Seuran tarkoituksena on edist\u00e4\u00e4 akateemisen kyyk\u00e4n ja m\u00f6lkyn harrastusta ja perinteiden s\u00e4ilymist\u00e4 sek\u00e4 yhdist\u00e4\u00e4 kyseisten lajien akateemisia harrastajia Oulussa sek\u00e4 edist\u00e4\u00e4 j\u00e4sentens\u00e4 muuta urheilu- ja liikuntaharrastusta.<\/p>\n<p>Seuran suurin tapahtuma on alkukev\u00e4\u00e4st\u00e4 j\u00e4rjestett\u00e4v\u00e4 World Cup of Kyykk\u00e4, lis\u00e4tietoja tapahtuman WWW-sivuilta:<\/p>\n<p><a href=\"http:\/\/www.wcok.fi\">www.wcok.fi<\/a><\/p>\n<p>Lis\u00e4tietoa l\u00f6yd\u00e4t seuran WWW-sivuilta osoitteesta:<\/p>\n<p><a href=\"http:\/\/www.oamkry.fi\/\" target=\"_blank\" rel=\"noopener\">http:\/\/www.oamkry.fi\/<\/a><\/p>\n<\/div>\n","protected":false},"excerpt":{"rendered":"<p>Seuran tarkoituksena on edist\u00e4\u00e4 akateemisen kyyk\u00e4n ja m\u00f6lkyn harrastusta ja perinteiden s\u00e4ilymist\u00e4 sek\u00e4 yhdist\u00e4\u00e4 kyseisten lajien akateemisia harrastajia Oulussa sek\u00e4 edist\u00e4\u00e4 j\u00e4sentens\u00e4 muuta urheilu- ja liikuntaharrastusta. Seuran suurin tapahtuma on alkukev\u00e4\u00e4st\u00e4 j\u00e4rjestett\u00e4v\u00e4 World Cup of Kyykk\u00e4, lis\u00e4tietoja tapahtuman WWW-sivuilta: www.wcok.fi Lis\u00e4tietoa l\u00f6yd\u00e4t seuran WWW-sivuilta osoitteesta: http:\/\/www.oamkry.fi\/<\/p>\n","protected":false},"author":1,"featured_media":168,"parent":0,"menu_order":35,"comment_status":"closed","ping_status":"open","template":"","meta":{"footnotes":""},"class_list":["post-169","page","type-page","status-publish","has-post-thumbnail","hentry"],"_links":{"self":[{"href":"https:\/\/www.sik.fi\/index.php?rest_route=\/wp\/v2\/pages\/169","targetHints":{"allow":["GET"]}}],"collection":[{"href":"https:\/\/www.sik.fi\/index.php?rest_route=\/wp\/v2\/pages"}],"about":[{"href":"https:\/\/www.sik.fi\/index.php?rest_route=\/wp\/v2\/types\/page"}],"author":[{"embeddable":true,"href":"https:\/\/www.sik.fi\/index.php?rest_route=\/wp\/v2\/users\/1"}],"replies":[{"embeddable":true,"href":"https:\/\/www.sik.fi\/index.php?rest_route=%2Fwp%2Fv2%2Fcomments&post=169"}],"version-history":[{"count":3,"href":"https:\/\/www.sik.fi\/index.php?rest_route=\/wp\/v2\/pages\/169\/revisions"}],"predecessor-version":[{"id":1976,"href":"https:\/\/www.sik.fi\/index.php?rest_route=\/wp\/v2\/pages\/169\/revisions\/1976"}],"wp:featuredmedia":[{"embeddable":true,"href":"https:\/\/www.sik.fi\/index.php?rest_route=\/wp\/v2\/media\/168"}],"wp:attachment":[{"href":"https:\/\/www.sik.fi\/index.php?rest_route=%2Fwp%2Fv2%2Fmedia&parent=169"}],"curies":[{"name":"wp","href":"https:\/\/api.w.org\/{rel}","templated":true}]}}