{"id":171,"date":"2012-03-28T11:54:48","date_gmt":"2012-03-28T11:54:48","guid":{"rendered":"http:\/\/uusi.sik.fi\/index.php\/2012\/03\/28\/oh8ta\/"},"modified":"2022-02-23T13:20:38","modified_gmt":"2022-02-23T11:20:38","slug":"oh8ta","status":"publish","type":"page","link":"https:\/\/www.sik.fi\/?page_id=171","title":{"rendered":"OH8TA"},"content":{"rendered":"<div><img loading=\"lazy\" decoding=\"async\" class=\" alignright size-full wp-image-170\" style=\"float: right;\" src=\"https:\/\/www.sik.fi\/wp-content\/uploads\/sivusto\/c4c8c0cb.jpg\" width=\"240\" height=\"180\" border=\"0\" \/><\/p>\n<p>Jo nelj\u00e4n vuosikymmenen ajan on Oulun Teekkarien Radiokerho, aiemmin Oulun Teekkarien Radioamat\u00f6\u00f6rikerho, ilostuttanut Oulun Yliopistossa opiskelleita radioamat\u00f6\u00f6rej\u00e4 yhteisill\u00e4 toiminnoillaan, sek\u00e4 tarjoamalla mahdollisuuden operoimiseen jopa urbaanissa opiskelijakaupunkiymp\u00e4rist\u00f6ss\u00e4.<\/p>\n<p>K\u00e4y lukemassa toiminnasta ja kerhoilloista OH8TA:n WWW-sivuilta osoitteesta:<\/p>\n<p><a href=\"https:\/\/www.oh8ta.fi\/\" target=\"_blank\" rel=\"noopener\">https:\/\/www.oh8ta.fi\/<\/a><\/p>\n<\/div>\n","protected":false},"excerpt":{"rendered":"<p>Jo nelj\u00e4n vuosikymmenen ajan on Oulun Teekkarien Radiokerho, aiemmin Oulun Teekkarien Radioamat\u00f6\u00f6rikerho, ilostuttanut Oulun Yliopistossa opiskelleita radioamat\u00f6\u00f6rej\u00e4 yhteisill\u00e4 toiminnoillaan, sek\u00e4 tarjoamalla mahdollisuuden operoimiseen jopa urbaanissa opiskelijakaupunkiymp\u00e4rist\u00f6ss\u00e4. K\u00e4y lukemassa toiminnasta ja kerhoilloista OH8TA:n WWW-sivuilta osoitteesta: https:\/\/www.oh8ta.fi\/<\/p>\n","protected":false},"author":1,"featured_media":170,"parent":0,"menu_order":34,"comment_status":"closed","ping_status":"open","template":"","meta":{"footnotes":""},"class_list":["post-171","page","type-page","status-publish","has-post-thumbnail","hentry"],"_links":{"self":[{"href":"https:\/\/www.sik.fi\/index.php?rest_route=\/wp\/v2\/pages\/171","targetHints":{"allow":["GET"]}}],"collection":[{"href":"https:\/\/www.sik.fi\/index.php?rest_route=\/wp\/v2\/pages"}],"about":[{"href":"https:\/\/www.sik.fi\/index.php?rest_route=\/wp\/v2\/types\/page"}],"author":[{"embeddable":true,"href":"https:\/\/www.sik.fi\/index.php?rest_route=\/wp\/v2\/users\/1"}],"replies":[{"embeddable":true,"href":"https:\/\/www.sik.fi\/index.php?rest_route=%2Fwp%2Fv2%2Fcomments&post=171"}],"version-history":[{"count":6,"href":"https:\/\/www.sik.fi\/index.php?rest_route=\/wp\/v2\/pages\/171\/revisions"}],"predecessor-version":[{"id":1993,"href":"https:\/\/www.sik.fi\/index.php?rest_route=\/wp\/v2\/pages\/171\/revisions\/1993"}],"wp:featuredmedia":[{"embeddable":true,"href":"https:\/\/www.sik.fi\/index.php?rest_route=\/wp\/v2\/media\/170"}],"wp:attachment":[{"href":"https:\/\/www.sik.fi\/index.php?rest_route=%2Fwp%2Fv2%2Fmedia&parent=171"}],"curies":[{"name":"wp","href":"https:\/\/api.w.org\/{rel}","templated":true}]}}