{"id":173,"date":"2012-03-28T11:55:01","date_gmt":"2012-03-28T11:55:01","guid":{"rendered":"http:\/\/uusi.sik.fi\/index.php\/2012\/03\/28\/spy\/"},"modified":"2023-04-28T12:36:44","modified_gmt":"2023-04-28T09:36:44","slug":"spy","status":"publish","type":"page","link":"https:\/\/www.sik.fi\/?page_id=173","title":{"rendered":"SPY"},"content":{"rendered":"<p><img loading=\"lazy\" decoding=\"async\" class=\" alignright size-full wp-image-172\" src=\"https:\/\/www.sik.fi\/wp-content\/uploads\/sivusto\/spyy-001.jpg\" alt=\"\" width=\"278\" height=\"361\" border=\"0\" align=\"right\" srcset=\"https:\/\/www.sik.fi\/wp-content\/uploads\/sivusto\/spyy-001.jpg 278w, https:\/\/www.sik.fi\/wp-content\/uploads\/sivusto\/spyy-001-231x300.jpg 231w, https:\/\/www.sik.fi\/wp-content\/uploads\/sivusto\/spyy-001-154x200.jpg 154w\" sizes=\"auto, (max-width: 278px) 100vw, 278px\" \/><\/p>\n<p>SPY eli S\u00e4hk\u00f6n Pelaajayhdistys on Oulun yliopiston s\u00e4hk\u00f6tekniikan opiskelijoiden p\u00f6yt\u00e4j\u00e4\u00e4kiekkoseura, joka j\u00e4rjest\u00e4\u00e4 lukukauden aikana useita p\u00f6yt\u00e4j\u00e4\u00e4kiekko-turnauksia, jotka ovat osallistujille yleens\u00e4 ilmaisia.<\/p>\n<p>P\u00f6yt\u00e4j\u00e4\u00e4kiekko on perinteinen taitopeli, joka saattaa olla tuttu jo lapsuusajoilta. Pelikokemusta voi kartuttaa ja taitoja kehitt\u00e4\u00e4 vaikka joka p\u00e4iv\u00e4 kiltahuoneella, miss\u00e4 pelip\u00f6yt\u00e4 on vapaasti k\u00e4ytett\u00e4viss\u00e4. Kuitenkin parhaiten nimenomaan &#8221;SPY-kiekkoa&#8221; oppii tulemalla mukaan turnauksiin, joissa tapaa my\u00f6s muita pelaajia.<\/p>\n<p>HUOM! Turnauksissa ei pelata veren maku suussa, vaan t\u00e4rke\u00e4mp\u00e4\u00e4 on pit\u00e4\u00e4 hauskaa, kuten teekkareilla yleens\u00e4kin.<\/p>\n<p>Lis\u00e4tietoja mm. pelis\u00e4\u00e4nn\u00f6ist\u00e4 voi ja kannattaakin k\u00e4yd\u00e4 katsomassa SPY:n omilta WWW-sivuilta:<\/p>\n<p><a href=\"http:\/\/www.student.oulu.fi\/~kylitalo\/SPY\/\" target=\"_blank\" rel=\"noopener\">SPY<\/a><\/p>\n","protected":false},"excerpt":{"rendered":"<p>SPY eli S\u00e4hk\u00f6n Pelaajayhdistys on Oulun yliopiston s\u00e4hk\u00f6tekniikan opiskelijoiden p\u00f6yt\u00e4j\u00e4\u00e4kiekkoseura, joka j\u00e4rjest\u00e4\u00e4 lukukauden aikana useita p\u00f6yt\u00e4j\u00e4\u00e4kiekko-turnauksia, jotka ovat osallistujille yleens\u00e4 ilmaisia. P\u00f6yt\u00e4j\u00e4\u00e4kiekko on perinteinen taitopeli, joka saattaa olla tuttu jo lapsuusajoilta. Pelikokemusta voi kartuttaa ja taitoja kehitt\u00e4\u00e4 vaikka joka p\u00e4iv\u00e4 kiltahuoneella, miss\u00e4 pelip\u00f6yt\u00e4 on vapaasti k\u00e4ytett\u00e4viss\u00e4. Kuitenkin parhaiten nimenomaan &#8221;SPY-kiekkoa&#8221; &hellip;<\/p>\n","protected":false},"author":1,"featured_media":172,"parent":0,"menu_order":33,"comment_status":"closed","ping_status":"open","template":"","meta":{"footnotes":""},"class_list":["post-173","page","type-page","status-publish","has-post-thumbnail","hentry"],"_links":{"self":[{"href":"https:\/\/www.sik.fi\/index.php?rest_route=\/wp\/v2\/pages\/173","targetHints":{"allow":["GET"]}}],"collection":[{"href":"https:\/\/www.sik.fi\/index.php?rest_route=\/wp\/v2\/pages"}],"about":[{"href":"https:\/\/www.sik.fi\/index.php?rest_route=\/wp\/v2\/types\/page"}],"author":[{"embeddable":true,"href":"https:\/\/www.sik.fi\/index.php?rest_route=\/wp\/v2\/users\/1"}],"replies":[{"embeddable":true,"href":"https:\/\/www.sik.fi\/index.php?rest_route=%2Fwp%2Fv2%2Fcomments&post=173"}],"version-history":[{"count":3,"href":"https:\/\/www.sik.fi\/index.php?rest_route=\/wp\/v2\/pages\/173\/revisions"}],"predecessor-version":[{"id":2139,"href":"https:\/\/www.sik.fi\/index.php?rest_route=\/wp\/v2\/pages\/173\/revisions\/2139"}],"wp:featuredmedia":[{"embeddable":true,"href":"https:\/\/www.sik.fi\/index.php?rest_route=\/wp\/v2\/media\/172"}],"wp:attachment":[{"href":"https:\/\/www.sik.fi\/index.php?rest_route=%2Fwp%2Fv2%2Fmedia&parent=173"}],"curies":[{"name":"wp","href":"https:\/\/api.w.org\/{rel}","templated":true}]}}