{"id":175,"date":"2012-03-28T11:55:16","date_gmt":"2012-03-28T11:55:16","guid":{"rendered":"http:\/\/uusi.sik.fi\/index.php\/2012\/03\/28\/urheiluvuorot\/"},"modified":"2024-09-04T14:16:35","modified_gmt":"2024-09-04T11:16:35","slug":"urheiluvuorot","status":"publish","type":"page","link":"https:\/\/www.sik.fi\/?page_id=175","title":{"rendered":"Urheiluvuorot"},"content":{"rendered":"<p><img loading=\"lazy\" decoding=\"async\" class=\" alignright size-full wp-image-174\" style=\"float: right;\" src=\"https:\/\/www.sik.fi\/wp-content\/uploads\/sivusto\/99e8d604.jpg\" alt=\"\" width=\"180\" height=\"180\" border=\"0\" srcset=\"https:\/\/www.sik.fi\/wp-content\/uploads\/sivusto\/99e8d604.jpg 180w, https:\/\/www.sik.fi\/wp-content\/uploads\/sivusto\/99e8d604-150x150.jpg 150w\" sizes=\"auto, (max-width: 180px) 100vw, 180px\" \/><\/p>\n<p>S\u00e4hk\u00f6insin\u00f6\u00f6rikillan urheiluvuorot 2024-2025:<\/p>\n<p>Maanantaisin klo 17.45-19.00 (Oulun normaalikoulu, Koskelan ala-aste, Tullimiehentie 8)<br \/>\nUrheiluvuorot ovat yhdess\u00e4 Koneinsin\u00f6\u00f6rikillan, OTiTin sek\u00e4 Olton kanssa. Lis\u00e4tietoa urheiluvuoroista sek\u00e4 pelattavista lajeista saa liittym\u00e4ll\u00e4 SIK urheiluvuoro -telegram ryhm\u00e4\u00e4n. Linkki l\u00f6ytyy pallosalamasta.<\/p>\n<p>UniMove j\u00e4rjest\u00e4\u00e4 my\u00f6s ryhm\u00e4liikuntatunteja ja kursseja.<br \/>\nLis\u00e4tietoa UniMoven urheilutarjonnasta l\u00f6ytyy:<br \/>\n<a href=\"https:\/\/unimoveoulu.fi\/\">Etusivu | Unimove (unimoveoulu.fi)<\/a><\/p>\n<p>Lis\u00e4tietoa saat killan urheiluvastaavalta (urheiluvastaava (AT) sik fi)<\/p>\n","protected":false},"excerpt":{"rendered":"<p>S\u00e4hk\u00f6insin\u00f6\u00f6rikillan urheiluvuorot 2024-2025: Maanantaisin klo 17.45-19.00 (Oulun normaalikoulu, Koskelan ala-aste, Tullimiehentie 8) Urheiluvuorot ovat yhdess\u00e4 Koneinsin\u00f6\u00f6rikillan, OTiTin sek\u00e4 Olton kanssa. Lis\u00e4tietoa urheiluvuoroista sek\u00e4 pelattavista lajeista saa liittym\u00e4ll\u00e4 SIK urheiluvuoro -telegram ryhm\u00e4\u00e4n. Linkki l\u00f6ytyy pallosalamasta. UniMove j\u00e4rjest\u00e4\u00e4 my\u00f6s ryhm\u00e4liikuntatunteja ja kursseja. Lis\u00e4tietoa UniMoven urheilutarjonnasta l\u00f6ytyy: Etusivu | Unimove (unimoveoulu.fi) Lis\u00e4tietoa saat &hellip;<\/p>\n","protected":false},"author":1,"featured_media":174,"parent":0,"menu_order":32,"comment_status":"closed","ping_status":"open","template":"","meta":{"footnotes":""},"class_list":["post-175","page","type-page","status-publish","has-post-thumbnail","hentry"],"_links":{"self":[{"href":"https:\/\/www.sik.fi\/index.php?rest_route=\/wp\/v2\/pages\/175","targetHints":{"allow":["GET"]}}],"collection":[{"href":"https:\/\/www.sik.fi\/index.php?rest_route=\/wp\/v2\/pages"}],"about":[{"href":"https:\/\/www.sik.fi\/index.php?rest_route=\/wp\/v2\/types\/page"}],"author":[{"embeddable":true,"href":"https:\/\/www.sik.fi\/index.php?rest_route=\/wp\/v2\/users\/1"}],"replies":[{"embeddable":true,"href":"https:\/\/www.sik.fi\/index.php?rest_route=%2Fwp%2Fv2%2Fcomments&post=175"}],"version-history":[{"count":5,"href":"https:\/\/www.sik.fi\/index.php?rest_route=\/wp\/v2\/pages\/175\/revisions"}],"predecessor-version":[{"id":2505,"href":"https:\/\/www.sik.fi\/index.php?rest_route=\/wp\/v2\/pages\/175\/revisions\/2505"}],"wp:featuredmedia":[{"embeddable":true,"href":"https:\/\/www.sik.fi\/index.php?rest_route=\/wp\/v2\/media\/174"}],"wp:attachment":[{"href":"https:\/\/www.sik.fi\/index.php?rest_route=%2Fwp%2Fv2%2Fmedia&parent=175"}],"curies":[{"name":"wp","href":"https:\/\/api.w.org\/{rel}","templated":true}]}}