{"id":177,"date":"2012-03-28T11:55:59","date_gmt":"2012-03-28T11:55:59","guid":{"rendered":"http:\/\/uusi.sik.fi\/index.php\/2012\/03\/28\/ympaerihiihdot\/"},"modified":"2026-03-09T15:14:30","modified_gmt":"2026-03-09T13:14:30","slug":"ympaerihiihdot","status":"publish","type":"page","link":"https:\/\/www.sik.fi\/?page_id=177","title":{"rendered":"Ymp\u00e4rihiihdot"},"content":{"rendered":"<div class=\"wp-block-image\">\n<figure class=\"alignright\"><img loading=\"lazy\" decoding=\"async\" width=\"240\" height=\"229\" src=\"https:\/\/www.sik.fi\/wp-content\/uploads\/sivusto\/5d6d0153.jpg\" alt=\"\" class=\"wp-image-176\" srcset=\"https:\/\/www.sik.fi\/wp-content\/uploads\/sivusto\/5d6d0153.jpg 240w, https:\/\/www.sik.fi\/wp-content\/uploads\/sivusto\/5d6d0153-210x200.jpg 210w\" sizes=\"auto, (max-width: 240px) 100vw, 240px\" \/><\/figure>\n<\/div>\n\n\n<p>S\u00e4hk\u00f6insin\u00f6\u00f6rikilta on perinteisesti j\u00e4rjest\u00e4nyt Rauhalan ymp\u00e4rist\u00f6ss\u00e4 teekkarihenkisen urheilutapahtuman. Vuonna 2004 paikka vaihtui Kuusisaareen ja Rauhalan ymp\u00e4rihiihtojen nimell\u00e4 kulkenut tapahtuma vaihtui Ymp\u00e4rihiihdoiksi. 2006 helmikuussa Ymp\u00e4rihiihdot pidettiin j\u00e4lleen uudessa paikassa eli Teekkaritalolla. Konsepti oli eritt\u00e4in onnistunut OTY:n j\u00e4rjest\u00e4m\u00e4n lauluillan ja Kaamoksen Kaatajaisten kanssa. Niinp\u00e4 Ymp\u00e4rihiihdot j\u00e4rjestet\u00e4\u00e4n jatkossakin Teekkaritalolla.<\/p>\n\n\n\n<p>Tapahtuma ajoittuu kev\u00e4tp\u00e4iv\u00e4ntasauksen ja opintotuen v\u00e4limaastoon sattumanvaraisesti.<\/p>\n\n\n\n<p>Ymp\u00e4rihiihdoissa merkitt\u00e4v\u00e4ss\u00e4 roolissa ovat SIKin improved NeverSki-sukset. N\u00e4ihin suksiin ei tarvitse lis\u00e4t\u00e4 kuin luistovoidetta ja matka taittuu. Reitin varrelle on asetettu rasteja, jotka pit\u00e4\u00e4 suorittaa. Rastien aiheet vaihtelevat vuodesta toiseen. Virheellisist\u00e4 tai muuten ep\u00e4onnistuneista suorituksista tulee sakkoja.<\/p>\n\n\n\n<p>Vuonna 2025 NeverSki-sukset uusittiin kokonaan is\u00e4nn\u00e4n ja em\u00e4nn\u00e4n toimesta. En\u00e4\u00e4 ei tarvitse taistella kuluneiden siteiden kanssa, vaan sidonnasta voi nyt nauttia kahta kovemmin!<\/p>\n\n\n\n<p>Nopeus on valttia my\u00f6s NeverSki-suksilla hiihdett\u00e4ess\u00e4. Voittaja ehtii maaliin hetkess\u00e4, viimeiset ehk\u00e4 vasta ensi vuonna.<\/p>\n\n\n\n<p><\/p>\n","protected":false},"excerpt":{"rendered":"<p>S\u00e4hk\u00f6insin\u00f6\u00f6rikilta on perinteisesti j\u00e4rjest\u00e4nyt Rauhalan ymp\u00e4rist\u00f6ss\u00e4 teekkarihenkisen urheilutapahtuman. Vuonna 2004 paikka vaihtui Kuusisaareen ja Rauhalan ymp\u00e4rihiihtojen nimell\u00e4 kulkenut tapahtuma vaihtui Ymp\u00e4rihiihdoiksi. 2006 helmikuussa Ymp\u00e4rihiihdot pidettiin j\u00e4lleen uudessa paikassa eli Teekkaritalolla. Konsepti oli eritt\u00e4in onnistunut OTY:n j\u00e4rjest\u00e4m\u00e4n lauluillan ja Kaamoksen Kaatajaisten kanssa. Niinp\u00e4 Ymp\u00e4rihiihdot j\u00e4rjestet\u00e4\u00e4n jatkossakin Teekkaritalolla. Tapahtuma ajoittuu kev\u00e4tp\u00e4iv\u00e4ntasauksen ja &hellip;<\/p>\n","protected":false},"author":27,"featured_media":176,"parent":0,"menu_order":31,"comment_status":"closed","ping_status":"open","template":"","meta":{"footnotes":""},"class_list":["post-177","page","type-page","status-publish","has-post-thumbnail","hentry"],"_links":{"self":[{"href":"https:\/\/www.sik.fi\/index.php?rest_route=\/wp\/v2\/pages\/177","targetHints":{"allow":["GET"]}}],"collection":[{"href":"https:\/\/www.sik.fi\/index.php?rest_route=\/wp\/v2\/pages"}],"about":[{"href":"https:\/\/www.sik.fi\/index.php?rest_route=\/wp\/v2\/types\/page"}],"author":[{"embeddable":true,"href":"https:\/\/www.sik.fi\/index.php?rest_route=\/wp\/v2\/users\/27"}],"replies":[{"embeddable":true,"href":"https:\/\/www.sik.fi\/index.php?rest_route=%2Fwp%2Fv2%2Fcomments&post=177"}],"version-history":[{"count":4,"href":"https:\/\/www.sik.fi\/index.php?rest_route=\/wp\/v2\/pages\/177\/revisions"}],"predecessor-version":[{"id":2806,"href":"https:\/\/www.sik.fi\/index.php?rest_route=\/wp\/v2\/pages\/177\/revisions\/2806"}],"wp:featuredmedia":[{"embeddable":true,"href":"https:\/\/www.sik.fi\/index.php?rest_route=\/wp\/v2\/media\/176"}],"wp:attachment":[{"href":"https:\/\/www.sik.fi\/index.php?rest_route=%2Fwp%2Fv2%2Fmedia&parent=177"}],"curies":[{"name":"wp","href":"https:\/\/api.w.org\/{rel}","templated":true}]}}