{"id":181,"date":"2012-03-28T11:56:29","date_gmt":"2012-03-28T11:56:29","guid":{"rendered":"http:\/\/uusi.sik.fi\/index.php\/2012\/03\/28\/moeykkaewaunut\/"},"modified":"2023-10-01T15:31:29","modified_gmt":"2023-10-01T12:31:29","slug":"moeykkaewaunut","status":"publish","type":"page","link":"https:\/\/www.sik.fi\/?page_id=181","title":{"rendered":"M\u00f6ykk\u00e4waunut"},"content":{"rendered":"<div class=\"wp-block-image\">\n<figure class=\"alignright\"><img loading=\"lazy\" decoding=\"async\" width=\"240\" height=\"180\" src=\"https:\/\/www.sik.fi\/wp-content\/uploads\/sivusto\/aa30b4a0.jpg\" alt=\"\" class=\"wp-image-180\"\/><\/figure>\n<\/div>\n\n\n<p>M\u00f6ykk\u00e4waunut(tm) ovat aikanaan olleet pienen kaveriporukan (Team Naplitsoo) vastalause ravintoloissa soitettavalle mainstream &#8211; musiikille. T\u00e4m\u00e4 porukka testamenttasi Waunut(tm) killalle, kun valmistuminen uhkasi keskeytt\u00e4\u00e4 hyvin alkaneet opinnot.<br>P\u00e4iv\u00e4nvalon t\u00e4m\u00e4 multimediat\u00f6r\u00e4ytin n\u00e4ki joskus 90-luvun lopulla ja t\u00e4ll\u00e4 hetkell\u00e4 on menossa toinen kehitysversio samasta aiheesta. Waunun s\u00e4\u00e4nt\u00f6ihin kuuluu ettei niiss\u00e4 saa soittaa &#8221;hyv\u00e4\u00e4&#8221; musiikkia. Sit\u00e4 varten levyst\u00f6\u00f6n kuuluu kotimaisen musiikkituotannon suurenmoisia helmi\u00e4.<\/p>\n\n\n\n<p>Toinen kehitysversio syntyi muutamassa unettomassa y\u00f6ss\u00e4 Wapuksi 2002 muutaman kilta-aktiivin voimin. N\u00e4m\u00e4 waunut seuraavat killan tapahtumia kuin hai laivaa ja aiheuttavat erikoisia\/erilaisia reaktioita ymp\u00e4rist\u00f6ss\u00e4\u00e4n.<\/p>\n\n\n\n<p>Syksyll\u00e4 2006 waunut alkoivat vedell\u00e4 viimeisi\u00e4\u00e4n ja akut olivat loppu. Tarvittiin vain pari tarmokasta teekkaria ja p\u00e4tk\u00e4 ilmastointi teippi\u00e4 niin m\u00f6ykk\u00e4waunut olivat kuin uudet. Tarkempaa kertomusta voit lukea V\u00e4h\u00e4n tavallista isommasta sinssist\u00e4 4\/2006.<\/p>\n","protected":false},"excerpt":{"rendered":"<p>M\u00f6ykk\u00e4waunut(tm) ovat aikanaan olleet pienen kaveriporukan (Team Naplitsoo) vastalause ravintoloissa soitettavalle mainstream &#8211; musiikille. T\u00e4m\u00e4 porukka testamenttasi Waunut(tm) killalle, kun valmistuminen uhkasi keskeytt\u00e4\u00e4 hyvin alkaneet opinnot.P\u00e4iv\u00e4nvalon t\u00e4m\u00e4 multimediat\u00f6r\u00e4ytin n\u00e4ki joskus 90-luvun lopulla ja t\u00e4ll\u00e4 hetkell\u00e4 on menossa toinen kehitysversio samasta aiheesta. Waunun s\u00e4\u00e4nt\u00f6ihin kuuluu ettei niiss\u00e4 saa soittaa &#8221;hyv\u00e4\u00e4&#8221; musiikkia. &hellip;<\/p>\n","protected":false},"author":27,"featured_media":180,"parent":0,"menu_order":29,"comment_status":"closed","ping_status":"open","template":"","meta":{"footnotes":""},"class_list":["post-181","page","type-page","status-publish","has-post-thumbnail","hentry"],"_links":{"self":[{"href":"https:\/\/www.sik.fi\/index.php?rest_route=\/wp\/v2\/pages\/181","targetHints":{"allow":["GET"]}}],"collection":[{"href":"https:\/\/www.sik.fi\/index.php?rest_route=\/wp\/v2\/pages"}],"about":[{"href":"https:\/\/www.sik.fi\/index.php?rest_route=\/wp\/v2\/types\/page"}],"author":[{"embeddable":true,"href":"https:\/\/www.sik.fi\/index.php?rest_route=\/wp\/v2\/users\/27"}],"replies":[{"embeddable":true,"href":"https:\/\/www.sik.fi\/index.php?rest_route=%2Fwp%2Fv2%2Fcomments&post=181"}],"version-history":[{"count":3,"href":"https:\/\/www.sik.fi\/index.php?rest_route=\/wp\/v2\/pages\/181\/revisions"}],"predecessor-version":[{"id":2235,"href":"https:\/\/www.sik.fi\/index.php?rest_route=\/wp\/v2\/pages\/181\/revisions\/2235"}],"wp:featuredmedia":[{"embeddable":true,"href":"https:\/\/www.sik.fi\/index.php?rest_route=\/wp\/v2\/media\/180"}],"wp:attachment":[{"href":"https:\/\/www.sik.fi\/index.php?rest_route=%2Fwp%2Fv2%2Fmedia&parent=181"}],"curies":[{"name":"wp","href":"https:\/\/api.w.org\/{rel}","templated":true}]}}