{"id":183,"date":"2012-03-28T11:56:43","date_gmt":"2012-03-28T11:56:43","guid":{"rendered":"http:\/\/uusi.sik.fi\/index.php\/2012\/03\/28\/neverski\/"},"modified":"2021-02-28T23:11:45","modified_gmt":"2021-02-28T21:11:45","slug":"neverski","status":"publish","type":"page","link":"https:\/\/www.sik.fi\/?page_id=183","title":{"rendered":"NeverSki"},"content":{"rendered":"<div><img loading=\"lazy\" decoding=\"async\" class=\" alignright size-full wp-image-182\" src=\"https:\/\/www.sik.fi\/wp-content\/uploads\/sivusto\/6837cdaf.jpg\" border=\"0\" style=\"float: right;\" width=\"200\" height=\"263\" srcset=\"https:\/\/www.sik.fi\/wp-content\/uploads\/sivusto\/6837cdaf.jpg 200w, https:\/\/www.sik.fi\/wp-content\/uploads\/sivusto\/6837cdaf-152x200.jpg 152w\" sizes=\"auto, (max-width: 200px) 100vw, 200px\" \/> <\/p>\n<p>N\u00e4m\u00e4 tiimity\u00f6skentely\u00e4 tarvitsevat kulkuv\u00e4lineet ovat huippuunsa hiotun tuotekehityksen tulos. N\u00e4ihin suksiin on panostettu kaikki killasta l\u00f6ytyv\u00e4 urheilutiet\u00e4mys. N\u00e4iss\u00e4 suksissa l\u00f6ytyy jokakelinpohja(tm), jolla voi hiiht\u00e4\u00e4 niin syksyisell\u00e4 fuksicursiolla, talven pakkasilla Ymp\u00e4rihiihdoissa tai miss\u00e4 vain ikin\u00e4 keksitkin niit\u00e4 k\u00e4ytt\u00e4\u00e4. Uudistettuun versioon on parannettu siteit\u00e4 ja lis\u00e4tty kontaktipinta hiiht\u00e4jille.<\/p>\n<p>Kilta vuokraa suksia halukkaille hintaan 10\u20ac\/pari + 10\u20ac pantti. Teekkarikilloilta ei perit\u00e4 vuokraa.<\/p>\n<p>Lis\u00e4tietoja urheiluvastaava ( at ) sik.fi.<\/p>\n<\/p><\/div>\n","protected":false},"excerpt":{"rendered":"<p>N\u00e4m\u00e4 tiimity\u00f6skentely\u00e4 tarvitsevat kulkuv\u00e4lineet ovat huippuunsa hiotun tuotekehityksen tulos. N\u00e4ihin suksiin on panostettu kaikki killasta l\u00f6ytyv\u00e4 urheilutiet\u00e4mys. N\u00e4iss\u00e4 suksissa l\u00f6ytyy jokakelinpohja(tm), jolla voi hiiht\u00e4\u00e4 niin syksyisell\u00e4 fuksicursiolla, talven pakkasilla Ymp\u00e4rihiihdoissa tai miss\u00e4 vain ikin\u00e4 keksitkin niit\u00e4 k\u00e4ytt\u00e4\u00e4. Uudistettuun versioon on parannettu siteit\u00e4 ja lis\u00e4tty kontaktipinta hiiht\u00e4jille. Kilta vuokraa suksia halukkaille &hellip;<\/p>\n","protected":false},"author":1,"featured_media":182,"parent":0,"menu_order":28,"comment_status":"closed","ping_status":"open","template":"","meta":{"footnotes":""},"class_list":["post-183","page","type-page","status-publish","has-post-thumbnail","hentry"],"_links":{"self":[{"href":"https:\/\/www.sik.fi\/index.php?rest_route=\/wp\/v2\/pages\/183","targetHints":{"allow":["GET"]}}],"collection":[{"href":"https:\/\/www.sik.fi\/index.php?rest_route=\/wp\/v2\/pages"}],"about":[{"href":"https:\/\/www.sik.fi\/index.php?rest_route=\/wp\/v2\/types\/page"}],"author":[{"embeddable":true,"href":"https:\/\/www.sik.fi\/index.php?rest_route=\/wp\/v2\/users\/1"}],"replies":[{"embeddable":true,"href":"https:\/\/www.sik.fi\/index.php?rest_route=%2Fwp%2Fv2%2Fcomments&post=183"}],"version-history":[{"count":2,"href":"https:\/\/www.sik.fi\/index.php?rest_route=\/wp\/v2\/pages\/183\/revisions"}],"predecessor-version":[{"id":1004,"href":"https:\/\/www.sik.fi\/index.php?rest_route=\/wp\/v2\/pages\/183\/revisions\/1004"}],"wp:featuredmedia":[{"embeddable":true,"href":"https:\/\/www.sik.fi\/index.php?rest_route=\/wp\/v2\/media\/182"}],"wp:attachment":[{"href":"https:\/\/www.sik.fi\/index.php?rest_route=%2Fwp%2Fv2%2Fmedia&parent=183"}],"curies":[{"name":"wp","href":"https:\/\/api.w.org\/{rel}","templated":true}]}}