{"id":1893,"date":"2021-08-24T17:56:51","date_gmt":"2021-08-24T14:56:51","guid":{"rendered":"https:\/\/www.sik.fi\/?page_id=1893"},"modified":"2023-10-20T22:07:04","modified_gmt":"2023-10-20T19:07:04","slug":"hymni","status":"publish","type":"page","link":"https:\/\/www.sik.fi\/?page_id=1893","title":{"rendered":"SIK-hymni"},"content":{"rendered":"\n<div data-wp-interactive=\"core\/file\" class=\"wp-block-file\"><object data-wp-bind--hidden=\"!state.hasPdfPreview\" hidden class=\"wp-block-file__embed\" data=\"https:\/\/www.sik.fi\/wp-content\/uploads\/2023\/10\/sik_hymni.pdf\" type=\"application\/pdf\" style=\"width:100%;height:1250px\" aria-label=\"Tiedoston SIK_Hymni.pdf upotus.\"><\/object><a id=\"wp-block-file--media-747c2237-3ef2-49f0-9e1e-78a777c6798b\" href=\"https:\/\/www.sik.fi\/wp-content\/uploads\/2023\/10\/sik_hymni.pdf\">SIK_Hymni.pdf<\/a><a href=\"https:\/\/www.sik.fi\/wp-content\/uploads\/2023\/10\/sik_hymni.pdf\" class=\"wp-block-file__button wp-element-button\" download aria-describedby=\"wp-block-file--media-747c2237-3ef2-49f0-9e1e-78a777c6798b\">Lataa<\/a><\/div>\n\n\n\n<p><em>(Ilkka Aaltonen -81)<\/em><\/p>\n\n\n\n<p>Kun m\u00e4 fuksina t\u00e4nne taapersin,<br>en tiennyt, mit\u00e4 s\u00e4hk\u00f6 on.<br>Meni innosta pieni p\u00e4\u00e4ni sekaisin,<br>laulukirja oli tarpeeton.<\/p>\n\n\n\n<p>Mulla kavaletti, nabla ja kosini fii<br>oli \u00f6isinkin mieless\u00e4.<br>Hetken taistelin, itkin, sitten ymm\u00e4rsin:<br>t\u00e4ss\u00e4 jotakin on pieless\u00e4.<\/p>\n\n\n\n<p>:,:Sill\u00e4 arvonimi teekkari sovi sulle ei,<br>jos vain Maxwell aikasi vei.<br>Kylm\u00e4\u00e4 kaljaa juo ja nauti nuoruudesta:,:<\/p>\n\n\n\n<p>Dippainssin\u00e4 sitten paljastan<br>vihdoin kaiken, mit\u00e4 s\u00e4hk\u00f6 on.<br>vetyfuusion voiman kun m\u00e4 valjastan,<br>siint\u00e4\u00e4 elonpolku puutteeton.<br>Mulla rommilevy, \u00e4llikorttikooditkin<br>on jo kirkkaana mieless\u00e4.<br>Monimeedian keksin, nettisysteemin<br>&#8211; silti kuiva pinta kieless\u00e4.<\/p>\n\n\n\n<p>:,:Sill\u00e4 arvonimi&#8230;:,:<\/p>\n\n\n\n<p>V\u00e4ikk\u00e4rinkin jo kansiin saaneena<br>yh\u00e4 mietin, mit\u00e4 s\u00e4hk\u00f6 on.<br>Kirjaa vaalin m\u00e4 suurena aarteena,<br>muttei sek\u00e4\u00e4n ole aukoton.<\/p>\n\n\n\n<p>Vaikka proffana tieteit\u00e4 opetan,<br>pala kurkkuun nousee nielless\u00e4.<br>Fuksin huomioon luentoni lopetan:<br>&#8211; Tuoksut tiedontuskanhielle s\u00e4!<\/p>\n\n\n\n<p>:,:Sill\u00e4 arvonimi&#8230;:,:<\/p>\n","protected":false},"excerpt":{"rendered":"<p>(Ilkka Aaltonen -81) Kun m\u00e4 fuksina t\u00e4nne taapersin,en tiennyt, mit\u00e4 s\u00e4hk\u00f6 on.Meni innosta pieni p\u00e4\u00e4ni sekaisin,laulukirja oli tarpeeton. Mulla kavaletti, nabla ja kosini fiioli \u00f6isinkin mieless\u00e4.Hetken taistelin, itkin, sitten ymm\u00e4rsin:t\u00e4ss\u00e4 jotakin on pieless\u00e4. :,:Sill\u00e4 arvonimi teekkari sovi sulle ei,jos vain Maxwell aikasi vei.Kylm\u00e4\u00e4 kaljaa juo ja nauti nuoruudesta:,: Dippainssin\u00e4 sitten &hellip;<\/p>\n","protected":false},"author":1,"featured_media":0,"parent":0,"menu_order":0,"comment_status":"closed","ping_status":"closed","template":"","meta":{"footnotes":""},"class_list":["post-1893","page","type-page","status-publish","hentry"],"_links":{"self":[{"href":"https:\/\/www.sik.fi\/index.php?rest_route=\/wp\/v2\/pages\/1893","targetHints":{"allow":["GET"]}}],"collection":[{"href":"https:\/\/www.sik.fi\/index.php?rest_route=\/wp\/v2\/pages"}],"about":[{"href":"https:\/\/www.sik.fi\/index.php?rest_route=\/wp\/v2\/types\/page"}],"author":[{"embeddable":true,"href":"https:\/\/www.sik.fi\/index.php?rest_route=\/wp\/v2\/users\/1"}],"replies":[{"embeddable":true,"href":"https:\/\/www.sik.fi\/index.php?rest_route=%2Fwp%2Fv2%2Fcomments&post=1893"}],"version-history":[{"count":8,"href":"https:\/\/www.sik.fi\/index.php?rest_route=\/wp\/v2\/pages\/1893\/revisions"}],"predecessor-version":[{"id":2374,"href":"https:\/\/www.sik.fi\/index.php?rest_route=\/wp\/v2\/pages\/1893\/revisions\/2374"}],"wp:attachment":[{"href":"https:\/\/www.sik.fi\/index.php?rest_route=%2Fwp%2Fv2%2Fmedia&parent=1893"}],"curies":[{"name":"wp","href":"https:\/\/api.w.org\/{rel}","templated":true}]}}