{"id":191,"date":"2023-08-01T21:04:16","date_gmt":"2023-08-01T18:04:16","guid":{"rendered":"http:\/\/uusi.sik.fi\/index.php\/2012\/03\/28\/mahdollisesti-hyoedyllisiae-linkkejae\/"},"modified":"2024-04-16T17:10:43","modified_gmt":"2024-04-16T14:10:43","slug":"mahdollisesti-hyoedyllisiae-linkkejae","status":"publish","type":"page","link":"https:\/\/www.sik.fi\/?page_id=191","title":{"rendered":"Hy\u00f6dyllisi\u00e4 linkkej\u00e4 alkuun"},"content":{"rendered":"\n<p><strong>Asuminen:<\/strong><br><a href=\"http:\/\/www.psoas.fi\/\" target=\"_blank\" rel=\"noopener\">http:\/\/www.psoas.fi<\/a><br>Psoas:n sivuilta l\u00f6yd\u00e4t itsellesi opiskelija-asumiseen liittyv\u00e4\u00e4 tietoa. Sielt\u00e4 voit hakea asuntoa Oulusta, mik\u00e4li sellainen viel\u00e4 uupuu. Voit toki my\u00f6s hakea asuntoa yksityiselt\u00e4 vuokranantajalta, mutta ne yleens\u00e4 ovat hintavampia kuin Psoasin tarjoamat.<br><br><\/p>\n\n\n\n<p><strong>Opiskelijan tuet:<br><\/strong><a href=\"https:\/\/www.kela.fi\/opintotuki\" data-type=\"link\" data-id=\"https:\/\/www.kela.fi\/opintotuki\">https:\/\/www.kela.fi\/opintotuki<\/a><br>T\u00e4\u00e4lt\u00e4 l\u00f6yd\u00e4t apua opintotuen hakemiseen ja siihen liittyviin asioihin.<br><br><a href=\"https:\/\/www.kela.fi\/asumistuki\" data-type=\"link\" data-id=\"https:\/\/www.kela.fi\/asumistuki\">https:\/\/www.kela.fi\/asumistuki<\/a><br>T\u00e4\u00e4lt\u00e4 l\u00f6yd\u00e4t apua asumistuen hakemiseen ja siihen liittyviin asioihin.<br><br><\/p>\n\n\n\n<p><strong>Terveys:<br><\/strong><a rel=\"noreferrer noopener\" href=\"https:\/\/www.yths.fi\/\" target=\"_blank\">https:\/\/www.yths.fi\/<\/a><br>Yths:n sivuilta l\u00f6yd\u00e4t opiskelijalle t\u00e4rkeimm\u00e4t terveyspalvelut. Sivulta voi varata itselleen ajan asiointiin ja my\u00f6s hammashoitoon ja hyvinvointiin.<br><br><a href=\"https:\/\/www.oulu.fi\/fi\/opintopsykologin-ohjauspalvelut\">https:\/\/www.oulu.fi\/fi\/opintopsykologin-ohjauspalvelut<\/a><br>T\u00e4\u00e4lt\u00e4 l\u00f6yd\u00e4t erityisapua opiskeluihisi, mik\u00e4li ne alkavat tuntumaan raskaalta ja haastavalta.<br><br><\/p>\n\n\n\n<p><strong>Opiskelu:<\/strong><br><a rel=\"noreferrer noopener\" href=\"https:\/\/www.oulu.fi\/fi\/yliopisto\/tiedekunnat-ja-yksikot\/tieto-ja-sahkotekniikan-tiedekunta\" target=\"_blank\">https:\/\/www.oulu.fi\/fi\/yliopisto\/tiedekunnat-ja-yksikot\/tieto-ja-sahkotekniikan-tiedekunta<\/a><br>Linkki oman tiedekunnan sivuille. Sielt\u00e4 l\u00f6yd\u00e4t uutisia ja hy\u00f6dyllist\u00e4 tietoa aloista tiedekunnan sis\u00e4ll\u00e4.<br><br><a rel=\"noreferrer noopener\" href=\"https:\/\/www.oulu.fi\/fi\/hae\/kandidaattiohjelmat\/elektroniikka-ja-tietoliikennetekniikka\" target=\"_blank\">https:\/\/www.oulu.fi\/fi\/hae\/kandidaattiohjelmat\/elektroniikka-ja-tietoliikennetekniikka<\/a><br>Oulun yliopiston sivut meid\u00e4n omasta alastamme.<br><br><a href=\"https:\/\/www.oulu.fi\/fi\/opiskelijalle\/peppi\">https:\/\/www.oulu.fi\/fi\/opiskelijalle\/peppi<\/a><br>Peppi on sovellus, jossa haet kursseille ja teet henkil\u00f6kohtaisen opintosuunnitelman. Sielt\u00e4 voi my\u00f6s seurata omien opintojen etenemist\u00e4.<br><br><a href=\"https:\/\/www.tuudo.fi\/\">https:\/\/www.tuudo.fi\/<\/a><br>Tuudo on mobiilisovellus, josta l\u00f6yd\u00e4t Oulun yliopiston kartan ja luokkahuoneet. Sielt\u00e4 my\u00f6s tulet n\u00e4ytt\u00e4m\u00e4\u00e4n opiskelijaoikeutesi mik\u00e4li k\u00e4yt\u00e4t opiskelijatarjouksia ravintoloissa tai matkustaessa.<br><br><a href=\"https:\/\/moodle.oulu.fi\/\">https:\/\/moodle.oulu.fi\/<\/a><br>Kurssin materiaalit ja teht\u00e4v\u00e4t l\u00f6ytyv\u00e4t mit\u00e4 todenn\u00e4k\u00f6isimmin moodlesta. Olet varmaan t\u00f6rm\u00e4nnyt t\u00e4h\u00e4n sovellukseen jo lukiossa tai armeijassa.<br><br><\/p>\n\n\n\n<p><strong>Opiskelijan vaikutuskanavat:<\/strong><br><a href=\"https:\/\/www.oyy.fi\/\">https:\/\/www.oyy.fi\/<\/a><br>Oulun yliopiston ylioppilaskunta ajaa opiskelijoiden etua ongelmatilanteissa ja vastaa my\u00f6s opiskelijoiden hyvinvoinnista ja tapahtumista.<br><br><a href=\"https:\/\/www.oty.fi\/fi\/etusivu-2\/\">https:\/\/www.oty.fi\/<\/a><br>Oulun teekkariyhdistys on Oulun teekkarialojen kattokilta. OTY yll\u00e4pit\u00e4\u00e4 oululaista teekkarikulttuuria ja j\u00e4rjest\u00e4\u00e4 tapahtumia teekkarikiltojen kesken.<br><br><\/p>\n\n\n\n<p><strong>Opiskelijan vapaa-aika:<\/strong><br><a href=\"https:\/\/unimoveoulu.fi\/\">https:\/\/unimoveoulu.fi\/<\/a><br>UniMove tarjoaa opiskelijalle mahdollisuuden harrastaa liikuntaa ja kehitt\u00e4\u00e4 omaa hyvinvointia.<br><br><a href=\"https:\/\/www.oyy.fi\/yhteiso\/opiskelijajarjestot\/\">https:\/\/www.oyy.fi\/yhteiso\/opiskelijajarjestot\/<\/a><br>T\u00e4\u00e4lt\u00e4 l\u00f6yd\u00e4t tietoa Oulun alueella toimivista opiskelijoiden aine- ja harrastej\u00e4rjest\u00f6ist\u00e4. Sielt\u00e4 kyll\u00e4 jokainen l\u00f6yt\u00e4\u00e4 itselleen uuden harrastuksen tai porukan, jonka kanssa harrastaa, joten suosittelen vilkaisemaan mahdollisuuksia.<br><br><a href=\"https:\/\/www.oulu.fi\/fi\/opiskelijalle\/hyvinvointi-ja-arki\/yliopistopastori\">https:\/\/www.oulu.fi\/fi\/opiskelijalle\/hyvinvointi-ja-arki\/yliopistopastori<\/a><br>T\u00e4\u00e4lt\u00e4 l\u00f6yd\u00e4t hengellisyyteen ja uskontoon liittyv\u00e4t asiat.<\/p>\n","protected":false},"excerpt":{"rendered":"<p>Asuminen:http:\/\/www.psoas.fiPsoas:n sivuilta l\u00f6yd\u00e4t itsellesi opiskelija-asumiseen liittyv\u00e4\u00e4 tietoa. Sielt\u00e4 voit hakea asuntoa Oulusta, mik\u00e4li sellainen viel\u00e4 uupuu. Voit toki my\u00f6s hakea asuntoa yksityiselt\u00e4 vuokranantajalta, mutta ne yleens\u00e4 ovat hintavampia kuin Psoasin tarjoamat. Opiskelijan tuet:https:\/\/www.kela.fi\/opintotukiT\u00e4\u00e4lt\u00e4 l\u00f6yd\u00e4t apua opintotuen hakemiseen ja siihen liittyviin asioihin. https:\/\/www.kela.fi\/asumistukiT\u00e4\u00e4lt\u00e4 l\u00f6yd\u00e4t apua asumistuen hakemiseen ja siihen liittyviin asioihin. &hellip;<\/p>\n","protected":false},"author":27,"featured_media":0,"parent":0,"menu_order":22,"comment_status":"closed","ping_status":"open","template":"","meta":{"footnotes":""},"class_list":["post-191","page","type-page","status-publish","hentry"],"_links":{"self":[{"href":"https:\/\/www.sik.fi\/index.php?rest_route=\/wp\/v2\/pages\/191","targetHints":{"allow":["GET"]}}],"collection":[{"href":"https:\/\/www.sik.fi\/index.php?rest_route=\/wp\/v2\/pages"}],"about":[{"href":"https:\/\/www.sik.fi\/index.php?rest_route=\/wp\/v2\/types\/page"}],"author":[{"embeddable":true,"href":"https:\/\/www.sik.fi\/index.php?rest_route=\/wp\/v2\/users\/27"}],"replies":[{"embeddable":true,"href":"https:\/\/www.sik.fi\/index.php?rest_route=%2Fwp%2Fv2%2Fcomments&post=191"}],"version-history":[{"count":6,"href":"https:\/\/www.sik.fi\/index.php?rest_route=\/wp\/v2\/pages\/191\/revisions"}],"predecessor-version":[{"id":2500,"href":"https:\/\/www.sik.fi\/index.php?rest_route=\/wp\/v2\/pages\/191\/revisions\/2500"}],"wp:attachment":[{"href":"https:\/\/www.sik.fi\/index.php?rest_route=%2Fwp%2Fv2%2Fmedia&parent=191"}],"curies":[{"name":"wp","href":"https:\/\/api.w.org\/{rel}","templated":true}]}}