{"id":192,"date":"2023-08-01T22:56:55","date_gmt":"2023-08-01T19:56:55","guid":{"rendered":"http:\/\/uusi.sik.fi\/index.php\/2012\/03\/28\/sanastoa-ja-lyhenteitae\/"},"modified":"2026-03-09T15:31:05","modified_gmt":"2026-03-09T13:31:05","slug":"sanastoa-ja-lyhenteitae","status":"publish","type":"page","link":"https:\/\/www.sik.fi\/?page_id=192","title":{"rendered":"Sanastoa ja lyhenteit\u00e4"},"content":{"rendered":"\n<p>Muutamia k\u00e4sitteit\u00e4, joihin t\u00f6rm\u00e4\u00e4t ennemmin tai my\u00f6hemmin:<\/p>\n\n\n\n<p><strong>Aalto-yliopisto<\/strong><br>Akateeminen oppilaitos isolla kirkolla akselilla Espoo-Helsinki. Siell\u00e4 majailee mm. sisarkiltamme Aalto-yliopiston s\u00e4hk\u00f6insin\u00f6\u00f6rikilta.<\/p>\n\n\n\n<p><strong>Akateemiset alkajaiset<\/strong><br>Lukuvuoden ensimm\u00e4iset hippalot.<\/p>\n\n\n\n<p><strong>Arkkari<\/strong><br>Arkkitehti, yleens\u00e4 -opiskelija eli -ylioppilas. Valkoiset haalarit, ennen lymyiliv\u00e4t keskustassa. Arkkareilla on kiva kiltatalo saunoineen Pikisaaressa. Arkkitehtikillan sivut: <a href=\"https:\/\/oulunarkkitehtikilta.net\/\" target=\"_blank\" rel=\"noreferrer noopener\">https:\/\/oulunarkkitehtikilta.net\/<\/a><\/p>\n\n\n\n<p><strong>Arkkitehti<\/strong><br>Valmistunut arkkari.<\/p>\n\n\n\n<p><strong>Armatuuri<\/strong><br>Energiatekniikan kilta lappeen Rannassa, yksi Suomen s\u00e4hk\u00f6killoista eli sisarkilta. Sivut: <a href=\"https:\/\/www.armatuuri.fi\/\">https:\/\/www.<\/a><a rel=\"noreferrer noopener\" href=\"https:\/\/www.armatuuri.fi\/\" target=\"_blank\">armatuuri<\/a><a href=\"https:\/\/www.armatuuri.fi\/\">.fi\/<\/a><\/p>\n\n\n\n<p><strong>Assari<\/strong><br>Assistentti, yliopistolla ty\u00f6skentelev\u00e4 tieteenharjoittaja, professorien nakkikone ja opiskelijoiden ylin yst\u00e4v\u00e4.<\/p>\n\n\n\n<p><strong>Blanko \/ Blansso<\/strong><br>Oulun tietojenk\u00e4sittelij\u00f6iden kilta, koodihirmuja ja n\u00f6rttej\u00e4 siin\u00e4 miss\u00e4 mekin, mutta niill\u00e4 vaan ei pysy laskin k\u00e4dess\u00e4. Sivut: <a rel=\"noreferrer noopener\" href=\"https:\/\/blanko.fi\/\" target=\"_blank\">https:\/\/blanko.fi\/<\/a><\/p>\n\n\n\n<p><strong>CV<\/strong><br>Curriculum Vitae, ansioluettelo. Tarvitaan mm. kes\u00e4ty\u00f6n haussa.<\/p>\n\n\n\n<p><strong>Diplomi-insin\u00f6\u00f6ri, DI<\/strong><br>Valmistunut teekkari.<\/p>\n\n\n\n<p><strong>Excursio, Excu<\/strong><br>Tutustumisretki esim. yritykseen sek\u00e4 muihin n\u00e4ht\u00e4vyyksiin ja tapahtumiin.<\/p>\n\n\n\n<p><strong>Fuksi, Phuksi, Phuxi, Fuxi<\/strong><br>Ensimm\u00e4isen vuoden opiskelija. <\/p>\n\n\n\n<p><strong>Fuksiexcu<\/strong><br>Syksyll\u00e4 j\u00e4rjestett\u00e4v\u00e4 fuksien ikioma ja ensimm\u00e4inen excursio.<\/p>\n\n\n\n<p><strong>Fuksijaos<\/strong><br>Teekkarikiltojen fuksivastaavat apulaisineen muodostavat fuksijaoksen. J\u00e4rjest\u00e4v\u00e4t kaikkea kivaa fukseille.<\/p>\n\n\n\n<p><strong>Fuksipassi<\/strong><br>L\u00e4rp\u00e4ke, johon ker\u00e4t\u00e4\u00e4n fuksipisteit\u00e4. Tuutorit voivat antaa 1-2 pistett\u00e4 ja fuksijaoslainen sek\u00e4 killan puheenjohtaja 1-3 pistett\u00e4.<\/p>\n\n\n\n<p><strong>Fuksipiste<\/strong><br>Osoitus toimeliaisuudesta, niit\u00e4 ansaitaan tapahtumista. Pisteit\u00e4 vaaditaan 4 per sarake, mik\u00e4li haluat saada teekkarilakin p\u00e4\u00e4h\u00e4n wappuna.<\/p>\n\n\n\n<p><strong>Fuksilakki<\/strong><br>Teekkarilakin kokeiluversio, jolla fuksit opettelevat teekkarilakin k\u00e4ytt\u00f6\u00e4 pitkin talven. Fuksi saa fuksilakin syksyn lakinlaskijaisissa ja Wappuna se poltetaan.<\/p>\n\n\n\n<p><strong>Fuksivastaava \/ Super-tuutori<\/strong><br>Killan hallituksen j\u00e4sen, joka huolehtii fukseista, tuutoreista ja fuksiasioista. Toimii my\u00f6s linkkin\u00e4 tuutorien ja omaopettajan v\u00e4lill\u00e4.<\/p>\n\n\n\n<p><strong>Gambina \/ Gee<\/strong><br>Gambina on opiskelijoiden kulttisuosioon noussut alkoholipitoinen elintarvike. Nykyisin jokainen l\u00f6yt\u00e4\u00e4 itsens\u00e4 gambinakokouksesta (Gokous), jossain vaiheessa opiskelijauraansa, kiitos Santeri &#8221;isopropanoli&#8221;.<\/p>\n\n\n\n<p><strong>Haalarit<\/strong><br>K\u00e4yt\u00e4nn\u00f6llinen asuste, joka vapauttaa vaatteiden valinnasta. Jokaisella killalla oman v\u00e4riset, s\u00e4hk\u00f6ll\u00e4 <mark style=\"background-color:rgba(0, 0, 0, 0);color:#2c75ff\" class=\"has-inline-color\">s\u00e4hk\u00f6nsiniset<\/mark>. Hex-arvo: #2C75FF<\/p>\n\n\n\n<p><strong>Haalarimerkki<\/strong><br>Kangasmerkki, joita ommellaan haalareihin. Niit\u00e4 voi hankkia tapahtumista tai ostaa killoilta ja j\u00e4rjest\u00f6ilt\u00e4. Liimatun merkin saat repi\u00e4 toisen haalareista h\u00e4p\u00e4isyksi. T\u00e4\u00e4lt\u00e4 l\u00f6yd\u00e4t meid\u00e4n omat haalarimerkit: <a rel=\"noreferrer noopener\" href=\"https:\/\/www.sik.fi\/?page_id=116\" target=\"_blank\">https:\/\/www.sik.fi\/haalarimerkit<\/a><\/p>\n\n\n\n<p><strong>Hervanta<\/strong><br>Tamperelaisten teekkarien versio Linnanmaasta. <\/p>\n\n\n\n<p><strong>Humanisti<\/strong><br>Humanististen tieteiden opiskelija. Useimmiten henkil\u00f6, jolla on teekkarista poikkeava k\u00e4sitt\u00e4m\u00e4t\u00f6n logiikka.<\/p>\n\n\n\n<p><strong>Humanistip\u00e4\u00e4ty (nyk. OAMK-p\u00e4\u00e4ty)<\/strong><br>Yliopiston uusi puoli, rakennuksen pohjoisin osa, jossa ennen sijaitsivat humanistinen sek\u00e4 kasvatustieteellinen tiedekunta. OAMK vallannut tilat.<\/p>\n\n\n\n<p><strong>Humukuppila<\/strong><br>Humanistien kahvila humanistien siirtotiloissa geok\u00e4yt\u00e4v\u00e4ll\u00e4.<\/p>\n\n\n\n<p><strong>Hurmos<\/strong><br>Hurmos on oululainen opiskelijoiden festivaali, joka koostuu p\u00e4iv\u00e4tapahtumasta ja iltatapahtumasta. P\u00e4iv\u00e4ll\u00e4 yliopistolla yritykset esittelev\u00e4t toimintaansa ja yritt\u00e4v\u00e4t saada tulevia kes\u00e4ty\u00f6ntekij\u00f6it\u00e4. Iltatapahtumassa juhlitaan ja nautitaan musiikkikeikoista.<\/p>\n\n\n\n<p><strong>J-k\u00e4yt\u00e4v\u00e4 \/ Fysiikan k\u00e4yt\u00e4v\u00e4<\/strong><br>K\u00e4yt\u00e4v\u00e4, joka jatkuu vihreilt\u00e4 naulakoilta. K\u00e4yt\u00e4v\u00e4n varrella l\u00f6ytyy &#8221;SIK&#8221; -kyltti, joka osoittaa kellarikerrokseen, josta l\u00f6ytyy SIK:n kiltahuone.<\/p>\n\n\n\n<p><strong>Markon kuukautiset<\/strong> (aiemmin Jarin Kuukautiset)<br>Kerran kuussa Marko Neitola (tutkinto-ohjelman vastuuhenkil\u00f6) tulee k\u00e4ym\u00e4\u00e4n kiltahuoneella kysym\u00e4ss\u00e4 fiiliksi\u00e4 ja parannuskehotuksia kursseihin ja opetukseen liittyen.<\/p>\n\n\n\n<p><strong>Kandi<\/strong><br>Kandidaatiksi valmistunut tekniikan ylioppilas (~3 vuotta opiskellut). Kandi voi tarkoittaa my\u00f6s kandidaatinty\u00f6t\u00e4, joka tehd\u00e4\u00e4n alemman tutkinnon suorittamiseksi.<\/p>\n\n\n\n<p><strong>Kiltahuone<\/strong><br>S\u00e4hk\u00f6l\u00e4isen keidas, olohuone, jossa voi tankata hengen ravintoa mm. tapaamalla samanhenkist\u00e4 seuraa, lukea tenttiin, heitt\u00e4\u00e4 tikkaa tai kuunnella fossiileita. Kiltiksell\u00e4 on my\u00f6s myynniss\u00e4 pient\u00e4 purtavaa ja maan mainiota kahvia* (Sit\u00e4 hintalaatusuhdepommi Saludoa tai Juhlamokkaa). L\u00e4mpim\u00e4sti tervetuloa!<\/p>\n\n\n\n<p><strong>Kokardi<\/strong><br>Tunnus teekkarilakin lipan yl\u00e4puolella. Oulussa, joka teekkarikillalla ja OTY:ll\u00e4 omansa, esim. SIK omaa salaman muotoisen kokardin. Hallituslaisilla on oma kultainen hallituskokardi, joka kiinnitet\u00e4\u00e4n oikealle sivulle, teekkarilakin tippaan.<\/p>\n\n\n\n<p><strong>Kopiokone<\/strong><br>Yliopiston nopein luennoitsija, aamu-unisen paras yst\u00e4v\u00e4. \u00c4l\u00e4 riko sit\u00e4! Niit\u00e4 kannattaa k\u00e4ytt\u00e4\u00e4.<\/p>\n\n\n\n<p><strong>Kylteri<\/strong><br>Kauppatieteen ylioppilas.<\/p>\n\n\n\n<p><strong>K\u00e4pistelij\u00e4<\/strong><br>Tietojenk\u00e4sittelij\u00e4 \/ koodari.<\/p>\n\n\n\n<p><strong>Lakinlaskijaiset<\/strong><br>Bileet syyskuun lopussa, jolloin teekkarilakki otetaan pois p\u00e4\u00e4st\u00e4 ja laitetaan odottamaan uutta Wappua. Tapahtumassa fuksit saavat itselleen oman kokeiluversionsa teekkarilakista, fuksilakin.<\/p>\n\n\n\n<p><strong>Laskarit<\/strong><br>Laskuharjoitukset, joissa opiskelijat harjoittelevat kurssiin tarvittavia laskutaitoja. Kurssin l\u00e4p\u00e4isytodenn\u00e4k\u00f6isyys kasvaa huomattavasti, jos laskareissa tulee k\u00e4yty\u00e4.<\/p>\n\n\n\n<p><strong>Lipasto<\/strong><br>Oulun yliopisto.<\/p>\n\n\n\n<p><strong>M\u00f6ykk\u00e4waunut<\/strong><br>Mobiilin \u00e4\u00e4nentoiston uranuurtaja. Ks. tarkemmin: <a href=\"https:\/\/www.sik.fi\/?page_id=181\">M\u00f6ykk\u00e4vaunut<\/a><\/p>\n\n\n\n<p><strong>Molut<\/strong><br>Maito + olut = molut, sekoitussuhteen saat p\u00e4\u00e4tt\u00e4\u00e4 itse. Oulun tietoteekkarien lanseeraama konsepti, jossa haastetaan ihmisen k\u00e4sityst\u00e4 juomakelpoisesta alkoholijuomasta. Maista ja yll\u00e4ty!<\/p>\n\n\n\n<p><strong>N, N:s<\/strong><br>1) Aakkosten 19. kirjain.<br>2) Vuosikursseissa 5. tai sit\u00e4 vanhempi.<br>3) Yleens\u00e4 ep\u00e4m\u00e4\u00e4r\u00e4inen, hyvin suuri luku.<\/p>\n\n\n\n<p><strong>NeverSki-sukset<\/strong><br>S\u00e4hk\u00f6nsininen suksipari, jolla hiiht\u00e4miseen tarvitsee yhteens\u00e4 kolme kaveria. Suksivoiteita ei tarvitse asettaa suksien pohjaan, sill\u00e4 ne olivat jo syntyess\u00e4\u00e4n t\u00e4ydelliset.<\/p>\n\n\n\n<p><strong>Noppa<\/strong><br>1) Peliv\u00e4line, arpakuutio.<br>2) Kutsuvat n\u00e4it\u00e4 my\u00f6s opintopisteiksi. Tarvitset niit\u00e4 180 kandivaiheessa ja 300 valmistuaksesi diplomi-insin\u00f6\u00f6riksi.<\/p>\n\n\n\n<p><strong>Opintopiste<\/strong><br>Yksi opintopiste vastaa noin 27 tunnin ty\u00f6m\u00e4\u00e4r\u00e4\u00e4 ja yleisin opintopistem\u00e4\u00e4r\u00e4 per kurssi on 5. Ker\u00e4\u00e4 n\u00e4it\u00e4 300 ja valmistut!<\/p>\n\n\n\n<p><strong>Otaniemi<\/strong><br>Syrj\u00e4inen paikka kaukana Helsingin ja Espoon rajamailla, jossa sijaitsee Teknillinen Korkeakoulu, ja n\u00e4in ollen paljon teekkareita.<\/p>\n\n\n\n<p><strong>Olto<\/strong><br>Oulun l\u00e4\u00e4ketieteen tekniikan opiskelijat. Ks. tarkemmin <a href=\"https:\/\/www.olto.fi\/\" target=\"_blank\" rel=\"noreferrer noopener\">https:\/\/www.olto.fi\/<\/a><\/p>\n\n\n\n<p><strong>OYY<\/strong><br>Oulun Yliopiston Ylioppilaskunta. Jos opiskelet Oulun yliopistossa, olet t\u00e4m\u00e4n j\u00e4sen. Sivut: <a rel=\"noreferrer noopener\" href=\"https:\/\/www.oyy.fi\/\" target=\"_blank\">https:\/\/www.oyy.fi\/<\/a><\/p>\n\n\n\n<p><strong>OPM \/ OPMx2<\/strong><br>1) Oma pullo mukaan.<br>2) Oma pyyhe mukaan.<br>3) Oma pitsa mukaan.<br>kutsuissa usein etenkin 1) ja 2) yhdess\u00e4 (OPMx2), noudata ohjetta.<\/p>\n\n\n\n<p><strong>OPTIEM<\/strong><br>Oulun tuotantotalousteekkarit ry. K\u00e4sien heiluttelija. Sivut: <a href=\"https:\/\/optiem.fi\/\" target=\"_blank\" rel=\"noreferrer noopener\">https:\/\/optiem.fi\/<\/a><\/p>\n\n\n\n<p><strong>OTiT<\/strong><br>Oulun Tietoteekkarit. Sisarkilta, vaikka n\u00f6rttej\u00e4 miehi\u00e4 ja naisia mustissa ovatkin.<br>Kiltahuone X-k\u00e4yt\u00e4v\u00e4n pommisuojassa Finanssin naapurissa. Sivut: <a href=\"https:\/\/otit.fi\/\" target=\"_blank\" rel=\"noreferrer noopener\">https:\/\/otit.fi\/<\/a><\/p>\n\n\n\n<p><strong>OTY<\/strong><br>Oulun Teekkariyhdistys ry. Oululaisten teekkarikiltojen kattoj\u00e4rjest\u00f6. T\u00e4\u00e4lt\u00e4 l\u00f6yd\u00e4t sivut: <a rel=\"noreferrer noopener\" href=\"https:\/\/www.oty.fi\" target=\"_blank\">https:\/\/www.oty.fi<\/a><\/p>\n\n\n\n<p><strong>Pannuhuone<\/strong><br>Toinen nimitys meid\u00e4n rakkaalle kiltahuoneellemme. Lore: 2023 s\u00e4hk\u00f6p\u00e4ivill\u00e4 er\u00e4s saman vuoden fuksi her\u00e4si Pii-klubin pannuhuoneen lattialta boilerin takaa klo 8.27. Y\u00f6n pikkutunteina kadonnutta fuksia ei l\u00f6yt\u00e4nyt edes Tampereen poliisi, siisp\u00e4 fuksi l\u00f6ysi itsens\u00e4. Marssiessaan Kalevan lukiolle ilman kenki\u00e4 tai takkia fuksi tiesi, ett\u00e4 uusi nimitys kiltahuoneelle on syntynyt.<\/p>\n\n\n\n<p><strong>Peppi<\/strong><br>Sovellus, josta ilmottaudutaan kursseille ja seurataan niiden editymist\u00e4.<\/p>\n\n\n\n<p><strong>Picojoule<\/strong><br>1) Pikkuriikkinen m\u00e4\u00e4r\u00e4 energiaa.<br>2) OTY:n pikkujoulut.<\/p>\n\n\n\n<p><strong>Pruju<\/strong><br>Paperinen kurssimateriaali. Nyky\u00e4\u00e4n puhutaan my\u00f6s moodlen opiskelumateriaalia prujuiksi s\u00e4hk\u00f6istymisen my\u00f6t\u00e4.<\/p>\n\n\n\n<p><strong>Prose<\/strong><br>Prosessitekniikka. Sivut: <a href=\"https:\/\/www.prosessikilta.fi\/\" target=\"_blank\" rel=\"noreferrer noopener\">https:\/\/www.prosessikilta.fi\/<\/a><\/p>\n\n\n\n<p><strong>Raksa<\/strong><br>Oulun yliopiston Ymp\u00e4rist\u00f6rakentajakilta ry. Sivut: <a href=\"http:\/\/www.ymparistorakentajakilta.net\/\" target=\"_blank\" rel=\"noreferrer noopener\">http:\/\/www.ymparistorakentajakilta.net\/<\/a><\/p>\n\n\n\n<p><strong>SIK ry<\/strong><br>S\u00e4hk\u00f6insin\u00f6\u00f6rikilta ry. Sinun, minun, meid\u00e4n kilta. Hienot s\u00e4hk\u00f6nsiniset haalarit. Sivut: <a href=\"https:\/\/www.youtube.com\/watch?v=dQw4w9WgXcQ\">https:\/\/www.sik.fi\/<\/a><\/p>\n\n\n\n<p><strong>Etel\u00e4n SIK \/ Otaniemen SIK<\/strong><br>Aalto-yliopiston S\u00e4hk\u00f6insin\u00f6\u00f6rikilta ry. Lyhenet\u00e4\u00e4n my\u00f6s ASIK. (ei tule sekoittaa Nokian valmistamaan samannimiseen 5G Basebandiin) Sisarkilta Otaniemess\u00e4. Sivut: <a href=\"https:\/\/sahkoinsinoorikilta.fi\/\" target=\"_blank\" rel=\"noreferrer noopener\">https:\/\/sahkoinsinoorikilta.fi\/<\/a><\/p>\n\n\n\n<p><strong>Sillis<\/strong><br>Silliaamiainen. Isompien juhlien, kuten vuosijuhlien ja Wapun j\u00e4lkeisen\u00e4 aamuna j\u00e4rjestett\u00e4v\u00e4 n:nsien jatkojen j\u00e4lkeinen v\u00e4litankkaus. Nyky\u00e4\u00e4n silliksill\u00e4 ei juurikaan silli\u00e4 sy\u00f6d\u00e4.<\/p>\n\n\n\n<p><strong>Sinssi<\/strong><br>kiltamme p\u00e4\u00e4-\u00e4\u00e4nenkannattaja, ilmestyy noin nelj\u00e4 kertaa vuodessa. Journalistinen helmi, puolueeton uutismedia, A5-tason vessapaperi. Sinssin l\u00f6yd\u00e4t t\u00e4\u00e4lt\u00e4: <a href=\"https:\/\/www.sik.fi\/?page_id=120\" target=\"_blank\" rel=\"noreferrer noopener\">https:\/\/www.sik.fi\/sinssi<\/a><\/p>\n\n\n\n<p><strong>Skinnarila<\/strong><br>Lappeen Rannan teekkarien Linnanmaa.<\/p>\n\n\n\n<p><strong>Solmu<\/strong><br>Oululaisten teekkarien tupsulakin narussa ylpe\u00e4n\u00e4 kantama naruviritys. Jokaisen (1-4) vietetyn teekkariwapun j\u00e4lkeen saa solmia yhden solmun. 4:en solmun j\u00e4lkeen ne avataan ja tilalle tehd\u00e4\u00e4n vetosolmu l. lenkki. Muilla teekkaripaikkakunnilla solmulla on eri merkityksi\u00e4.<\/p>\n\n\n\n<p><strong>Speksi<\/strong><br>Interaktiivinen musiikkin\u00e4ytelm\u00e4. Speksin j\u00e4rjest\u00e4\u00e4: <a href=\"https:\/\/pahki.fi\/\" target=\"_blank\" rel=\"noreferrer noopener\">https:\/\/pahki.fi\/<\/a><\/p>\n\n\n\n<p><strong>SYK<\/strong><br>S\u00e4hk\u00f6kiltojen Yhteisty\u00f6kokous. J\u00e4rjestet\u00e4\u00e4n kahdesti vuodesti, n\u00e4iss\u00e4 tavataan saman alan opiskelijoita ymp\u00e4ri Suomea ja keskustellaan kaikille s\u00e4hk\u00f6killoille yhteisist\u00e4 asioista.<\/p>\n\n\n\n<p><strong>S\u00e4hk\u00f6l\u00e4inen<\/strong><br>Tieto- ja s\u00e4hk\u00f6tekniikan tiedekunnassa elektroniikkaa ja tietoliikennetekniikkaa opiskeleva tekniikan ylioppilas tai kandidaatti.<\/p>\n\n\n\n<p><strong>S\u00e4hk\u00f6kilta \/ Skilta<\/strong><br>Tamperelaisten s\u00e4hk\u00f6teekkarien oma kilta. Sivut: <a href=\"https:\/\/www.skilta.fi\/\" target=\"_blank\" rel=\"noreferrer noopener\">https:\/\/www.skilta.fi\/<\/a><\/p>\n\n\n\n<p><strong>S\u00e4hk\u00f6posti<\/strong><br>Opettele sen k\u00e4ytt\u00f6 heti! Ilman ei voi el\u00e4\u00e4. K\u00e4yt\u00f6ss\u00e4 Outlook.<\/p>\n\n\n\n<p><strong>S\u00e4tky<\/strong><br>S\u00e4hk\u00f6teekkareiden yhdistys, toinen lappeen Rantalaisista <strong>s\u00e4hk\u00f6killoista<\/strong>. Sivut: <a href=\"https:\/\/www.satky.fi\/\" target=\"_blank\" rel=\"noreferrer noopener\">https:\/\/www.satky.fi\/<\/a><\/p>\n\n\n\n<p><strong>S\u00f6ss\u00f6<\/strong><br>Otaniemen SIK:in kiltalehti. L\u00f6yd\u00e4t t\u00e4\u00e4lt\u00e4: <a rel=\"noreferrer noopener\" href=\"https:\/\/sosso.fi\/\" target=\"_blank\">https:\/\/sosso.fi\/<\/a> (Ei toimi muokkaushetkell\u00e4)<\/p>\n\n\n\n<p><strong>Teekkari<\/strong><br>V\u00e4hint\u00e4\u00e4n toisen vuosikurssin tekniikan ylioppilas tai tekniikan kandidaatti.<\/p>\n\n\n\n<p><strong>Teekkarilakki \/ Tupsulakki \/ Lakki<\/strong><br>Ylioppilaslakkia muistuttava lakki, josta roikkuu musta silkist\u00e4 valmistettu tupsu. Teekkarilakki on teekkareita yhdist\u00e4v\u00e4 p\u00e4\u00e4hine, jota tulee kohdella kunnioituksella. Oululaisen teekkarilakin tunnistaa py\u00f6re\u00e4st\u00e4 muodostaan ja siit\u00e4 ett\u00e4 tupsu alkaa hatussa sijaitsevasta tipasta. Tupsussa olevien solmujen m\u00e4\u00e4r\u00e4 kertoo opiskelijan selvityt Waput (ts. solmut paljastavat vuosikurssin). Vetosolmu merkkaa n-vuoden opiskelijaa eli opiskelijaa, joka opiskelee ylivuotisia. Otaniemess\u00e4 ja Tampereella lakit 6-kulmaisia ja Lappeenrannassa lakista l\u00f6ytyy 7 kulmaa, tupsu l\u00e4htee lakin p\u00e4\u00e4lt\u00e4, eik\u00e4 niihin tehd\u00e4 solmuja. Lakkilain voit lukea t\u00e4\u00e4lt\u00e4: <a href=\"https:\/\/www.oty.fi\/fi\/lakkilaki\/\">https:\/\/www.oty.fi\/fi\/lakkilaki\/<\/a><\/p>\n\n\n\n<p><strong>Tupsufuksi<\/strong><br>Teekkari, jonka lakissa on yksi solmu (k\u00e4yt\u00e4nn\u00f6ss\u00e4 toisen vuosikurssin teekkari).<\/p>\n\n\n\n<p><strong>TEK<\/strong><br>Tekniikan akateemiset. Ammattiliitto, joka valvoo tekniikan opiskelijan ja diplomi-insin\u00f6\u00f6rin etua, ja tarjoaa joskus muutakin mukavaa. Kandee liittyy nopee! Sivut: <a href=\"https:\/\/www.tek.fi\">https:\/\/www.tek.fi<\/a><\/p>\n\n\n\n<blockquote class=\"wp-block-quote is-layout-flow wp-block-quote-is-layout-flow\">\n<p>&#8221;Tekki sponssaa!&#8221;<\/p>\n<cite>-Tapahtumaa suunnitteleva hallituslainen<\/cite><\/blockquote>\n\n\n\n<p><strong>TellUs<\/strong><br>Opiskelualue kiltahuoneen l\u00e4hell\u00e4, oiva paikka itseopiskelulle yksin tai ryhm\u00e4ss\u00e4. Telluksesta l\u00f6ytyy paljon opiskelutilaa mukaanlukien p\u00f6yti\u00e4, ty\u00f6p\u00f6yti\u00e4 sek\u00e4 varattavia tiloja ja koppeja.<\/p>\n\n\n\n<p><strong>Tempaus<\/strong><br>Iso joukko teekkareita kollektiivisesti pit\u00e4m\u00e4ss\u00e4 hauskaa ja samalla vaikuttamassa hyv\u00e4n asian puolesta.<\/p>\n\n\n\n<p><strong>Tuutori<\/strong><br>Tutor-opiskelija, fuksin toiseksi paras kaveri. Kysy ja k\u00e4yt\u00e4 hyv\u00e4ksesi, siit\u00e4 sille maksetaan.<\/p>\n\n\n\n<p><strong>Wappu<\/strong><br>Vuoden p\u00e4\u00e4tapahtuma, alkaa pari viikkoa etupeltoon ja huipentuu p\u00e4\u00e4p\u00e4iv\u00e4\u00e4n 1.5. <br>Teekkarien joulu, juhannus ja uusi vuosi samassa paketissa. <\/p>\n\n\n\n<p><strong>Waunut<\/strong><br>ks. M\u00f6ykk\u00e4waunut.<\/p>\n\n\n\n<p><strong>Wesibussi<\/strong><br>Oulun yliopiston teekkareiden j\u00e4rjest\u00e4m\u00e4 Wapun hyv\u00e4ntekev\u00e4isyystempaus, joka on polkaistu k\u00e4yntiin vuonna 1999. WesiBussin ideana on siirty\u00e4 paikasta toiseen keskeytt\u00e4m\u00e4tt\u00e4 bileit\u00e4. Wesibussi kuuluu olennaisena osana oululaiseen Teekkariwappuun. Instagram: <a href=\"https:\/\/www.instagram.com\/wesibussi\/\" target=\"_blank\" rel=\"noreferrer noopener\">https:\/\/www.instagram.com\/wesibussi\/<\/a><\/p>\n\n\n\n<p><strong>Ylioppilaskunta<\/strong><br>Lakis\u00e4\u00e4teinen yliopisto-opiskelijoiden yhteenliittym\u00e4, jolla on edunvalvonta- ja hallintoteht\u00e4vi\u00e4 yliopiston ja j\u00e4senist\u00f6ns\u00e4 parissa. Ks. t\u00e4\u00e4lt\u00e4 Oulun oma: <a href=\"https:\/\/www.oyy.fi\/\" target=\"_blank\" rel=\"noreferrer noopener\">https:\/\/www.oyy.fi\/<\/a><\/p>\n\n\n\n<p><strong>YKHS<\/strong><br>Yst\u00e4v\u00e4llinen KaunoHiihtoSeura. Sivut: <a href=\"https:\/\/www.ykhs.fi\/\" target=\"_blank\" rel=\"noreferrer noopener\">https:\/\/www.ykhs.fi\/<\/a><\/p>\n\n\n\n<p><strong>Ymppil\u00e4inen<\/strong><br>Ymp\u00e4rist\u00f6tekniikkaa opiskeleva oululainen tekniikan ylioppilas, jonka tunnistaa sini-puna-keltahaalareista. <\/p>\n\n\n\n<p><strong>YTHS<\/strong><br>Ylioppilaiden terveydenhoitos\u00e4\u00e4ti\u00f6. Apua melkein kaikkiin vaivoihin. Oulussa fyysisesti Tietotalon ja Yliopistokadun v\u00e4liss\u00e4. Sivut: <a rel=\"noreferrer noopener\" href=\"https:\/\/www.yths.fi\/\" target=\"_blank\">https:\/\/www.yths.fi\/<\/a><\/p>\n\n\n\n<p><strong>\u00d6\u00f6pinen<\/strong><br>Oululainen, arkkarien toimittama Wappulehti. Sivut: <a href=\"https:\/\/oulunarkkitehtikilta.net\/myynti\/oopinen\/\" target=\"_blank\" rel=\"noreferrer noopener\">https:\/\/oulunarkkitehtikilta.net\/myynti\/oopinen\/<\/a><\/p>\n\n\n\n<p><\/p>\n","protected":false},"excerpt":{"rendered":"<p>Muutamia k\u00e4sitteit\u00e4, joihin t\u00f6rm\u00e4\u00e4t ennemmin tai my\u00f6hemmin: Aalto-yliopistoAkateeminen oppilaitos isolla kirkolla akselilla Espoo-Helsinki. Siell\u00e4 majailee mm. sisarkiltamme Aalto-yliopiston s\u00e4hk\u00f6insin\u00f6\u00f6rikilta. Akateemiset alkajaisetLukuvuoden ensimm\u00e4iset hippalot. ArkkariArkkitehti, yleens\u00e4 -opiskelija eli -ylioppilas. Valkoiset haalarit, ennen lymyiliv\u00e4t keskustassa. Arkkareilla on kiva kiltatalo saunoineen Pikisaaressa. Arkkitehtikillan sivut: https:\/\/oulunarkkitehtikilta.net\/ ArkkitehtiValmistunut arkkari. ArmatuuriEnergiatekniikan kilta lappeen Rannassa, yksi Suomen &hellip;<\/p>\n","protected":false},"author":27,"featured_media":0,"parent":0,"menu_order":21,"comment_status":"closed","ping_status":"open","template":"","meta":{"footnotes":""},"class_list":["post-192","page","type-page","status-publish","hentry"],"_links":{"self":[{"href":"https:\/\/www.sik.fi\/index.php?rest_route=\/wp\/v2\/pages\/192","targetHints":{"allow":["GET"]}}],"collection":[{"href":"https:\/\/www.sik.fi\/index.php?rest_route=\/wp\/v2\/pages"}],"about":[{"href":"https:\/\/www.sik.fi\/index.php?rest_route=\/wp\/v2\/types\/page"}],"author":[{"embeddable":true,"href":"https:\/\/www.sik.fi\/index.php?rest_route=\/wp\/v2\/users\/27"}],"replies":[{"embeddable":true,"href":"https:\/\/www.sik.fi\/index.php?rest_route=%2Fwp%2Fv2%2Fcomments&post=192"}],"version-history":[{"count":11,"href":"https:\/\/www.sik.fi\/index.php?rest_route=\/wp\/v2\/pages\/192\/revisions"}],"predecessor-version":[{"id":2808,"href":"https:\/\/www.sik.fi\/index.php?rest_route=\/wp\/v2\/pages\/192\/revisions\/2808"}],"wp:attachment":[{"href":"https:\/\/www.sik.fi\/index.php?rest_route=%2Fwp%2Fv2%2Fmedia&parent=192"}],"curies":[{"name":"wp","href":"https:\/\/api.w.org\/{rel}","templated":true}]}}