{"id":198,"date":"2012-04-04T15:29:24","date_gmt":"2012-04-04T15:29:24","guid":{"rendered":"http:\/\/uusi.sik.fi\/index.php\/2012\/04\/04\/kiltahuoneen-jarjestyssaannot\/"},"modified":"2021-02-28T23:11:44","modified_gmt":"2021-02-28T21:11:44","slug":"kiltahuoneen-jarjestyssaannot","status":"publish","type":"page","link":"https:\/\/www.sik.fi\/?page_id=198","title":{"rendered":"Kiltahuoneen j\u00e4rjestyss\u00e4\u00e4nn\u00f6t"},"content":{"rendered":"<p>1) KILTAHUONEISTOSSA JA SEN L\u00c4HIPIIRISS\u00c4 ON KIELLETTY\u00c4:<\/p>\n<p>TUPAKOINTI<\/p>\n<p>ALKOHOLIJUOMIEN NAUTTIMINEN- JA VARASTOINTI<br \/>\nRAKENTEITA KOSKEVIEN JA MUIDEN MUUTOST\u00d6IDEN TEKEMINEN ILMAN LUPAA<br \/>\nTOIMINTA JOSTA VOI OLLA H\u00c4IRI\u00d6T\u00c4 YLIOPISTON VARSINAISELLE TOIMINNALLE<\/p>\n<p>2) KILTATILAT OVAT K\u00c4YTETT\u00c4VISS\u00c4 MA-SU KLO 6.00- 24.00. MIK\u00c4LI TILOJA HALUTAAN K\u00c4YTT\u00c4\u00c4 MUINA AIKOINA NIIN SIIT\u00c4 ON TEHT\u00c4V\u00c4 KIRJALLINEN ANOMUS JOKA ON TOIMITETTAVA VIRASTOMESTAREILLE VIIKOA ENNEN TILAISUUTTA.<\/p>\n<p>3) YLIOPISTON KOKONAISTURVALLISUUDEN KANNALTA ULKO-OVET ON PIDETT\u00c4 V\u00c4 LUKITTUINA. OVIEN SULKEUTUMISTA EST\u00c4VIEN ESINEIDEN ASETTAMINEN OVEN V\u00c4LIIN ON KIELLETTY.<\/p>\n<p>4) ILKIVALLASTA AIHEUTUU KORVAUSVASTUU ILKIVALLAN AIHEUTTAJILLE<\/p>\n<p>5) KILTATILOISTA ON L\u00d6YDYTT\u00c4V\u00c4 JAUHESAMMUTIN (6kg), SAMMUTUSPEITE JA PALOVAROITIN.<\/p>\n<p>6) KIINTEIST\u00d6NHUOLLOLLA ON OLTAVA ESTEET\u00d6N P\u00c4\u00c4SY KILTATILOISSA OLE- VIIN V\u00c4EST\u00d6NSUOJALAITTEISIIN HUOLTOTOIMENPITEIT\u00c4 VARTEN.<\/p>\n<p>7) HUOLTOTUNNELEIDEN K\u00c4YTT\u00d6 KULKUREITTEIN\u00c4 ON KIELLETTY.<\/p>\n<p>8) KILTATILOJEN JA NIIHIN JOHTAVIEN KULKUREITTIEN SIIVOAMISESTA JA SIISTEYDEST\u00c4 VASTAA KILTA OMALTA OSALTAAN.<\/p>\n<p>9) KILTATILASSA SAA OLESKELLA MAX. 30 HENKIL\u00d6\u00c4 KERRALLAAN.<\/p>\n<p>10) MIK\u00c4LI KILTAHUONEEN K\u00c4YT\u00d6ST\u00c4 AIHEUTUU J\u00c4RJESTYSH\u00c4IRI\u00d6IT\u00c4 TAI N\u00c4IT\u00c4 J\u00c4RJESTYSS\u00c4\u00c4NT\u00d6J\u00c4 RIKOTAAN, YLIOPISTO VOI OTTAA KILTA\u00adHUONEEN K\u00c4YTT\u00d6OIKEUDEN POIS JOKO M\u00c4\u00c4R\u00c4AJAKSI TAI PYSYV\u00c4STI.<\/p>\n","protected":false},"excerpt":{"rendered":"<p>1) KILTAHUONEISTOSSA JA SEN L\u00c4HIPIIRISS\u00c4 ON KIELLETTY\u00c4: TUPAKOINTI ALKOHOLIJUOMIEN NAUTTIMINEN- JA VARASTOINTI RAKENTEITA KOSKEVIEN JA MUIDEN MUUTOST\u00d6IDEN TEKEMINEN ILMAN LUPAA TOIMINTA JOSTA VOI OLLA H\u00c4IRI\u00d6T\u00c4 YLIOPISTON VARSINAISELLE TOIMINNALLE 2) KILTATILAT OVAT K\u00c4YTETT\u00c4VISS\u00c4 MA-SU KLO 6.00- 24.00. MIK\u00c4LI TILOJA HALUTAAN K\u00c4YTT\u00c4\u00c4 MUINA AIKOINA NIIN SIIT\u00c4 ON TEHT\u00c4V\u00c4 KIRJALLINEN ANOMUS JOKA ON &hellip;<\/p>\n","protected":false},"author":1,"featured_media":0,"parent":0,"menu_order":15,"comment_status":"closed","ping_status":"open","template":"","meta":{"footnotes":""},"class_list":["post-198","page","type-page","status-publish","hentry"],"_links":{"self":[{"href":"https:\/\/www.sik.fi\/index.php?rest_route=\/wp\/v2\/pages\/198","targetHints":{"allow":["GET"]}}],"collection":[{"href":"https:\/\/www.sik.fi\/index.php?rest_route=\/wp\/v2\/pages"}],"about":[{"href":"https:\/\/www.sik.fi\/index.php?rest_route=\/wp\/v2\/types\/page"}],"author":[{"embeddable":true,"href":"https:\/\/www.sik.fi\/index.php?rest_route=\/wp\/v2\/users\/1"}],"replies":[{"embeddable":true,"href":"https:\/\/www.sik.fi\/index.php?rest_route=%2Fwp%2Fv2%2Fcomments&post=198"}],"version-history":[{"count":4,"href":"https:\/\/www.sik.fi\/index.php?rest_route=\/wp\/v2\/pages\/198\/revisions"}],"predecessor-version":[{"id":1571,"href":"https:\/\/www.sik.fi\/index.php?rest_route=\/wp\/v2\/pages\/198\/revisions\/1571"}],"wp:attachment":[{"href":"https:\/\/www.sik.fi\/index.php?rest_route=%2Fwp%2Fv2%2Fmedia&parent=198"}],"curies":[{"name":"wp","href":"https:\/\/api.w.org\/{rel}","templated":true}]}}