{"id":2254,"date":"2023-10-01T16:35:25","date_gmt":"2023-10-01T13:35:25","guid":{"rendered":"https:\/\/www.sik.fi\/?page_id=2254"},"modified":"2023-10-01T16:35:26","modified_gmt":"2023-10-01T13:35:26","slug":"the-guild-helpers-2023","status":"publish","type":"page","link":"https:\/\/www.sik.fi\/?page_id=2254&lang=en","title":{"rendered":"The guild helpers 2023"},"content":{"rendered":"\n<p><a href=\"https:\/\/www.sik.fi\/wp-content\/uploads\/2020\/12\/Toimihenkiloiden-toimenkuvat-2021.pdf\">Link to the Duties of Office Bearers<\/a><\/p>\n\n\n\n<p><strong>Host<\/strong>: <br>Matias Hasa<\/p>\n\n\n\n<p><strong>Hostess<\/strong>: <br>Jan \u00c4\u00e4rel\u00e4<\/p>\n\n\n\n<p><strong>Guild Brother<\/strong>: <br>Eetu Viiri<\/p>\n\n\n\n<p><strong>Brewmaster<\/strong>: <br>Matias Hasa<\/p>\n\n\n\n<p><strong>Brewery Mate<\/strong>: <br>Aleksi Pesonen<\/p>\n\n\n\n<p><strong>Photographers<\/strong>: <br>Matias Hasa <br>Aleksi Pirttimaa <br>Heikki Marjala<\/p>\n\n\n\n<p><strong>Graphic Designers<\/strong>: <br>Aleksi Pesonen <br>Elmo Pakaslahti<\/p>\n\n\n\n<p><strong>Assistant Editor<\/strong>: <br>Jaakko Koskela<\/p>\n\n\n\n<p><strong>Alumni Coordinator<\/strong>: <br>Heikki Marjala<\/p>\n\n\n\n<p><strong>Maids\/Servants\/Gender-Neutral Service Personnel<\/strong>: <br>Members of the Board<\/p>\n\n\n\n<p><strong>Song Leader<\/strong>: <br>Santeri Lev\u00e4inen<\/p>\n\n\n\n<p><strong>Solderer<\/strong>: <br>Aleksi Pirttimaa<\/p>\n\n\n\n<p><strong>Assistant Solderers<\/strong>: <br>Risto Korhonen <br>Jaakko Koskela <br>Matias Hasa <br>Santeri Lev\u00e4inen <br>Juuso Tapaninen<\/p>\n\n\n\n<p><strong>Assistant Academic Affairs Officer<\/strong>: <br>Elmo Pakaslahti<\/p>\n\n\n\n<p><strong>Admin<\/strong>: <br>Aleksi Pirttimaa<\/p>\n\n\n\n<p><strong>Freshman Shepherd<\/strong>: <br>Miika Kainuharju<\/p>\n\n\n\n<p><strong>Journeyman<\/strong>: <br>Jami Ahl<\/p>\n\n\n\n<p><strong>Public Relations Officers<\/strong>: <br>Jialiang Sun<\/p>\n\n\n\n<p><strong>Maintainer<\/strong>: <br>Aleksi Pirttimaa<\/p>\n\n\n\n<p><strong>Operators<\/strong>: <br>Anders Nikula <br>Frans H\u00e4rk\u00f6nen<\/p>\n\n\n\n<p><strong>Social Media Slaves<\/strong>: <br>Valtteri P\u00e4\u00e4talo <br>Jussi Etula <br>Aleksi Pesonen <br>Santeri Lev\u00e4inen<\/p>\n\n\n\n<p><strong>International Affairs Coordinator<\/strong>: <br>Frans H\u00e4rk\u00f6nen<\/p>\n\n\n\n<p><strong>Wagon Masters<\/strong>: <br>Aleksi Pesonen <br>Joonas Patana <br>Matias Hasa <br>Santeri Lev\u00e4inen <br>Jaakko Koskela <br>Elina Mannermaa <br>Juuso Tapaninen <br>Janne Kilponen<\/p>\n\n\n\n<h2 class=\"wp-block-heading\">Female Plug:<\/h2>\n\n\n\n<p><strong>K\u00f6p\u00f6 (Fused Plug)<\/strong>:<strong> <\/strong><br>Janne Kilponen<\/p>\n\n\n\n<p><strong>Sports Coordinator<\/strong>: <br>Viivi Hakam\u00e4ki<\/p>\n\n\n\n<p><strong>Environmental Coordinator<\/strong>: <br>Santeri Lev\u00e4inen<\/p>\n\n\n\n<p><strong>Baker Yeast &amp; Streptococcus<\/strong>: <br>Valtteri P\u00e4\u00e4talo &amp; Jussi Etula<\/p>\n\n\n\n<p><strong>Gaming Coordinator<\/strong>: <br>Elina Mannermaa<\/p>\n\n\n\n<p><strong>Sugar Coordinator<\/strong>: <br>Aleksi Pesonen<\/p>\n","protected":false},"excerpt":{"rendered":"<p>Link to the Duties of Office Bearers Host: Matias Hasa Hostess: Jan \u00c4\u00e4rel\u00e4 Guild Brother: Eetu Viiri Brewmaster: Matias Hasa Brewery Mate: Aleksi Pesonen Photographers: Matias Hasa Aleksi Pirttimaa Heikki Marjala Graphic Designers: Aleksi Pesonen Elmo Pakaslahti Assistant Editor: Jaakko Koskela Alumni Coordinator: Heikki Marjala Maids\/Servants\/Gender-Neutral Service Personnel: Members of &hellip;<\/p>\n","protected":false},"author":27,"featured_media":0,"parent":0,"menu_order":0,"comment_status":"closed","ping_status":"closed","template":"","meta":{"footnotes":""},"class_list":["post-2254","page","type-page","status-publish","hentry"],"_links":{"self":[{"href":"https:\/\/www.sik.fi\/index.php?rest_route=\/wp\/v2\/pages\/2254","targetHints":{"allow":["GET"]}}],"collection":[{"href":"https:\/\/www.sik.fi\/index.php?rest_route=\/wp\/v2\/pages"}],"about":[{"href":"https:\/\/www.sik.fi\/index.php?rest_route=\/wp\/v2\/types\/page"}],"author":[{"embeddable":true,"href":"https:\/\/www.sik.fi\/index.php?rest_route=\/wp\/v2\/users\/27"}],"replies":[{"embeddable":true,"href":"https:\/\/www.sik.fi\/index.php?rest_route=%2Fwp%2Fv2%2Fcomments&post=2254"}],"version-history":[{"count":1,"href":"https:\/\/www.sik.fi\/index.php?rest_route=\/wp\/v2\/pages\/2254\/revisions"}],"predecessor-version":[{"id":2256,"href":"https:\/\/www.sik.fi\/index.php?rest_route=\/wp\/v2\/pages\/2254\/revisions\/2256"}],"wp:attachment":[{"href":"https:\/\/www.sik.fi\/index.php?rest_route=%2Fwp%2Fv2%2Fmedia&parent=2254"}],"curies":[{"name":"wp","href":"https:\/\/api.w.org\/{rel}","templated":true}]}}