{"id":2439,"date":"2024-01-22T15:13:08","date_gmt":"2024-01-22T13:13:08","guid":{"rendered":"https:\/\/www.sik.fi\/?page_id=2439"},"modified":"2024-01-29T00:17:40","modified_gmt":"2024-01-28T22:17:40","slug":"the-board-of-2024","status":"publish","type":"page","link":"https:\/\/www.sik.fi\/?page_id=2439&lang=en","title":{"rendered":"The board of 2024"},"content":{"rendered":"\n<div class=\"wp-block-columns is-layout-flex wp-container-core-columns-is-layout-9d6595d7 wp-block-columns-is-layout-flex\">\n<div class=\"wp-block-column is-layout-flow wp-block-column-is-layout-flow\">\n<div class=\"wp-block-media-text is-stacked-on-mobile\"><figure class=\"wp-block-media-text__media\"><img loading=\"lazy\" decoding=\"async\" width=\"412\" height=\"412\" src=\"https:\/\/www.sik.fi\/wp-content\/uploads\/2024\/01\/DSC3374.jpg\" alt=\"\" class=\"wp-image-2417 size-full\" srcset=\"https:\/\/www.sik.fi\/wp-content\/uploads\/2024\/01\/DSC3374.jpg 412w, https:\/\/www.sik.fi\/wp-content\/uploads\/2024\/01\/DSC3374-300x300.jpg 300w, https:\/\/www.sik.fi\/wp-content\/uploads\/2024\/01\/DSC3374-150x150.jpg 150w, https:\/\/www.sik.fi\/wp-content\/uploads\/2024\/01\/DSC3374-200x200.jpg 200w\" sizes=\"auto, (max-width: 412px) 100vw, 412px\" \/><\/figure><div class=\"wp-block-media-text__content\">\n<p>Santeri Lev\u00e4inen<br>Chairman<br><br>puheenjohtaja@sik.fi<\/p>\n<\/div><\/div>\n<\/div>\n\n\n\n<div class=\"wp-block-column is-layout-flow wp-block-column-is-layout-flow\">\n<div class=\"wp-block-media-text is-stacked-on-mobile\"><figure class=\"wp-block-media-text__media\"><img loading=\"lazy\" decoding=\"async\" width=\"412\" height=\"412\" src=\"https:\/\/www.sik.fi\/wp-content\/uploads\/2024\/01\/DSC3400.jpg\" alt=\"\" class=\"wp-image-2421 size-full\" srcset=\"https:\/\/www.sik.fi\/wp-content\/uploads\/2024\/01\/DSC3400.jpg 412w, https:\/\/www.sik.fi\/wp-content\/uploads\/2024\/01\/DSC3400-300x300.jpg 300w, https:\/\/www.sik.fi\/wp-content\/uploads\/2024\/01\/DSC3400-150x150.jpg 150w, https:\/\/www.sik.fi\/wp-content\/uploads\/2024\/01\/DSC3400-200x200.jpg 200w\" sizes=\"auto, (max-width: 412px) 100vw, 412px\" \/><\/figure><div class=\"wp-block-media-text__content\">\n<p>Saku R\u00e4is\u00e4nen<br>Secretary<br><br>sihteeri@sik.fi<\/p>\n<\/div><\/div>\n<\/div>\n<\/div>\n\n\n\n<p><\/p>\n\n\n\n<div class=\"wp-block-columns is-layout-flex wp-container-core-columns-is-layout-9d6595d7 wp-block-columns-is-layout-flex\">\n<div class=\"wp-block-column is-layout-flow wp-block-column-is-layout-flow\">\n<div class=\"wp-block-media-text is-stacked-on-mobile\"><figure class=\"wp-block-media-text__media\"><img loading=\"lazy\" decoding=\"async\" width=\"412\" height=\"412\" src=\"https:\/\/www.sik.fi\/wp-content\/uploads\/2024\/01\/DSC3396.jpg\" alt=\"\" class=\"wp-image-2420 size-full\" srcset=\"https:\/\/www.sik.fi\/wp-content\/uploads\/2024\/01\/DSC3396.jpg 412w, https:\/\/www.sik.fi\/wp-content\/uploads\/2024\/01\/DSC3396-300x300.jpg 300w, https:\/\/www.sik.fi\/wp-content\/uploads\/2024\/01\/DSC3396-150x150.jpg 150w, https:\/\/www.sik.fi\/wp-content\/uploads\/2024\/01\/DSC3396-200x200.jpg 200w\" sizes=\"auto, (max-width: 412px) 100vw, 412px\" \/><\/figure><div class=\"wp-block-media-text__content\">\n<p>Frans H\u00e4rk\u00f6nen<br>Communications Coordinator<br><br>tiedotusvastaava@sik.fi<\/p>\n<\/div><\/div>\n<\/div>\n\n\n\n<div class=\"wp-block-column is-layout-flow wp-block-column-is-layout-flow\">\n<div class=\"wp-block-media-text is-stacked-on-mobile\"><figure class=\"wp-block-media-text__media\"><img loading=\"lazy\" decoding=\"async\" width=\"412\" height=\"412\" src=\"https:\/\/www.sik.fi\/wp-content\/uploads\/2024\/01\/DSC3401.jpg\" alt=\"\" class=\"wp-image-2422 size-full\" srcset=\"https:\/\/www.sik.fi\/wp-content\/uploads\/2024\/01\/DSC3401.jpg 412w, https:\/\/www.sik.fi\/wp-content\/uploads\/2024\/01\/DSC3401-300x300.jpg 300w, https:\/\/www.sik.fi\/wp-content\/uploads\/2024\/01\/DSC3401-150x150.jpg 150w, https:\/\/www.sik.fi\/wp-content\/uploads\/2024\/01\/DSC3401-200x200.jpg 200w\" sizes=\"auto, (max-width: 412px) 100vw, 412px\" \/><\/figure><div class=\"wp-block-media-text__content\">\n<p>Joel Kesti<br>Freshman Representative<br><br>fuksivastaava@sik.fi<\/p>\n<\/div><\/div>\n<\/div>\n<\/div>\n\n\n\n<p><\/p>\n\n\n\n<div class=\"wp-block-columns is-layout-flex wp-container-core-columns-is-layout-9d6595d7 wp-block-columns-is-layout-flex\">\n<div class=\"wp-block-column is-layout-flow wp-block-column-is-layout-flow\">\n<div class=\"wp-block-media-text is-stacked-on-mobile\"><figure class=\"wp-block-media-text__media\"><img loading=\"lazy\" decoding=\"async\" width=\"412\" height=\"412\" src=\"https:\/\/www.sik.fi\/wp-content\/uploads\/2024\/01\/Anders_paras.jpg\" alt=\"\" class=\"wp-image-2426 size-full\" srcset=\"https:\/\/www.sik.fi\/wp-content\/uploads\/2024\/01\/Anders_paras.jpg 412w, https:\/\/www.sik.fi\/wp-content\/uploads\/2024\/01\/Anders_paras-300x300.jpg 300w, https:\/\/www.sik.fi\/wp-content\/uploads\/2024\/01\/Anders_paras-150x150.jpg 150w, https:\/\/www.sik.fi\/wp-content\/uploads\/2024\/01\/Anders_paras-200x200.jpg 200w\" sizes=\"auto, (max-width: 412px) 100vw, 412px\" \/><\/figure><div class=\"wp-block-media-text__content\">\n<p>Anders Nikula<br>Vice-Chairperson<br>Study Coordinator<br><br>opintovastaava@sik.fi<\/p>\n<\/div><\/div>\n<\/div>\n\n\n\n<div class=\"wp-block-column is-layout-flow wp-block-column-is-layout-flow\">\n<div class=\"wp-block-media-text is-stacked-on-mobile\"><figure class=\"wp-block-media-text__media\"><img loading=\"lazy\" decoding=\"async\" width=\"412\" height=\"412\" src=\"https:\/\/www.sik.fi\/wp-content\/uploads\/2024\/01\/juho-paras.jpg\" alt=\"\" class=\"wp-image-2427 size-full\" srcset=\"https:\/\/www.sik.fi\/wp-content\/uploads\/2024\/01\/juho-paras.jpg 412w, https:\/\/www.sik.fi\/wp-content\/uploads\/2024\/01\/juho-paras-300x300.jpg 300w, https:\/\/www.sik.fi\/wp-content\/uploads\/2024\/01\/juho-paras-150x150.jpg 150w, https:\/\/www.sik.fi\/wp-content\/uploads\/2024\/01\/juho-paras-200x200.jpg 200w\" sizes=\"auto, (max-width: 412px) 100vw, 412px\" \/><\/figure><div class=\"wp-block-media-text__content\">\n<p>Juho T\u00f6rm\u00e4nen<br>Guild Master<br><br>kiltamestari@sik.fi<\/p>\n<\/div><\/div>\n<\/div>\n<\/div>\n\n\n\n<p><\/p>\n\n\n\n<div class=\"wp-block-columns is-layout-flex wp-container-core-columns-is-layout-9d6595d7 wp-block-columns-is-layout-flex\">\n<div class=\"wp-block-column is-layout-flow wp-block-column-is-layout-flow\">\n<div class=\"wp-block-media-text is-stacked-on-mobile\"><figure class=\"wp-block-media-text__media\"><img loading=\"lazy\" decoding=\"async\" width=\"412\" height=\"412\" src=\"https:\/\/www.sik.fi\/wp-content\/uploads\/2024\/01\/DSC3414.jpg\" alt=\"\" class=\"wp-image-2425 size-full\" srcset=\"https:\/\/www.sik.fi\/wp-content\/uploads\/2024\/01\/DSC3414.jpg 412w, https:\/\/www.sik.fi\/wp-content\/uploads\/2024\/01\/DSC3414-300x300.jpg 300w, https:\/\/www.sik.fi\/wp-content\/uploads\/2024\/01\/DSC3414-150x150.jpg 150w, https:\/\/www.sik.fi\/wp-content\/uploads\/2024\/01\/DSC3414-200x200.jpg 200w\" sizes=\"auto, (max-width: 412px) 100vw, 412px\" \/><\/figure><div class=\"wp-block-media-text__content\">\n<p>Matti Damski<br>Excursion Master<br><br>excursiomestari@sik.fi<\/p>\n<\/div><\/div>\n<\/div>\n\n\n\n<div class=\"wp-block-column is-layout-flow wp-block-column-is-layout-flow\">\n<div class=\"wp-block-media-text is-stacked-on-mobile\"><figure class=\"wp-block-media-text__media\"><img loading=\"lazy\" decoding=\"async\" width=\"412\" height=\"412\" src=\"https:\/\/www.sik.fi\/wp-content\/uploads\/2024\/01\/DSC3408.jpg\" alt=\"\" class=\"wp-image-2423 size-full\" srcset=\"https:\/\/www.sik.fi\/wp-content\/uploads\/2024\/01\/DSC3408.jpg 412w, https:\/\/www.sik.fi\/wp-content\/uploads\/2024\/01\/DSC3408-300x300.jpg 300w, https:\/\/www.sik.fi\/wp-content\/uploads\/2024\/01\/DSC3408-150x150.jpg 150w, https:\/\/www.sik.fi\/wp-content\/uploads\/2024\/01\/DSC3408-200x200.jpg 200w\" sizes=\"auto, (max-width: 412px) 100vw, 412px\" \/><\/figure><div class=\"wp-block-media-text__content\">\n<p>Jake Vuoti<br>Relations Coordinator<br><br>suhdevastaava@sik.fi<\/p>\n<\/div><\/div>\n<\/div>\n<\/div>\n\n\n\n<p><\/p>\n\n\n\n<div class=\"wp-block-columns is-layout-flex wp-container-core-columns-is-layout-9d6595d7 wp-block-columns-is-layout-flex\">\n<div class=\"wp-block-column is-layout-flow wp-block-column-is-layout-flow\">\n<div class=\"wp-block-media-text is-stacked-on-mobile\"><figure class=\"wp-block-media-text__media\"><img loading=\"lazy\" decoding=\"async\" width=\"412\" height=\"412\" src=\"https:\/\/www.sik.fi\/wp-content\/uploads\/2024\/01\/DSC3413.jpg\" alt=\"\" class=\"wp-image-2424 size-full\" srcset=\"https:\/\/www.sik.fi\/wp-content\/uploads\/2024\/01\/DSC3413.jpg 412w, https:\/\/www.sik.fi\/wp-content\/uploads\/2024\/01\/DSC3413-300x300.jpg 300w, https:\/\/www.sik.fi\/wp-content\/uploads\/2024\/01\/DSC3413-150x150.jpg 150w, https:\/\/www.sik.fi\/wp-content\/uploads\/2024\/01\/DSC3413-200x200.jpg 200w\" sizes=\"auto, (max-width: 412px) 100vw, 412px\" \/><\/figure><div class=\"wp-block-media-text__content\">\n<p>Jaakko Koskela<br>Treasurer<br><br>rahastonhoitaja@sik.fi<\/p>\n<\/div><\/div>\n<\/div>\n\n\n\n<div class=\"wp-block-column is-layout-flow wp-block-column-is-layout-flow\">\n<div class=\"wp-block-media-text is-stacked-on-mobile\"><figure class=\"wp-block-media-text__media\"><img decoding=\"async\" src=\"https:\/\/www.sik.fi\/wp-content\/uploads\/2021\/02\/Matias.jpg\" alt=\"\" class=\"wp-image-1711 size-full\"\/><\/figure><div class=\"wp-block-media-text__content\">\n<p>Matias Hasa<br>King Solderer<br><br>kuningasjuottaja@sik.fi<\/p>\n<\/div><\/div>\n<\/div>\n<\/div>\n\n\n\n<p><\/p>\n\n\n\n<div class=\"wp-block-columns is-layout-flex wp-container-core-columns-is-layout-9d6595d7 wp-block-columns-is-layout-flex\">\n<div class=\"wp-block-column is-layout-flow wp-block-column-is-layout-flow\">\n<div class=\"wp-block-media-text is-stacked-on-mobile\"><figure class=\"wp-block-media-text__media\"><img loading=\"lazy\" decoding=\"async\" width=\"901\" height=\"901\" src=\"https:\/\/www.sik.fi\/wp-content\/uploads\/2021\/01\/sik_hahmo.png\" alt=\"\" class=\"wp-image-1674 size-full\" srcset=\"https:\/\/www.sik.fi\/wp-content\/uploads\/2021\/01\/sik_hahmo.png 901w, https:\/\/www.sik.fi\/wp-content\/uploads\/2021\/01\/sik_hahmo-300x300.png 300w, https:\/\/www.sik.fi\/wp-content\/uploads\/2021\/01\/sik_hahmo-150x150.png 150w, https:\/\/www.sik.fi\/wp-content\/uploads\/2021\/01\/sik_hahmo-768x768.png 768w, https:\/\/www.sik.fi\/wp-content\/uploads\/2021\/01\/sik_hahmo-200x200.png 200w\" sizes=\"auto, (max-width: 901px) 100vw, 901px\" \/><\/figure><div class=\"wp-block-media-text__content\">\n<p>Jan \u00c4\u00e4rel\u00e4<br>Teekkari Representative<br><br>teekkarivastaava@sik.fi<\/p>\n<\/div><\/div>\n<\/div>\n\n\n\n<div class=\"wp-block-column is-layout-flow wp-block-column-is-layout-flow\"><\/div>\n<\/div>\n\n\n\n<div class=\"wp-block-group\"><div class=\"wp-block-group__inner-container is-layout-constrained wp-block-group-is-layout-constrained\"><\/div><\/div>\n","protected":false},"excerpt":{"rendered":"<p>Santeri Lev\u00e4inenChairman puheenjohtaja@sik.fi Saku R\u00e4is\u00e4nenSecretary sihteeri@sik.fi Frans H\u00e4rk\u00f6nenCommunications Coordinator tiedotusvastaava@sik.fi Joel KestiFreshman Representative fuksivastaava@sik.fi Anders NikulaVice-ChairpersonStudy Coordinator opintovastaava@sik.fi Juho T\u00f6rm\u00e4nenGuild Master kiltamestari@sik.fi Matti DamskiExcursion Master excursiomestari@sik.fi Jake VuotiRelations Coordinator suhdevastaava@sik.fi Jaakko KoskelaTreasurer rahastonhoitaja@sik.fi Matias HasaKing Solderer kuningasjuottaja@sik.fi Jan \u00c4\u00e4rel\u00e4Teekkari Representative teekkarivastaava@sik.fi<\/p>\n","protected":false},"author":27,"featured_media":0,"parent":0,"menu_order":0,"comment_status":"closed","ping_status":"closed","template":"","meta":{"footnotes":""},"class_list":["post-2439","page","type-page","status-publish","hentry"],"_links":{"self":[{"href":"https:\/\/www.sik.fi\/index.php?rest_route=\/wp\/v2\/pages\/2439","targetHints":{"allow":["GET"]}}],"collection":[{"href":"https:\/\/www.sik.fi\/index.php?rest_route=\/wp\/v2\/pages"}],"about":[{"href":"https:\/\/www.sik.fi\/index.php?rest_route=\/wp\/v2\/types\/page"}],"author":[{"embeddable":true,"href":"https:\/\/www.sik.fi\/index.php?rest_route=\/wp\/v2\/users\/27"}],"replies":[{"embeddable":true,"href":"https:\/\/www.sik.fi\/index.php?rest_route=%2Fwp%2Fv2%2Fcomments&post=2439"}],"version-history":[{"count":3,"href":"https:\/\/www.sik.fi\/index.php?rest_route=\/wp\/v2\/pages\/2439\/revisions"}],"predecessor-version":[{"id":2470,"href":"https:\/\/www.sik.fi\/index.php?rest_route=\/wp\/v2\/pages\/2439\/revisions\/2470"}],"wp:attachment":[{"href":"https:\/\/www.sik.fi\/index.php?rest_route=%2Fwp%2Fv2%2Fmedia&parent=2439"}],"curies":[{"name":"wp","href":"https:\/\/api.w.org\/{rel}","templated":true}]}}