{"id":2444,"date":"2024-01-22T15:28:43","date_gmt":"2024-01-22T13:28:43","guid":{"rendered":"https:\/\/www.sik.fi\/?page_id=2444"},"modified":"2024-01-22T15:28:43","modified_gmt":"2024-01-22T13:28:43","slug":"toimihenkilot-2024","status":"publish","type":"page","link":"https:\/\/www.sik.fi\/?page_id=2444","title":{"rendered":"Toimihenkil\u00f6t 2024"},"content":{"rendered":"\n<p><a href=\"https:\/\/www.sik.fi\/wp-content\/uploads\/2020\/12\/Toimihenkiloiden-toimenkuvat-2021.pdf\">Linkki toimihenkil\u00f6iden toimenkuviin<\/a><\/p>\n\n\n\n<p><strong>Is\u00e4nt\u00e4:<\/strong><br>Heikki Komonen<\/p>\n\n\n\n<p><strong>Em\u00e4nt\u00e4:<\/strong><br>Johannes Ylitalo<\/p>\n\n\n\n<p><strong>Kiltakis\u00e4lli:<\/strong><br>Jaakko Koskela<\/p>\n\n\n\n<p><strong>Panomestari:<\/strong><br>Heikki Komonen<\/p>\n\n\n\n<p><strong>Panokaveri:<\/strong><br>Matti Damski<\/p>\n\n\n\n<p><strong>Kuvaajat:<\/strong><br>Juho T\u00f6rm\u00e4nen<br>Aleksi Pirttimaa<br>Matias Hasa<\/p>\n\n\n\n<p><strong>Graafikot:<\/strong>\u200b<br><\/p>\n\n\n\n<p><strong>Aputoimittaja:<\/strong><br>Oskari Aaltonen<br>Anders Nikula<br>Juho T\u00f6rm\u00e4nen<br>Paul &#8221;Pauli&#8221; Aprotim<\/p>\n\n\n\n<p><strong>Alumnivastaava:<\/strong><br>\u200b<\/p>\n\n\n\n<p><strong>Piiat\/Rengit\/Sukupuolineutraalit palvelushenkil\u00f6t:<\/strong><br>Sini Korin<br>Oskari Aaltonen<\/p>\n\n\n\n<p><strong>Laulunjohtaja:<\/strong><br>\u200bSanteri Lev\u00e4inen<\/p>\n\n\n\n<p><strong>Juottaja<\/strong>\u200b:<br>Jaakko Koskela<\/p>\n\n\n\n<p><strong>Apujuottajat:<\/strong><br>Elina Mannermaa<br>Oskari M\u00e4ki<br>Jan \u00c4\u00e4rel\u00e4<br>Frans H\u00e4rk\u00f6nen<br>Juuso Tapaninen<br>Anders Nikula<br>Mikko Rauhala<br>Mari Rocham<br>Markus Huhta-Aho<\/p>\n\n\n\n<p><strong>Opintovastaavan apulainen\u200b:<\/strong><br>Matias Hasa<\/p>\n\n\n\n<p><strong>Mennink\u00e4inen:<\/strong>\u200b<br>Jan \u00c4\u00e4rel\u00e4<\/p>\n\n\n\n<p><strong>Fuksipaimen:<\/strong>\u200b<br>Nella Pussinen<\/p>\n\n\n\n<p><strong>Reissumies:<\/strong>\u200b<br>Heikki Komonen<\/p>\n\n\n\n<p><strong>Suhdetoimihenkil\u00f6t:<\/strong><br>Anders Nikula<br>Heikki Komonen<\/p>\n\n\n\n<p><strong>Yll\u00e4pit\u00e4j\u00e4:<\/strong><br>Aleksi Pirttimaa<\/p>\n\n\n\n<p><strong>Operaattorit:<\/strong><br>Anders Nikula<br>Frans H\u00e4rk\u00f6nen<br>Jaakko Koskela<\/p>\n\n\n\n<p><strong>Somevastaavat:<\/strong><br>Sini Korin<br>Juho T\u00f6rm\u00e4nen<br>Oskari Aaltonen<br>Selma Pesola<\/p>\n\n\n\n<p><strong>KV-vastaava:\u200b<\/strong><br>Paul &#8221;Pauli&#8221; Aprotim<\/p>\n\n\n\n<p><strong>Waunuvastaavat:<br><\/strong>Frans H\u00e4rk\u00f6nen<br>Anders Nikula<br>Jan \u00c4\u00e4rel\u00e4<br>Jaakko Koskela<br>Saku R\u00e4is\u00e4nen<br>Janne Kilponen<\/p>\n\n\n\n<p><strong>Naarast\u00f6pseli:\u200b<\/strong><br>Carla Kleemola<\/p>\n\n\n\n<p><strong>K\u00f6p\u00f6:<\/strong><br>\u200bJanne Kilponen<\/p>\n\n\n\n<p><strong>Urheiluvastaava:<\/strong><br>\u200bJuho Purola<\/p>\n\n\n\n<p><strong>Ymp\u00e4rist\u00f6vastaava:\u200b<\/strong><br>Santeri Lev\u00e4inen<\/p>\n\n\n\n<p><strong>Leipuri Hiiva &amp; Streptokokki:<\/strong>\u200b<br>Johannes Ylitalo &amp; Jesse Spets<\/p>\n\n\n\n<p><strong>Pelivastaava:<\/strong><br>Frans H\u00e4rk\u00f6nen<\/p>\n\n\n\n<p><strong>Sokerivastaava:<\/strong><br>Heikki Komonen<\/p>\n\n\n\n<p><strong>Bonkkivastaava:<\/strong><br>Frans H\u00e4rk\u00f6nen<\/p>\n\n\n\n<p><strong>Vujuvastaava:<\/strong><br>Janne Kilponen<\/p>\n","protected":false},"excerpt":{"rendered":"<p>Linkki toimihenkil\u00f6iden toimenkuviin Is\u00e4nt\u00e4:Heikki Komonen Em\u00e4nt\u00e4:Johannes Ylitalo Kiltakis\u00e4lli:Jaakko Koskela Panomestari:Heikki Komonen Panokaveri:Matti Damski Kuvaajat:Juho T\u00f6rm\u00e4nenAleksi PirttimaaMatias Hasa Graafikot:\u200b Aputoimittaja:Oskari AaltonenAnders NikulaJuho T\u00f6rm\u00e4nenPaul &#8221;Pauli&#8221; Aprotim Alumnivastaava:\u200b Piiat\/Rengit\/Sukupuolineutraalit palvelushenkil\u00f6t:Sini KorinOskari Aaltonen Laulunjohtaja:\u200bSanteri Lev\u00e4inen Juottaja\u200b:Jaakko Koskela Apujuottajat:Elina MannermaaOskari M\u00e4kiJan \u00c4\u00e4rel\u00e4Frans H\u00e4rk\u00f6nenJuuso TapaninenAnders NikulaMikko RauhalaMari RochamMarkus Huhta-Aho Opintovastaavan apulainen\u200b:Matias Hasa Mennink\u00e4inen:\u200bJan \u00c4\u00e4rel\u00e4 Fuksipaimen:\u200bNella Pussinen &hellip;<\/p>\n","protected":false},"author":27,"featured_media":0,"parent":0,"menu_order":0,"comment_status":"closed","ping_status":"closed","template":"","meta":{"footnotes":""},"class_list":["post-2444","page","type-page","status-publish","hentry"],"_links":{"self":[{"href":"https:\/\/www.sik.fi\/index.php?rest_route=\/wp\/v2\/pages\/2444","targetHints":{"allow":["GET"]}}],"collection":[{"href":"https:\/\/www.sik.fi\/index.php?rest_route=\/wp\/v2\/pages"}],"about":[{"href":"https:\/\/www.sik.fi\/index.php?rest_route=\/wp\/v2\/types\/page"}],"author":[{"embeddable":true,"href":"https:\/\/www.sik.fi\/index.php?rest_route=\/wp\/v2\/users\/27"}],"replies":[{"embeddable":true,"href":"https:\/\/www.sik.fi\/index.php?rest_route=%2Fwp%2Fv2%2Fcomments&post=2444"}],"version-history":[{"count":1,"href":"https:\/\/www.sik.fi\/index.php?rest_route=\/wp\/v2\/pages\/2444\/revisions"}],"predecessor-version":[{"id":2445,"href":"https:\/\/www.sik.fi\/index.php?rest_route=\/wp\/v2\/pages\/2444\/revisions\/2445"}],"wp:attachment":[{"href":"https:\/\/www.sik.fi\/index.php?rest_route=%2Fwp%2Fv2%2Fmedia&parent=2444"}],"curies":[{"name":"wp","href":"https:\/\/api.w.org\/{rel}","templated":true}]}}