{"id":249,"date":"2013-12-14T09:01:51","date_gmt":"2013-12-14T09:01:51","guid":{"rendered":"http:\/\/uusi.sik.fi\/index.php\/2013\/12\/14\/kunniajasenet\/"},"modified":"2022-11-22T09:05:17","modified_gmt":"2022-11-22T07:05:17","slug":"kunniajasenet","status":"publish","type":"page","link":"https:\/\/www.sik.fi\/?page_id=249","title":{"rendered":"Kunniaj\u00e4senet"},"content":{"rendered":"\n<p>Juhani Oksman<\/p>\n\n\n\n<p>Maritta Juvani<\/p>\n\n\n<p><span class=\"Apple-style-span\"><strong>Set\u00e4miehet<\/strong><br \/><\/span>Ville Peteri<br \/>Ilmari Sandelin<br \/>Tomi Nylund<br \/>Mikko Koutonen<br \/>Kalle L\u00e4hetkangas<br \/>Petteri Aitta<br \/>Timo Aarnipuro<br \/>Antero Lehto<br \/>Samuli Yrj\u00e4n\u00e4<br \/>Jaakko Sakaranaho<br \/>Jaakko Huikari<br \/>Antti Ojala<br \/>Jaakko Rapeli<br \/>Santtu Kaikkonen<br \/>Risto Hyypi\u00f6<br \/>Eero L\u00e4nsim\u00e4ki<br \/>Pekka Pihlajamaa<br \/>Mikko Paakkolanvaara<br \/>Mikko Vehkaper\u00e4<br \/>Mikko Koivula<br \/>Mikko Koivunen<br \/>Heikki Kaakinen<br \/>Tuomas Paso<br \/>Erno Juntunen<br \/>Antti Viitala<br \/>Mikko M\u00e4l\u00e4sk\u00e4<br \/>Antti Toiviainen<br \/>Kimmo Ovaska<br \/>Antti Pohjola<br \/>Janne Lesonen<br \/>Tuomas Havela<br \/>Antti Jokkala<br \/>Ville Juholin<br \/>Juho Suomela<br \/>Jarno Seessalmi<br \/>Miikka Konttaniemi<br \/>Matti Laasonen<br \/>Tuomas Turpeenoja<br \/>Ville Brunou<br \/>Jarno Sepp\u00e4nen<br \/>Pekka Sepp\u00e4nen<br \/>Eemil Tryyki<br \/>Ville Hernesaho<br \/>Verneri Kohonen<br \/>Matti S\u00e4rkel\u00e4<br \/>Santtu T\u00f6yr\u00e4s<br \/>Matti Harju<br \/>Jarno Lohva<br \/>Jarno V\u00e4h\u00e4jylkk\u00e4<br \/>Lauri K\u00e4renlampi<br \/>Jere Rusanen<br \/>Jaakko Nevala<br \/>Niko Taipaleenm\u00e4ki<br \/>Tomi Parkkonen<br \/>Juha-Matti Ojakoski<br \/>Joni Myllyniemi<br \/>Tommi Portti<br \/>Tero Marin<br \/>Aleksi Kestil\u00e4<br \/>Aapo Korhonen<br \/>Jukka Harvala<br \/>Teemu Aura<br \/>Niko Tervo<br \/>Anton Paatelma<br \/>Heikki Mets\u00e4vainio<br \/>Atte Suominen<br \/>Jussi Helminen<br \/>Aleksi M\u00e4\u00e4tt\u00e4<br \/>Pekka Huhta<br \/>Janne Paakkolanvaara<\/p>\n<p>\u00a0<\/p>\n<p><strong><span class=\"Apple-style-span\">T\u00e4tinaiset<\/span><\/strong><br \/>Marjo Pet\u00e4j\u00e4j\u00e4rvi<br \/>Noora Salminen<br \/>Eveliina Karvonen<br \/>Tiina Sutinen<br \/>Johanna Saari<br \/>Reetta Kuonanoja<br \/>Kaisa Poikela<br \/>Riina Isola<br \/>Heli Pihlajamaa<br \/>Suvi Vakkala<br \/>Saila J\u00e4rvinen<br \/>Maija Saraj\u00e4rvi<br \/>Henna Korhonen<br \/>Laura M\u00e4mmioja<br \/>Laura Haapaniemi<br \/>Sanna Huhtaniska<br \/>Pauliina Vilmi<br \/>Marika Hasa<br \/>Johanna Kostamovaara<br \/>Sofia M\u00e4kikyr\u00f6<br \/>Lotta Lappetel\u00e4inen<\/p>","protected":false},"excerpt":{"rendered":"<p>Juhani Oksman Maritta Juvani Set\u00e4miehetVille PeteriIlmari SandelinTomi NylundMikko KoutonenKalle L\u00e4hetkangasPetteri AittaTimo AarnipuroAntero LehtoSamuli Yrj\u00e4n\u00e4Jaakko SakaranahoJaakko HuikariAntti OjalaJaakko RapeliSanttu KaikkonenRisto Hyypi\u00f6Eero L\u00e4nsim\u00e4kiPekka PihlajamaaMikko PaakkolanvaaraMikko Vehkaper\u00e4Mikko KoivulaMikko KoivunenHeikki KaakinenTuomas PasoErno JuntunenAntti ViitalaMikko M\u00e4l\u00e4sk\u00e4Antti ToiviainenKimmo OvaskaAntti PohjolaJanne LesonenTuomas HavelaAntti JokkalaVille JuholinJuho SuomelaJarno SeessalmiMiikka KonttaniemiMatti LaasonenTuomas TurpeenojaVille BrunouJarno Sepp\u00e4nenPekka Sepp\u00e4nenEemil TryykiVille HernesahoVerneri KohonenMatti S\u00e4rkel\u00e4Santtu &hellip;<\/p>\n","protected":false},"author":1,"featured_media":0,"parent":0,"menu_order":3,"comment_status":"closed","ping_status":"open","template":"","meta":{"footnotes":""},"class_list":["post-249","page","type-page","status-publish","hentry"],"_links":{"self":[{"href":"https:\/\/www.sik.fi\/index.php?rest_route=\/wp\/v2\/pages\/249","targetHints":{"allow":["GET"]}}],"collection":[{"href":"https:\/\/www.sik.fi\/index.php?rest_route=\/wp\/v2\/pages"}],"about":[{"href":"https:\/\/www.sik.fi\/index.php?rest_route=\/wp\/v2\/types\/page"}],"author":[{"embeddable":true,"href":"https:\/\/www.sik.fi\/index.php?rest_route=\/wp\/v2\/users\/1"}],"replies":[{"embeddable":true,"href":"https:\/\/www.sik.fi\/index.php?rest_route=%2Fwp%2Fv2%2Fcomments&post=249"}],"version-history":[{"count":2,"href":"https:\/\/www.sik.fi\/index.php?rest_route=\/wp\/v2\/pages\/249\/revisions"}],"predecessor-version":[{"id":2057,"href":"https:\/\/www.sik.fi\/index.php?rest_route=\/wp\/v2\/pages\/249\/revisions\/2057"}],"wp:attachment":[{"href":"https:\/\/www.sik.fi\/index.php?rest_route=%2Fwp%2Fv2%2Fmedia&parent=249"}],"curies":[{"name":"wp","href":"https:\/\/api.w.org\/{rel}","templated":true}]}}