{"id":2577,"date":"2025-01-15T14:33:57","date_gmt":"2025-01-15T12:33:57","guid":{"rendered":"https:\/\/www.sik.fi\/?page_id=2577"},"modified":"2025-03-22T13:34:17","modified_gmt":"2025-03-22T11:34:17","slug":"toimihenkilot-2025","status":"publish","type":"page","link":"https:\/\/www.sik.fi\/?page_id=2577","title":{"rendered":"Toimihenkil\u00f6t 2025"},"content":{"rendered":"\n<p><strong>Is\u00e4nt\u00e4<\/strong>: Jasu Niskanen<br><strong>Em\u00e4nt\u00e4:<\/strong> Aulis Neitiniemi<br><strong>Kiltakis\u00e4lli:<\/strong> Juho T\u00f6rm\u00e4nen<br><strong>Panomestari:<\/strong> Heikki Komonen<br><strong>Panokaveri:<\/strong> Tommi Salo, Matti Damski, Matias Turunen<br><strong>Kuvaajat:<\/strong> Nea Niiranen, Santeri Kissa, Juho T\u00f6rm\u00e4nen, Matias Hasa<br><strong>Graafikot:<\/strong> Nea Niiranen<br><strong>ApuToimittajat:<\/strong> Joona M\u00e4kil\u00e4, Aulis Neitiniemi<br><strong>Alumnivastaava:<\/strong> Jaakko Koskela<br><strong>Piiat yms.:<\/strong> Jussi Etula, Aatu Rissanen, Eetu Sylgren<br><strong>Laulunjohtaja:<\/strong> Santeri Kissa<br><strong>Laulunjohtajan oppipoika:<\/strong> Juho T\u00f6rm\u00e4nen<br><strong>Juottaja:<\/strong> Matias Hasa<br><strong>Apujuottajat:<\/strong> Juho T\u00f6rm\u00e4nen, Frans H\u00e4rk\u00f6nen, Jaakko Koskela, Tuomas Hillukkala<br><strong>Opintovastaavan apulainen:<\/strong> Anders Nikula<br><strong>Mennink\u00e4inen:<\/strong> Jaakko Koskela<br><strong>Fuksipaimen:<\/strong> Juho T\u00f6rm\u00e4nen<br><strong>Reissumies:<\/strong> Matti Damski<br><strong>Suhdetoimihenkil\u00f6t:<\/strong> Jake Vuoti, Anders Nikula<br><strong>Yll\u00e4pit\u00e4j\u00e4:<\/strong> Elisa Palola<br><strong>Operaattorit:<\/strong> Frans H\u00e4rk\u00f6nen, Juho T\u00f6rm\u00e4nen, Jan \u00c4\u00e4rel\u00e4, Anders Nikula, Jaakko Koskela, Matias Turunen<br><strong>Somevastaavat:<\/strong> Oona Penttil\u00e4, Oona Latomaa, Iiris Pelkonen<br><strong>KV-vastaava:<\/strong> Eetu Sylgren<br><strong>Waunuvastaavat:<\/strong> Matias Hasa<br><strong>Naarast\u00f6pseli:<\/strong> Iiris Pelkonen<br><strong>K\u00f6p\u00f6:<\/strong> Santeri Kissa<br><strong>Urheiluvastaava:<\/strong> Elisa Palola<br><strong>Ymp\u00e4rist\u00f6vastaava:<\/strong> Santeri Kissa<br><strong>Leipuri Hiiva<\/strong>: Iida Hotti<br><strong>Streptokokki:<\/strong> Eetu Sylgren<br><strong>Pelivastaava:<\/strong> Elias Herranen<br><strong>Pesusieni:<\/strong> Jussi Etula<br><strong>Ruusumestarit:<\/strong> Matti Damski, Joel Kesti, Susanna Savolainen, Santeri Kissa, Juho T\u00f6rm\u00e4nen, Jussi Etula<br><strong>Vujuvastaava:<\/strong> Santeri Kissa<br><strong>Vapaa-ajanvastaava:<\/strong> Iiris Pelkonen<\/p>\n","protected":false},"excerpt":{"rendered":"<p>Is\u00e4nt\u00e4: Jasu NiskanenEm\u00e4nt\u00e4: Aulis NeitiniemiKiltakis\u00e4lli: Juho T\u00f6rm\u00e4nenPanomestari: Heikki KomonenPanokaveri: Tommi Salo, Matti Damski, Matias TurunenKuvaajat: Nea Niiranen, Santeri Kissa, Juho T\u00f6rm\u00e4nen, Matias HasaGraafikot: Nea NiiranenApuToimittajat: Joona M\u00e4kil\u00e4, Aulis NeitiniemiAlumnivastaava: Jaakko KoskelaPiiat yms.: Jussi Etula, Aatu Rissanen, Eetu SylgrenLaulunjohtaja: Santeri KissaLaulunjohtajan oppipoika: Juho T\u00f6rm\u00e4nenJuottaja: Matias HasaApujuottajat: Juho T\u00f6rm\u00e4nen, Frans H\u00e4rk\u00f6nen, Jaakko &hellip;<\/p>\n","protected":false},"author":27,"featured_media":0,"parent":0,"menu_order":0,"comment_status":"closed","ping_status":"closed","template":"","meta":{"footnotes":""},"class_list":["post-2577","page","type-page","status-publish","hentry"],"_links":{"self":[{"href":"https:\/\/www.sik.fi\/index.php?rest_route=\/wp\/v2\/pages\/2577","targetHints":{"allow":["GET"]}}],"collection":[{"href":"https:\/\/www.sik.fi\/index.php?rest_route=\/wp\/v2\/pages"}],"about":[{"href":"https:\/\/www.sik.fi\/index.php?rest_route=\/wp\/v2\/types\/page"}],"author":[{"embeddable":true,"href":"https:\/\/www.sik.fi\/index.php?rest_route=\/wp\/v2\/users\/27"}],"replies":[{"embeddable":true,"href":"https:\/\/www.sik.fi\/index.php?rest_route=%2Fwp%2Fv2%2Fcomments&post=2577"}],"version-history":[{"count":2,"href":"https:\/\/www.sik.fi\/index.php?rest_route=\/wp\/v2\/pages\/2577\/revisions"}],"predecessor-version":[{"id":2634,"href":"https:\/\/www.sik.fi\/index.php?rest_route=\/wp\/v2\/pages\/2577\/revisions\/2634"}],"wp:attachment":[{"href":"https:\/\/www.sik.fi\/index.php?rest_route=%2Fwp%2Fv2%2Fmedia&parent=2577"}],"curies":[{"name":"wp","href":"https:\/\/api.w.org\/{rel}","templated":true}]}}