{"id":2579,"date":"2025-01-15T14:35:35","date_gmt":"2025-01-15T12:35:35","guid":{"rendered":"https:\/\/www.sik.fi\/?page_id=2579"},"modified":"2025-03-22T13:35:08","modified_gmt":"2025-03-22T11:35:08","slug":"the-guild-helpers-of-2025","status":"publish","type":"page","link":"https:\/\/www.sik.fi\/?page_id=2579&lang=en","title":{"rendered":"The guild helpers of 2025"},"content":{"rendered":"\n<ul class=\"wp-block-list\">\n<li><strong>Host:<\/strong> Jasu Niskanen<\/li>\n\n\n\n<li><strong>Hostess:<\/strong> Aulis Neitiniemi<\/li>\n\n\n\n<li><strong>Guild Journeyman:<\/strong> Juho T\u00f6rm\u00e4nen<\/li>\n\n\n\n<li><strong>Brewing Master:<\/strong> Heikki Komonen<\/li>\n\n\n\n<li><strong>Brewing Buddies:<\/strong> Tommi Salo, Matti Damski, Matias Turunen<\/li>\n\n\n\n<li><strong>Photographers:<\/strong> Nea Niiranen, Santeri Kissa, Juho T\u00f6rm\u00e4nen, Matias Hasa<\/li>\n\n\n\n<li><strong>Graphic Designers:<\/strong> Nea Niiranen<\/li>\n\n\n\n<li><strong>Assistant Editors:<\/strong> Joona M\u00e4kil\u00e4, Aulis Neitiniemi<\/li>\n\n\n\n<li><strong>Alumni Coordinator:<\/strong> Jaakko Koskela<\/li>\n\n\n\n<li><strong>Assistants (Various):<\/strong> Jussi Etula, Aatu Rissanen, Eetu Sylgren<\/li>\n\n\n\n<li><strong>Song Leader:<\/strong> Santeri Kissa<\/li>\n\n\n\n<li><strong>Song Leader\u2019s Apprentice:<\/strong> Juho T\u00f6rm\u00e4nen<\/li>\n\n\n\n<li><strong>Solderer:<\/strong> Matias Hasa<\/li>\n\n\n\n<li><strong>Assistant Solderers:<\/strong> Juho T\u00f6rm\u00e4nen, Frans H\u00e4rk\u00f6nen, Jaakko Koskela, Tuomas Hillukkala<\/li>\n\n\n\n<li><strong>Study Coordinator\u2019s Assistant:<\/strong> Anders Nikula<\/li>\n\n\n\n<li><strong>Goblin:<\/strong> Jaakko Koskela<\/li>\n\n\n\n<li><strong>Freshman Shepherd:<\/strong> Juho T\u00f6rm\u00e4nen<\/li>\n\n\n\n<li><strong>Traveler:<\/strong> Matti Damski<\/li>\n\n\n\n<li><strong>Relations Officers:<\/strong> Jake Vuoti, Anders Nikula<\/li>\n\n\n\n<li><strong>Administrator:<\/strong> Elisa Palola<\/li>\n\n\n\n<li><strong>Operators:<\/strong> Frans H\u00e4rk\u00f6nen, Juho T\u00f6rm\u00e4nen, Jan \u00c4\u00e4rel\u00e4, Anders Nikula, Jaakko Koskela, Matias Turunen<\/li>\n\n\n\n<li><strong>Social Media Coordinators:<\/strong> Oona Penttil\u00e4, Oona Latomaa, Iiris Pelkonen<\/li>\n\n\n\n<li><strong>International Coordinator:<\/strong> Eetu Sylgren<\/li>\n\n\n\n<li><strong>Van Coordinators:<\/strong> Matias Hasa<\/li>\n\n\n\n<li><strong>Female Plug:<\/strong> Iiris Pelkonen<\/li>\n\n\n\n<li><strong>K\u00f6p\u00f6:<\/strong> Santeri Kissa<\/li>\n\n\n\n<li><strong>Sports Coordinator:<\/strong> Elisa Palola<\/li>\n\n\n\n<li><strong>Environmental Coordinator:<\/strong> Santeri Kissa<\/li>\n\n\n\n<li><strong>Baker Yeast:<\/strong> Iida Hotti<\/li>\n\n\n\n<li><strong>Streptococcus:<\/strong> Eetu Sylgren<\/li>\n\n\n\n<li><strong>Gaming Coordinator:<\/strong> Elias Herranen<\/li>\n\n\n\n<li><strong>Sponge (Pesusieni):<\/strong> Jussi Etula<\/li>\n\n\n\n<li><strong>Ruusu Masters:<\/strong> Matti Damski, Joel Kesti, Susanna Savolainen, Santeri Kissa, Juho T\u00f6rm\u00e4nen, Jussi Etula<\/li>\n\n\n\n<li><strong>Anniversary party responsive:<\/strong> Santeri Kissa<\/li>\n\n\n\n<li><strong>Free-time Responsive:<\/strong> Iiris Pelkonen<\/li>\n<\/ul>\n","protected":false},"excerpt":{"rendered":"","protected":false},"author":27,"featured_media":0,"parent":0,"menu_order":0,"comment_status":"closed","ping_status":"closed","template":"","meta":{"footnotes":""},"class_list":["post-2579","page","type-page","status-publish","hentry"],"_links":{"self":[{"href":"https:\/\/www.sik.fi\/index.php?rest_route=\/wp\/v2\/pages\/2579","targetHints":{"allow":["GET"]}}],"collection":[{"href":"https:\/\/www.sik.fi\/index.php?rest_route=\/wp\/v2\/pages"}],"about":[{"href":"https:\/\/www.sik.fi\/index.php?rest_route=\/wp\/v2\/types\/page"}],"author":[{"embeddable":true,"href":"https:\/\/www.sik.fi\/index.php?rest_route=\/wp\/v2\/users\/27"}],"replies":[{"embeddable":true,"href":"https:\/\/www.sik.fi\/index.php?rest_route=%2Fwp%2Fv2%2Fcomments&post=2579"}],"version-history":[{"count":2,"href":"https:\/\/www.sik.fi\/index.php?rest_route=\/wp\/v2\/pages\/2579\/revisions"}],"predecessor-version":[{"id":2635,"href":"https:\/\/www.sik.fi\/index.php?rest_route=\/wp\/v2\/pages\/2579\/revisions\/2635"}],"wp:attachment":[{"href":"https:\/\/www.sik.fi\/index.php?rest_route=%2Fwp%2Fv2%2Fmedia&parent=2579"}],"curies":[{"name":"wp","href":"https:\/\/api.w.org\/{rel}","templated":true}]}}