{"id":2594,"date":"2025-01-17T20:54:23","date_gmt":"2025-01-17T18:54:23","guid":{"rendered":"https:\/\/www.sik.fi\/?page_id=2594"},"modified":"2026-02-05T10:46:24","modified_gmt":"2026-02-05T08:46:24","slug":"turvallisemman-tilan-periaatteet-ja-hairinta","status":"publish","type":"page","link":"https:\/\/www.sik.fi\/?page_id=2594","title":{"rendered":"Turvallisemman tilan periaatteet ja h\u00e4irint\u00e4"},"content":{"rendered":"\n<p class=\"has-large-font-size\"><strong>Turvallisemman tilan periaatteet<\/strong><\/p>\n\n\n\n<ol start=\"1\" class=\"wp-block-list\">\n<li class=\"has-normal-font-size\"><strong>Kunnioita henkil\u00f6kohtaisia rajoja:<\/strong> \u00c4l\u00e4 koske toiseen ilman lupaa ja kunnioita jokaisen oikeutta m\u00e4\u00e4ritt\u00e4\u00e4 omat rajansa. Pyyd\u00e4 tarvittaessa my\u00f6s itse tilaa.<\/li>\n\n\n\n<li><strong>Ole kunnioittava sanoin ja teoin:<\/strong> V\u00e4lt\u00e4 pilkkaamista, syrjimist\u00e4 ja nolaamista. \u00c4l\u00e4 arvostele ulkon\u00e4k\u00f6\u00e4, juoruile tai vahvista stereotypioita.<\/li>\n\n\n\n<li><strong>V\u00e4lt\u00e4 oletuksia:<\/strong> \u00c4l\u00e4 tee p\u00e4\u00e4telmi\u00e4 kenenk\u00e4\u00e4n taustasta, sukupuolesta, seksuaalisuudesta, uskonnosta tai toimintakyvyst\u00e4 ulkoisten seikkojen perusteella.<\/li>\n\n\n\n<li><strong>Anna kaikille tilaa osallistua:<\/strong> Varmista, ett\u00e4 jokaisella on mahdollisuus tuoda esiin mielipiteens\u00e4. Kuuntele toisia, v\u00e4lt\u00e4 jyr\u00e4\u00e4mist\u00e4 ja k\u00e4sittele herkki\u00e4 aiheita kunnioittavasti.<\/li>\n\n\n\n<li><strong>Ole avoin ja valmis oppimaan:<\/strong> Kohtaa uudet asiat ja ihmiset ennakkoluulottomasti ja n\u00e4e ne mahdollisuutena kasvaa ja oppia.<\/li>\n\n\n\n<li><strong>Pyyd\u00e4 anteeksi tarvittaessa:<\/strong> Jos loukkaat toista, joko tahallisesti tai vahingossa, pyyd\u00e4 anteeksi.<\/li>\n<\/ol>\n\n\n\n<p class=\"has-large-font-size\"><strong>Jos kohtaat h\u00e4irint\u00e4\u00e4 tai ep\u00e4asiallista k\u00e4yt\u00f6st\u00e4<\/strong><\/p>\n\n\n\n<ul class=\"wp-block-list\">\n<li>Puutu tilanteeseen, jos huomaat jonkun rikkovan turvallisemman tilan periaatteita killan tapahtumissa tai tiloissa.<\/li>\n\n\n\n<li>Ilmoita tapahtuneesta killan h\u00e4irint\u00e4yhdyshenkil\u00f6lle tai jos tapahtumaan on nimetty erillinen h\u00e4irint\u00e4yhdyshenkil\u00f6 niin h\u00e4neen. Tapahtuman j\u00e4rjest\u00e4jiin ja Hallituslaisiin voi my\u00f6s olla yhteydess\u00e4.<\/li>\n\n\n\n<li>H\u00e4irint\u00e4\u00e4n syyllistynyt henkil\u00f6 voidaan tarvittaessa poistaa tapahtumasta tai tilasta.<\/li>\n\n\n\n<li>Jos koet tai havaitset h\u00e4iritsev\u00e4\u00e4 k\u00e4yt\u00f6st\u00e4, voit ottaa yhteytt\u00e4 s\u00e4hk\u00f6postitse <strong>hairinta(at)sik.fi<\/strong> tai olla yhteydess\u00e4 killan h\u00e4irint\u00e4yhdyshenkil\u00f6ihin esimerkiksi Telegrammin kautta.<\/li>\n<\/ul>\n\n\n\n<p class=\"has-large-font-size\"><strong>S\u00e4hk\u00f6insin\u00f6\u00f6rikillan h\u00e4irint\u00e4yhdyshenkil\u00f6t<\/strong><\/p>\n\n\n\n<p class=\"has-normal-font-size\"><strong>Artturi V\u00e4\u00e4n\u00e4nen \u2013 Telegram: @ArtturiVaan<\/strong><br><strong>Iiris Pelkonen \u2013 Telegram: @iirisp<\/strong><br><strong>Konsta Tuovinen \u2013 Telegram: @kontulainen<\/strong><\/p>\n\n\n\n<p class=\"has-large-font-size\"><strong>FAQ H\u00e4irint\u00e4yhdyshenkil\u00f6ist\u00e4<\/strong><\/p>\n\n\n\n<p><strong>Keit\u00e4 h\u00e4irint\u00e4yhdyshenkil\u00f6t ovat?<\/strong><\/p>\n\n\n\n<p>H\u00e4irint\u00e4yhdyshenkil\u00f6t ovat luottamuksellisia tukihenkil\u00f6it\u00e4, jotka on nimetty auttamaan tilanteissa, joissa joku kohtaa h\u00e4irint\u00e4\u00e4, syrjint\u00e4\u00e4 tai ep\u00e4asiallista k\u00e4yt\u00f6st\u00e4. He eiv\u00e4t edusta ket\u00e4\u00e4n osapuolta, vaan heid\u00e4n teht\u00e4v\u00e4ns\u00e4 on tarjota apua ja tukea tilanteen selvitt\u00e4misess\u00e4. H\u00e4irint\u00e4yhdyshenkil\u00f6t on koulutettu toimimaan empaattisesti ja neutraalisti erilaisissa tilanteissa.<\/p>\n\n\n\n<p><strong>Mit\u00e4 killan h\u00e4irint\u00e4yhdyshenkil\u00f6t tekev\u00e4t?<\/strong><\/p>\n\n\n\n<ul class=\"wp-block-list\">\n<li><strong>Kuuntelevat ja tukevat:<\/strong> H\u00e4irint\u00e4yhdyshenkil\u00f6\u00f6n voi ottaa yhteytt\u00e4 matalalla kynnyksell\u00e4 killan tapahtumissa ja tiloissa, jos olet kokenut tai huomannut h\u00e4irint\u00e4\u00e4 tai ep\u00e4asiallista kohtelua. H\u00e4n kuuntelee sinua ja ottaa tilanteen vakavasti.<\/li>\n\n\n\n<li><strong>Neuvovat ja ohjaavat:<\/strong> H\u00e4irint\u00e4yhdyshenkil\u00f6t kertovat, mit\u00e4 vaihtoehtoja tilanteen k\u00e4sittelemiseen on ja auttavat sinua l\u00f6yt\u00e4m\u00e4\u00e4n sopivan ratkaisun.<\/li>\n\n\n\n<li><strong>Toimivat luottamuksellisesti:<\/strong> H\u00e4irint\u00e4yhdyshenkil\u00f6t k\u00e4sittelev\u00e4t kaikki yhteydenotot ehdottoman luottamuksellisesti, eik\u00e4 tietoja jaeta ilman suostumustasi.<\/li>\n\n\n\n<li><strong>Selvitt\u00e4v\u00e4t tilanteita tarvittaessa:<\/strong> Joskus h\u00e4irint\u00e4yhdyshenkil\u00f6t voivat toimia v\u00e4litt\u00e4jin\u00e4 tai saattaa asian eteenp\u00e4in OYY:n h\u00e4irint\u00e4yhdyshenkil\u00f6ille.<\/li>\n<\/ul>\n\n\n\n<p><strong>Miten ottaa yhteytt\u00e4?<\/strong><\/p>\n\n\n\n<ul class=\"wp-block-list\">\n<li>Voit ottaa yhteytt\u00e4 h\u00e4irint\u00e4yhdyshenkil\u00f6\u00f6n tai tapahtuman j\u00e4rjest\u00e4j\u00e4\u00e4n suoraan tapahtuman aikana.<\/li>\n\n\n\n<li>S\u00e4hk\u00f6postitse: Jos haluat k\u00e4sitell\u00e4 asiaa rauhassa, voit l\u00e4hett\u00e4\u00e4 s\u00e4hk\u00f6postia osoitteeseen <strong>hairinta(at)sik.fi<\/strong>.<\/li>\n\n\n\n<li>Suoraan puhelimitse esimerkiksi Telegrammin kautta.<\/li>\n<\/ul>\n\n\n\n<p>Sivua on p\u00e4ivitetty viimeksi 17.1.2025.<\/p>\n","protected":false},"excerpt":{"rendered":"<p>Turvallisemman tilan periaatteet Jos kohtaat h\u00e4irint\u00e4\u00e4 tai ep\u00e4asiallista k\u00e4yt\u00f6st\u00e4 S\u00e4hk\u00f6insin\u00f6\u00f6rikillan h\u00e4irint\u00e4yhdyshenkil\u00f6t Artturi V\u00e4\u00e4n\u00e4nen \u2013 Telegram: @ArtturiVaanIiris Pelkonen \u2013 Telegram: @iirispKonsta Tuovinen \u2013 Telegram: @kontulainen FAQ H\u00e4irint\u00e4yhdyshenkil\u00f6ist\u00e4 Keit\u00e4 h\u00e4irint\u00e4yhdyshenkil\u00f6t ovat? H\u00e4irint\u00e4yhdyshenkil\u00f6t ovat luottamuksellisia tukihenkil\u00f6it\u00e4, jotka on nimetty auttamaan tilanteissa, joissa joku kohtaa h\u00e4irint\u00e4\u00e4, syrjint\u00e4\u00e4 tai ep\u00e4asiallista k\u00e4yt\u00f6st\u00e4. He eiv\u00e4t edusta ket\u00e4\u00e4n &hellip;<\/p>\n","protected":false},"author":27,"featured_media":0,"parent":0,"menu_order":0,"comment_status":"closed","ping_status":"closed","template":"","meta":{"footnotes":""},"class_list":["post-2594","page","type-page","status-publish","hentry"],"_links":{"self":[{"href":"https:\/\/www.sik.fi\/index.php?rest_route=\/wp\/v2\/pages\/2594","targetHints":{"allow":["GET"]}}],"collection":[{"href":"https:\/\/www.sik.fi\/index.php?rest_route=\/wp\/v2\/pages"}],"about":[{"href":"https:\/\/www.sik.fi\/index.php?rest_route=\/wp\/v2\/types\/page"}],"author":[{"embeddable":true,"href":"https:\/\/www.sik.fi\/index.php?rest_route=\/wp\/v2\/users\/27"}],"replies":[{"embeddable":true,"href":"https:\/\/www.sik.fi\/index.php?rest_route=%2Fwp%2Fv2%2Fcomments&post=2594"}],"version-history":[{"count":10,"href":"https:\/\/www.sik.fi\/index.php?rest_route=\/wp\/v2\/pages\/2594\/revisions"}],"predecessor-version":[{"id":2768,"href":"https:\/\/www.sik.fi\/index.php?rest_route=\/wp\/v2\/pages\/2594\/revisions\/2768"}],"wp:attachment":[{"href":"https:\/\/www.sik.fi\/index.php?rest_route=%2Fwp%2Fv2%2Fmedia&parent=2594"}],"curies":[{"name":"wp","href":"https:\/\/api.w.org\/{rel}","templated":true}]}}