{"id":2708,"date":"2026-01-29T19:45:15","date_gmt":"2026-01-29T17:45:15","guid":{"rendered":"https:\/\/www.sik.fi\/?page_id=2708"},"modified":"2026-02-05T10:29:30","modified_gmt":"2026-02-05T08:29:30","slug":"hallitus-2026","status":"publish","type":"page","link":"https:\/\/www.sik.fi\/?page_id=2708","title":{"rendered":"Hallitus 2026"},"content":{"rendered":"\n<div class=\"wp-block-columns is-layout-flex wp-container-core-columns-is-layout-9d6595d7 wp-block-columns-is-layout-flex\">\n<div class=\"wp-block-column is-layout-flow wp-block-column-is-layout-flow\">\n<div class=\"wp-block-media-text is-stacked-on-mobile\"><figure class=\"wp-block-media-text__media\"><img loading=\"lazy\" decoding=\"async\" width=\"1024\" height=\"768\" src=\"https:\/\/www.sik.fi\/wp-content\/uploads\/2026\/01\/DSC_Hallitus26_1-1024x768.jpg\" alt=\"\" class=\"wp-image-2709 size-full\" srcset=\"https:\/\/www.sik.fi\/wp-content\/uploads\/2026\/01\/DSC_Hallitus26_1-1024x768.jpg 1024w, https:\/\/www.sik.fi\/wp-content\/uploads\/2026\/01\/DSC_Hallitus26_1-300x225.jpg 300w, https:\/\/www.sik.fi\/wp-content\/uploads\/2026\/01\/DSC_Hallitus26_1-768x576.jpg 768w, https:\/\/www.sik.fi\/wp-content\/uploads\/2026\/01\/DSC_Hallitus26_1-1536x1152.jpg 1536w, https:\/\/www.sik.fi\/wp-content\/uploads\/2026\/01\/DSC_Hallitus26_1-2048x1536.jpg 2048w, https:\/\/www.sik.fi\/wp-content\/uploads\/2026\/01\/DSC_Hallitus26_1-267x200.jpg 267w\" sizes=\"auto, (max-width: 1024px) 100vw, 1024px\" \/><\/figure><div class=\"wp-block-media-text__content\">\n<p>Juho T\u00f6rm\u00e4nen<br>Puheenjohtaja<br>puheenjohtaja(a)sik.fi<\/p>\n<\/div><\/div>\n<\/div>\n\n\n\n<div class=\"wp-block-column is-layout-flow wp-block-column-is-layout-flow\">\n<div class=\"wp-block-media-text is-stacked-on-mobile\"><figure class=\"wp-block-media-text__media\"><img loading=\"lazy\" decoding=\"async\" width=\"1024\" height=\"768\" src=\"https:\/\/www.sik.fi\/wp-content\/uploads\/2026\/01\/DSC_Hallitus26_3-1024x768.jpg\" alt=\"\" class=\"wp-image-2713 size-full\" srcset=\"https:\/\/www.sik.fi\/wp-content\/uploads\/2026\/01\/DSC_Hallitus26_3-1024x768.jpg 1024w, https:\/\/www.sik.fi\/wp-content\/uploads\/2026\/01\/DSC_Hallitus26_3-300x225.jpg 300w, https:\/\/www.sik.fi\/wp-content\/uploads\/2026\/01\/DSC_Hallitus26_3-768x576.jpg 768w, https:\/\/www.sik.fi\/wp-content\/uploads\/2026\/01\/DSC_Hallitus26_3-1536x1152.jpg 1536w, https:\/\/www.sik.fi\/wp-content\/uploads\/2026\/01\/DSC_Hallitus26_3-2048x1536.jpg 2048w, https:\/\/www.sik.fi\/wp-content\/uploads\/2026\/01\/DSC_Hallitus26_3-267x200.jpg 267w\" sizes=\"auto, (max-width: 1024px) 100vw, 1024px\" \/><\/figure><div class=\"wp-block-media-text__content\">\n<p>Matias Turunen<br>Tiedotusvastaava<br>tiedotusvastaava(a)sik.fi<\/p>\n<\/div><\/div>\n<\/div>\n<\/div>\n\n\n\n<div style=\"height:40px\" aria-hidden=\"true\" class=\"wp-block-spacer\"><\/div>\n\n\n\n<div class=\"wp-block-columns is-layout-flex wp-container-core-columns-is-layout-9d6595d7 wp-block-columns-is-layout-flex\">\n<div class=\"wp-block-column is-layout-flow wp-block-column-is-layout-flow\">\n<div class=\"wp-block-media-text is-stacked-on-mobile\"><figure class=\"wp-block-media-text__media\"><img loading=\"lazy\" decoding=\"async\" width=\"1024\" height=\"768\" src=\"https:\/\/www.sik.fi\/wp-content\/uploads\/2026\/01\/DSC_Hallitus26_11-2-1024x768.jpg\" alt=\"\" class=\"wp-image-2716 size-full\" srcset=\"https:\/\/www.sik.fi\/wp-content\/uploads\/2026\/01\/DSC_Hallitus26_11-2-1024x768.jpg 1024w, https:\/\/www.sik.fi\/wp-content\/uploads\/2026\/01\/DSC_Hallitus26_11-2-300x225.jpg 300w, https:\/\/www.sik.fi\/wp-content\/uploads\/2026\/01\/DSC_Hallitus26_11-2-768x576.jpg 768w, https:\/\/www.sik.fi\/wp-content\/uploads\/2026\/01\/DSC_Hallitus26_11-2-1536x1152.jpg 1536w, https:\/\/www.sik.fi\/wp-content\/uploads\/2026\/01\/DSC_Hallitus26_11-2-2048x1536.jpg 2048w, https:\/\/www.sik.fi\/wp-content\/uploads\/2026\/01\/DSC_Hallitus26_11-2-267x200.jpg 267w\" sizes=\"auto, (max-width: 1024px) 100vw, 1024px\" \/><\/figure><div class=\"wp-block-media-text__content\">\n<p>Pyry Vaho<br>Sihteeri<br>sihteeri(a)sik.fi<\/p>\n<\/div><\/div>\n<\/div>\n\n\n\n<div class=\"wp-block-column is-layout-flow wp-block-column-is-layout-flow\">\n<div class=\"wp-block-media-text is-stacked-on-mobile\"><figure class=\"wp-block-media-text__media\"><img loading=\"lazy\" decoding=\"async\" width=\"1024\" height=\"768\" src=\"https:\/\/www.sik.fi\/wp-content\/uploads\/2026\/01\/DSC_Hallitus26_4-1-1024x768.jpg\" alt=\"\" class=\"wp-image-2717 size-full\" srcset=\"https:\/\/www.sik.fi\/wp-content\/uploads\/2026\/01\/DSC_Hallitus26_4-1-1024x768.jpg 1024w, https:\/\/www.sik.fi\/wp-content\/uploads\/2026\/01\/DSC_Hallitus26_4-1-300x225.jpg 300w, https:\/\/www.sik.fi\/wp-content\/uploads\/2026\/01\/DSC_Hallitus26_4-1-768x576.jpg 768w, https:\/\/www.sik.fi\/wp-content\/uploads\/2026\/01\/DSC_Hallitus26_4-1-1536x1152.jpg 1536w, https:\/\/www.sik.fi\/wp-content\/uploads\/2026\/01\/DSC_Hallitus26_4-1-2048x1536.jpg 2048w, https:\/\/www.sik.fi\/wp-content\/uploads\/2026\/01\/DSC_Hallitus26_4-1-267x200.jpg 267w\" sizes=\"auto, (max-width: 1024px) 100vw, 1024px\" \/><\/figure><div class=\"wp-block-media-text__content\">\n<p>Iiris Pelkonen<br>Varapuheenjohtaja<br>Fuksivastaava<br>fuksivastaava(a)sik.fi<\/p>\n<\/div><\/div>\n<\/div>\n<\/div>\n\n\n\n<div style=\"height:40px\" aria-hidden=\"true\" class=\"wp-block-spacer\"><\/div>\n\n\n\n<div class=\"wp-block-columns is-layout-flex wp-container-core-columns-is-layout-9d6595d7 wp-block-columns-is-layout-flex\">\n<div class=\"wp-block-column is-layout-flow wp-block-column-is-layout-flow\">\n<div class=\"wp-block-media-text is-stacked-on-mobile\"><figure class=\"wp-block-media-text__media\"><img loading=\"lazy\" decoding=\"async\" width=\"1024\" height=\"768\" src=\"https:\/\/www.sik.fi\/wp-content\/uploads\/2026\/01\/DSC_Hallitus26_6-2-1024x768.jpg\" alt=\"\" class=\"wp-image-2718 size-full\" srcset=\"https:\/\/www.sik.fi\/wp-content\/uploads\/2026\/01\/DSC_Hallitus26_6-2-1024x768.jpg 1024w, https:\/\/www.sik.fi\/wp-content\/uploads\/2026\/01\/DSC_Hallitus26_6-2-300x225.jpg 300w, https:\/\/www.sik.fi\/wp-content\/uploads\/2026\/01\/DSC_Hallitus26_6-2-768x576.jpg 768w, https:\/\/www.sik.fi\/wp-content\/uploads\/2026\/01\/DSC_Hallitus26_6-2-1536x1152.jpg 1536w, https:\/\/www.sik.fi\/wp-content\/uploads\/2026\/01\/DSC_Hallitus26_6-2-2048x1536.jpg 2048w, https:\/\/www.sik.fi\/wp-content\/uploads\/2026\/01\/DSC_Hallitus26_6-2-267x200.jpg 267w\" sizes=\"auto, (max-width: 1024px) 100vw, 1024px\" \/><\/figure><div class=\"wp-block-media-text__content\">\n<p>Konsta Tuovinen<br>Opintovastaava<br>opintovastaava(a)sik.fi<\/p>\n<\/div><\/div>\n<\/div>\n\n\n\n<div class=\"wp-block-column is-layout-flow wp-block-column-is-layout-flow\">\n<div class=\"wp-block-media-text is-stacked-on-mobile\"><figure class=\"wp-block-media-text__media\"><img loading=\"lazy\" decoding=\"async\" width=\"1024\" height=\"768\" src=\"https:\/\/www.sik.fi\/wp-content\/uploads\/2026\/01\/DSC_Hallitus26_9-1024x768.jpg\" alt=\"\" class=\"wp-image-2719 size-full\" srcset=\"https:\/\/www.sik.fi\/wp-content\/uploads\/2026\/01\/DSC_Hallitus26_9-1024x768.jpg 1024w, https:\/\/www.sik.fi\/wp-content\/uploads\/2026\/01\/DSC_Hallitus26_9-300x225.jpg 300w, https:\/\/www.sik.fi\/wp-content\/uploads\/2026\/01\/DSC_Hallitus26_9-768x576.jpg 768w, https:\/\/www.sik.fi\/wp-content\/uploads\/2026\/01\/DSC_Hallitus26_9-1536x1152.jpg 1536w, https:\/\/www.sik.fi\/wp-content\/uploads\/2026\/01\/DSC_Hallitus26_9-2048x1536.jpg 2048w, https:\/\/www.sik.fi\/wp-content\/uploads\/2026\/01\/DSC_Hallitus26_9-267x200.jpg 267w\" sizes=\"auto, (max-width: 1024px) 100vw, 1024px\" \/><\/figure><div class=\"wp-block-media-text__content\">\n<p>Veeti Koivukoski<br>Kiltamestari<br>kiltamestari(a)sik.fi<\/p>\n<\/div><\/div>\n<\/div>\n<\/div>\n\n\n\n<div style=\"height:40px\" aria-hidden=\"true\" class=\"wp-block-spacer\"><\/div>\n\n\n\n<div class=\"wp-block-columns is-layout-flex wp-container-core-columns-is-layout-9d6595d7 wp-block-columns-is-layout-flex\">\n<div class=\"wp-block-column is-layout-flow wp-block-column-is-layout-flow\">\n<div class=\"wp-block-media-text is-stacked-on-mobile\"><figure class=\"wp-block-media-text__media\"><img loading=\"lazy\" decoding=\"async\" width=\"1024\" height=\"768\" src=\"https:\/\/www.sik.fi\/wp-content\/uploads\/2026\/01\/DSC_Hallitus26_10-1024x768.jpg\" alt=\"\" class=\"wp-image-2720 size-full\" srcset=\"https:\/\/www.sik.fi\/wp-content\/uploads\/2026\/01\/DSC_Hallitus26_10-1024x768.jpg 1024w, https:\/\/www.sik.fi\/wp-content\/uploads\/2026\/01\/DSC_Hallitus26_10-300x225.jpg 300w, https:\/\/www.sik.fi\/wp-content\/uploads\/2026\/01\/DSC_Hallitus26_10-768x576.jpg 768w, https:\/\/www.sik.fi\/wp-content\/uploads\/2026\/01\/DSC_Hallitus26_10-1536x1152.jpg 1536w, https:\/\/www.sik.fi\/wp-content\/uploads\/2026\/01\/DSC_Hallitus26_10-2048x1536.jpg 2048w, https:\/\/www.sik.fi\/wp-content\/uploads\/2026\/01\/DSC_Hallitus26_10-267x200.jpg 267w\" sizes=\"auto, (max-width: 1024px) 100vw, 1024px\" \/><\/figure><div class=\"wp-block-media-text__content\">\n<p>Sebastian Illikainen<br>Suhdevastaava<br>suhdevastaava(a)sik.fi<\/p>\n<\/div><\/div>\n<\/div>\n\n\n\n<div class=\"wp-block-column is-layout-flow wp-block-column-is-layout-flow\">\n<div class=\"wp-block-media-text is-stacked-on-mobile\"><figure class=\"wp-block-media-text__media\"><img loading=\"lazy\" decoding=\"async\" width=\"1024\" height=\"768\" src=\"https:\/\/www.sik.fi\/wp-content\/uploads\/2026\/01\/DSC_Hallitus26_2-1024x768.jpg\" alt=\"\" class=\"wp-image-2723 size-full\" srcset=\"https:\/\/www.sik.fi\/wp-content\/uploads\/2026\/01\/DSC_Hallitus26_2-1024x768.jpg 1024w, https:\/\/www.sik.fi\/wp-content\/uploads\/2026\/01\/DSC_Hallitus26_2-300x225.jpg 300w, https:\/\/www.sik.fi\/wp-content\/uploads\/2026\/01\/DSC_Hallitus26_2-768x576.jpg 768w, https:\/\/www.sik.fi\/wp-content\/uploads\/2026\/01\/DSC_Hallitus26_2-1536x1152.jpg 1536w, https:\/\/www.sik.fi\/wp-content\/uploads\/2026\/01\/DSC_Hallitus26_2-2048x1536.jpg 2048w, https:\/\/www.sik.fi\/wp-content\/uploads\/2026\/01\/DSC_Hallitus26_2-267x200.jpg 267w\" sizes=\"auto, (max-width: 1024px) 100vw, 1024px\" \/><\/figure><div class=\"wp-block-media-text__content\">\n<p>Jasu Niskanen<br>Teekkarivastaava<br>teekkarivastaava(a)sik.fi<\/p>\n<\/div><\/div>\n<\/div>\n<\/div>\n\n\n\n<div style=\"height:40px\" aria-hidden=\"true\" class=\"wp-block-spacer\"><\/div>\n\n\n\n<div class=\"wp-block-columns is-layout-flex wp-container-core-columns-is-layout-9d6595d7 wp-block-columns-is-layout-flex\">\n<div class=\"wp-block-column is-layout-flow wp-block-column-is-layout-flow\">\n<div class=\"wp-block-media-text is-stacked-on-mobile\"><figure class=\"wp-block-media-text__media\"><img loading=\"lazy\" decoding=\"async\" width=\"1024\" height=\"768\" src=\"https:\/\/www.sik.fi\/wp-content\/uploads\/2026\/01\/DSC_Hallitus26_5-1024x768.jpg\" alt=\"\" class=\"wp-image-2721 size-full\" srcset=\"https:\/\/www.sik.fi\/wp-content\/uploads\/2026\/01\/DSC_Hallitus26_5-1024x768.jpg 1024w, https:\/\/www.sik.fi\/wp-content\/uploads\/2026\/01\/DSC_Hallitus26_5-300x225.jpg 300w, https:\/\/www.sik.fi\/wp-content\/uploads\/2026\/01\/DSC_Hallitus26_5-768x576.jpg 768w, https:\/\/www.sik.fi\/wp-content\/uploads\/2026\/01\/DSC_Hallitus26_5-1536x1152.jpg 1536w, https:\/\/www.sik.fi\/wp-content\/uploads\/2026\/01\/DSC_Hallitus26_5-2048x1536.jpg 2048w, https:\/\/www.sik.fi\/wp-content\/uploads\/2026\/01\/DSC_Hallitus26_5-267x200.jpg 267w\" sizes=\"auto, (max-width: 1024px) 100vw, 1024px\" \/><\/figure><div class=\"wp-block-media-text__content\">\n<p>Elisa Palola<br>Rahastonhoitaja<br>rahastonhoitaja(a)sik.fi<\/p>\n<\/div><\/div>\n<\/div>\n\n\n\n<div class=\"wp-block-column is-layout-flow wp-block-column-is-layout-flow\">\n<div class=\"wp-block-media-text is-stacked-on-mobile\"><figure class=\"wp-block-media-text__media\"><img loading=\"lazy\" decoding=\"async\" width=\"1024\" height=\"768\" src=\"https:\/\/www.sik.fi\/wp-content\/uploads\/2026\/01\/DSC_Hallitus26_8-1024x768.jpg\" alt=\"\" class=\"wp-image-2722 size-full\" srcset=\"https:\/\/www.sik.fi\/wp-content\/uploads\/2026\/01\/DSC_Hallitus26_8-1024x768.jpg 1024w, https:\/\/www.sik.fi\/wp-content\/uploads\/2026\/01\/DSC_Hallitus26_8-300x225.jpg 300w, https:\/\/www.sik.fi\/wp-content\/uploads\/2026\/01\/DSC_Hallitus26_8-768x576.jpg 768w, https:\/\/www.sik.fi\/wp-content\/uploads\/2026\/01\/DSC_Hallitus26_8-1536x1152.jpg 1536w, https:\/\/www.sik.fi\/wp-content\/uploads\/2026\/01\/DSC_Hallitus26_8-2048x1536.jpg 2048w, https:\/\/www.sik.fi\/wp-content\/uploads\/2026\/01\/DSC_Hallitus26_8-267x200.jpg 267w\" sizes=\"auto, (max-width: 1024px) 100vw, 1024px\" \/><\/figure><div class=\"wp-block-media-text__content\">\n<p>Artturi V\u00e4\u00e4n\u00e4nen<br>Kuningasjuottaja<br>kuningasjuottaja(a)sik.fi<\/p>\n<\/div><\/div>\n<\/div>\n<\/div>\n\n\n\n<div style=\"height:40px\" aria-hidden=\"true\" class=\"wp-block-spacer\"><\/div>\n\n\n\n<div class=\"wp-block-columns is-layout-flex wp-container-core-columns-is-layout-9d6595d7 wp-block-columns-is-layout-flex\">\n<div class=\"wp-block-column is-layout-flow wp-block-column-is-layout-flow\">\n<div class=\"wp-block-media-text is-stacked-on-mobile\"><figure class=\"wp-block-media-text__media\"><img loading=\"lazy\" decoding=\"async\" width=\"1024\" height=\"768\" src=\"https:\/\/www.sik.fi\/wp-content\/uploads\/2026\/01\/DSC_Hallitus26_7-1024x768.jpg\" alt=\"\" class=\"wp-image-2725 size-full\" srcset=\"https:\/\/www.sik.fi\/wp-content\/uploads\/2026\/01\/DSC_Hallitus26_7-1024x768.jpg 1024w, https:\/\/www.sik.fi\/wp-content\/uploads\/2026\/01\/DSC_Hallitus26_7-300x225.jpg 300w, https:\/\/www.sik.fi\/wp-content\/uploads\/2026\/01\/DSC_Hallitus26_7-768x576.jpg 768w, https:\/\/www.sik.fi\/wp-content\/uploads\/2026\/01\/DSC_Hallitus26_7-1536x1152.jpg 1536w, https:\/\/www.sik.fi\/wp-content\/uploads\/2026\/01\/DSC_Hallitus26_7-2048x1536.jpg 2048w, https:\/\/www.sik.fi\/wp-content\/uploads\/2026\/01\/DSC_Hallitus26_7-267x200.jpg 267w\" sizes=\"auto, (max-width: 1024px) 100vw, 1024px\" \/><\/figure><div class=\"wp-block-media-text__content\">\n<p>Pihla J\u00e4rvinen<br>Vapaa-ajanvastaava<br>vapaa-ajanvastaava(a)sik.fi<\/p>\n<\/div><\/div>\n<\/div>\n\n\n\n<div class=\"wp-block-column is-layout-flow wp-block-column-is-layout-flow\"><\/div>\n<\/div>\n\n\n\n<p><\/p>\n","protected":false},"excerpt":{"rendered":"<p>Juho T\u00f6rm\u00e4nenPuheenjohtajapuheenjohtaja(a)sik.fi Matias TurunenTiedotusvastaavatiedotusvastaava(a)sik.fi Pyry VahoSihteerisihteeri(a)sik.fi Iiris PelkonenVarapuheenjohtajaFuksivastaavafuksivastaava(a)sik.fi Konsta TuovinenOpintovastaavaopintovastaava(a)sik.fi Veeti KoivukoskiKiltamestarikiltamestari(a)sik.fi Sebastian IllikainenSuhdevastaavasuhdevastaava(a)sik.fi Jasu NiskanenTeekkarivastaavateekkarivastaava(a)sik.fi Elisa PalolaRahastonhoitajarahastonhoitaja(a)sik.fi Artturi V\u00e4\u00e4n\u00e4nenKuningasjuottajakuningasjuottaja(a)sik.fi Pihla J\u00e4rvinenVapaa-ajanvastaavavapaa-ajanvastaava(a)sik.fi<\/p>\n","protected":false},"author":35,"featured_media":0,"parent":0,"menu_order":0,"comment_status":"closed","ping_status":"closed","template":"","meta":{"footnotes":""},"class_list":["post-2708","page","type-page","status-publish","hentry"],"_links":{"self":[{"href":"https:\/\/www.sik.fi\/index.php?rest_route=\/wp\/v2\/pages\/2708","targetHints":{"allow":["GET"]}}],"collection":[{"href":"https:\/\/www.sik.fi\/index.php?rest_route=\/wp\/v2\/pages"}],"about":[{"href":"https:\/\/www.sik.fi\/index.php?rest_route=\/wp\/v2\/types\/page"}],"author":[{"embeddable":true,"href":"https:\/\/www.sik.fi\/index.php?rest_route=\/wp\/v2\/users\/35"}],"replies":[{"embeddable":true,"href":"https:\/\/www.sik.fi\/index.php?rest_route=%2Fwp%2Fv2%2Fcomments&post=2708"}],"version-history":[{"count":7,"href":"https:\/\/www.sik.fi\/index.php?rest_route=\/wp\/v2\/pages\/2708\/revisions"}],"predecessor-version":[{"id":2765,"href":"https:\/\/www.sik.fi\/index.php?rest_route=\/wp\/v2\/pages\/2708\/revisions\/2765"}],"wp:attachment":[{"href":"https:\/\/www.sik.fi\/index.php?rest_route=%2Fwp%2Fv2%2Fmedia&parent=2708"}],"curies":[{"name":"wp","href":"https:\/\/api.w.org\/{rel}","templated":true}]}}