{"id":2732,"date":"2026-01-29T20:06:29","date_gmt":"2026-01-29T18:06:29","guid":{"rendered":"https:\/\/www.sik.fi\/?page_id=2732"},"modified":"2026-01-29T20:35:39","modified_gmt":"2026-01-29T18:35:39","slug":"toimihenkilot-2026","status":"publish","type":"page","link":"https:\/\/www.sik.fi\/?page_id=2732","title":{"rendered":"Toimihenkil\u00f6t 2026"},"content":{"rendered":"\n<ul class=\"wp-block-list\">\n<li><strong>Is\u00e4nt\u00e4<\/strong>: Elias Herranen<\/li>\n\n\n\n<li><strong>Em\u00e4nt\u00e4:<\/strong> Iida Hotti<\/li>\n\n\n\n<li><strong>Kiltakis\u00e4lli:<\/strong> Markus Holma<\/li>\n\n\n\n<li><strong>Panomestari:<\/strong> Veeti Koivukoski<\/li>\n\n\n\n<li><strong>Panokaveri:<\/strong> Vili-Valtteri Vainiola, Aapeli Alanko<\/li>\n\n\n\n<li><strong>Kuvaajat:<\/strong> Aapo V\u00e4is\u00e4nen, Juho T\u00f6rm\u00e4nen, Frans H\u00e4rk\u00f6nen, Matias Hasa, Artturi V\u00e4\u00e4n\u00e4nen<\/li>\n\n\n\n<li><strong>Graafikot:<\/strong> Nea Niiranen, Jan \u00c4\u00e4rel\u00e4, Juho T\u00f6rm\u00e4nen<\/li>\n\n\n\n<li><strong>ApuToimittajat:<\/strong> Elias Herranen, Frans H\u00e4rk\u00f6nen<\/li>\n\n\n\n<li><strong>Alumnivastaava:<\/strong> Frans H\u00e4rk\u00f6nen<\/li>\n\n\n\n<li><strong>Piiat yms.:<\/strong> Frans H\u00e4rk\u00f6nen, Iiris Pelkonen, Jan \u00c4\u00e4rel\u00e4<\/li>\n\n\n\n<li><strong>Laulunjohtaja:<\/strong> Juho T\u00f6rm\u00e4nen<\/li>\n\n\n\n<li><strong>Laulunjohtajan oppipoika:<\/strong> Matti Damski<\/li>\n\n\n\n<li><strong>Juottaja:<\/strong> Aapo V\u00e4is\u00e4nen<\/li>\n\n\n\n<li><strong>Apujuottajat:<\/strong> Frans H\u00e4rk\u00f6nen, Pyry Vaho, Tuomas Hillukkala, Jan \u00c4\u00e4rel\u00e4, Matias Hasa<\/li>\n\n\n\n<li><strong>Opintovastaavan apulainen:<\/strong> Joona M\u00e4kil\u00e4<\/li>\n\n\n\n<li><strong>Mennink\u00e4inen:<\/strong> Aku-Ville Vuorenhuhta<\/li>\n\n\n\n<li><strong>Fuksipaimen:<\/strong> Markus Holma<\/li>\n\n\n\n<li><strong>Reissumies:<\/strong> Joona M\u00e4kil\u00e4<\/li>\n\n\n\n<li><strong>Suhdetoimihenkil\u00f6t:<\/strong> Aku-Ville Vuorenhuhta, Joona M\u00e4kil\u00e4<\/li>\n\n\n\n<li><strong>Yll\u00e4pit\u00e4j\u00e4:<\/strong> Vili-Valttei Vainiola<\/li>\n\n\n\n<li><strong>Operaattorit:<\/strong> Frans H\u00e4rk\u00f6nen, Jan \u00c4\u00e4rel\u00e4, Elisa Palola, Iida Hotti, Elias Herranen<\/li>\n\n\n\n<li><strong>Somevaikuttaja:<\/strong> Oona Latomaa<\/li>\n\n\n\n<li><strong>KV-vastaava:<\/strong> Matti Damski<\/li>\n\n\n\n<li><strong>Waunuvastaavat:<\/strong> Sebastian Illikainen, Veeti Koivukoski, Sakari Alapudas, Aapeli Alanko, Aku-Ville Vuorenhuhta, Jan \u00c4\u00e4rel\u00e4, Matias Hasa<\/li>\n\n\n\n<li><strong>Naarast\u00f6pseli:<\/strong> Iiris Pelkonen<\/li>\n\n\n\n<li><strong>K\u00f6p\u00f6:<\/strong> Frans H\u00e4rk\u00f6nen<\/li>\n\n\n\n<li><strong>Urheiluvastaava:<\/strong> Konsta Tuovinen<\/li>\n\n\n\n<li><strong>Leipuri Hiiva<\/strong>: Pihla J\u00e4rvinen<\/li>\n\n\n\n<li><strong>Streptokokki:<\/strong> Ulla Kalliainen<\/li>\n\n\n\n<li><strong>Pelivastaava:<\/strong> Elias Herranen<\/li>\n\n\n\n<li><strong>Pesusieni:<\/strong> Markus Holma, Oskari Aaltonen, Joel Kesti, Tuomas Hillukkala<\/li>\n\n\n\n<li><strong>Ruusumestarit:<\/strong> Elias Herranen, Iida Hotti, Matti Damski, Markus Holma, Joel Kesti<\/li>\n\n\n\n<li><strong>Someorjat: <\/strong>Aulis Neitiniemi, Aapo V\u00e4is\u00e4nen<\/li>\n\n\n\n<li><strong>Waasa-vastaava: <\/strong>Ulpu Ojutkangas<\/li>\n\n\n\n<li><strong>Oltermanni: <\/strong>Jari Hannu<\/li>\n\n\n\n<li><strong>Kiltavanhin: <\/strong>Pauli Kaikkonen<\/li>\n\n\n\n<li><strong>Toiminnantarkastajat: <\/strong>Matias Hasa, Frans H\u00e4rk\u00f6nen<\/li>\n\n\n\n<li><strong>Varatoiminnantarkastajat: <\/strong>Sakari Kellolampi, Tuomas Hillukkala<\/li>\n<\/ul>\n\n\n\n<p><\/p>\n","protected":false},"excerpt":{"rendered":"","protected":false},"author":35,"featured_media":0,"parent":0,"menu_order":0,"comment_status":"closed","ping_status":"closed","template":"","meta":{"footnotes":""},"class_list":["post-2732","page","type-page","status-publish","hentry"],"_links":{"self":[{"href":"https:\/\/www.sik.fi\/index.php?rest_route=\/wp\/v2\/pages\/2732","targetHints":{"allow":["GET"]}}],"collection":[{"href":"https:\/\/www.sik.fi\/index.php?rest_route=\/wp\/v2\/pages"}],"about":[{"href":"https:\/\/www.sik.fi\/index.php?rest_route=\/wp\/v2\/types\/page"}],"author":[{"embeddable":true,"href":"https:\/\/www.sik.fi\/index.php?rest_route=\/wp\/v2\/users\/35"}],"replies":[{"embeddable":true,"href":"https:\/\/www.sik.fi\/index.php?rest_route=%2Fwp%2Fv2%2Fcomments&post=2732"}],"version-history":[{"count":2,"href":"https:\/\/www.sik.fi\/index.php?rest_route=\/wp\/v2\/pages\/2732\/revisions"}],"predecessor-version":[{"id":2743,"href":"https:\/\/www.sik.fi\/index.php?rest_route=\/wp\/v2\/pages\/2732\/revisions\/2743"}],"wp:attachment":[{"href":"https:\/\/www.sik.fi\/index.php?rest_route=%2Fwp%2Fv2%2Fmedia&parent=2732"}],"curies":[{"name":"wp","href":"https:\/\/api.w.org\/{rel}","templated":true}]}}