{"id":2740,"date":"2026-01-29T20:34:14","date_gmt":"2026-01-29T18:34:14","guid":{"rendered":"https:\/\/www.sik.fi\/?page_id=2740"},"modified":"2026-01-29T20:34:15","modified_gmt":"2026-01-29T18:34:15","slug":"the-guild-helpers-of-2026","status":"publish","type":"page","link":"https:\/\/www.sik.fi\/?page_id=2740&lang=en","title":{"rendered":"The guild helpers of 2026"},"content":{"rendered":"\n<ul class=\"wp-block-list\">\n<li><strong>Host:<\/strong> Elias Herranen<\/li>\n\n\n\n<li><strong>Hostess:<\/strong> Iida Hotti<\/li>\n\n\n\n<li><strong>Guild Journeyman:<\/strong> Markus Holma<\/li>\n\n\n\n<li><strong>Brewing Master:<\/strong> Veeti Koivukoski<\/li>\n\n\n\n<li><strong>Brewing Buddies:<\/strong> Vili-Valtteri Vainiola, Aapeli Alanko<\/li>\n\n\n\n<li><strong>Photographers:<\/strong> Aapo V\u00e4is\u00e4nen, Juho T\u00f6rm\u00e4nen, Frans H\u00e4rk\u00f6nen, Matias Hasa, Artturi V\u00e4\u00e4n\u00e4nen<\/li>\n\n\n\n<li><strong>Graphic Designers:<\/strong> Nea Niiranen, Jan \u00c4\u00e4rel\u00e4, Juho T\u00f6rm\u00e4nen<\/li>\n\n\n\n<li><strong>Assistant Editors:<\/strong> Elias Herranen, Frans H\u00e4rk\u00f6nen<\/li>\n\n\n\n<li><strong>Alumni Coordinator:<\/strong> Frans H\u00e4rk\u00f6nen<\/li>\n\n\n\n<li><strong>Assistants (Various):<\/strong> Frans H\u00e4rk\u00f6nen, Iiris Pelkonen, Jan \u00c4\u00e4rel\u00e4<\/li>\n\n\n\n<li><strong>Song Leader:<\/strong> Juho T\u00f6rm\u00e4nen<\/li>\n\n\n\n<li><strong>Song Leader\u2019s Apprentice:<\/strong> Matti Damski<\/li>\n\n\n\n<li><strong>Solderer:<\/strong> Aapo V\u00e4is\u00e4nen<\/li>\n\n\n\n<li><strong>Assistant Solderers:<\/strong> Frans H\u00e4rk\u00f6nen, Pyry Vaho, Tuomas Hillukkala, Jan \u00c4\u00e4rel\u00e4, Matias Hasa<\/li>\n\n\n\n<li><strong>Study Coordinator\u2019s Assistant:<\/strong> Joona M\u00e4kil\u00e4<\/li>\n\n\n\n<li><strong>Goblin:<\/strong> Aku-Ville Vuorenhuhta<\/li>\n\n\n\n<li><strong>Freshman Shepherd:<\/strong> Markus Holma<\/li>\n\n\n\n<li><strong>Traveler:<\/strong> Joona M\u00e4kil\u00e4<\/li>\n\n\n\n<li><strong>Relations Officers:<\/strong> Aku-Ville Vuorenhuhta, Joona M\u00e4kil\u00e4<\/li>\n\n\n\n<li><strong>Administrator:<\/strong> Vili-Valttei Vainiola<\/li>\n\n\n\n<li><strong>Operators:<\/strong> Frans H\u00e4rk\u00f6nen, Jan \u00c4\u00e4rel\u00e4, Elisa Palola, Iida Hotti, Elias Herranen<\/li>\n\n\n\n<li><strong>Social Media Influencer:<\/strong> Oona Latomaa <\/li>\n\n\n\n<li><strong>International Coordinator:<\/strong> Matti Damski<\/li>\n\n\n\n<li><strong>Van Coordinators:<\/strong> Sebastian Illikainen, Veeti Koivukoski, Sakari Alapudas, Aapeli Alanko, Aku-Ville Vuorenhuhta, Jan \u00c4\u00e4rel\u00e4, Matias Hasa<\/li>\n\n\n\n<li><strong>Female Plug:<\/strong> Iiris Pelkonen<\/li>\n\n\n\n<li><strong>K\u00f6p\u00f6:<\/strong> Frans H\u00e4rk\u00f6nen<\/li>\n\n\n\n<li><strong>Sports Coordinator:<\/strong> Konsta Tuovinen<\/li>\n\n\n\n<li><strong>Baker Yeast:<\/strong> Pihla J\u00e4rvinen<\/li>\n\n\n\n<li><strong>Streptococcus:<\/strong> Ulla Kalliainen<\/li>\n\n\n\n<li><strong>Gaming Coordinator:<\/strong> Elias Herranen<\/li>\n\n\n\n<li><strong>Sponge (Pesusieni):<\/strong> Markus Holma, Oskari Aaltonen, Joel Kesti, Tuomas Hillukkala<\/li>\n\n\n\n<li><strong>Ruusu Masters:<\/strong> Elias Herranen, Iida Hotti, Matti Damski, Markus Holma, Joel Kesti<\/li>\n\n\n\n<li><strong>Social Media Slaves: <\/strong>Aulis Neitiniemi, Aapo V\u00e4is\u00e4nen<\/li>\n\n\n\n<li><strong>Waasa-Coordinator: <\/strong>Ulpu Ojutkangas<\/li>\n\n\n\n<li><strong>Oltermanni: <\/strong>Jari Hannu<\/li>\n\n\n\n<li><strong>Guild Elder: <\/strong>Pauli Kaikkonen<\/li>\n\n\n\n<li><strong>Performance Auditors: <\/strong>Matias Hasa, Frans H\u00e4rk\u00f6nen<\/li>\n\n\n\n<li><strong>Deputy Auditors: <\/strong>Sakari Kellolampi, Tuomas Hillukkala<\/li>\n<\/ul>\n\n\n\n<p><\/p>\n","protected":false},"excerpt":{"rendered":"","protected":false},"author":35,"featured_media":0,"parent":0,"menu_order":0,"comment_status":"closed","ping_status":"closed","template":"","meta":{"footnotes":""},"class_list":["post-2740","page","type-page","status-publish","hentry"],"_links":{"self":[{"href":"https:\/\/www.sik.fi\/index.php?rest_route=\/wp\/v2\/pages\/2740","targetHints":{"allow":["GET"]}}],"collection":[{"href":"https:\/\/www.sik.fi\/index.php?rest_route=\/wp\/v2\/pages"}],"about":[{"href":"https:\/\/www.sik.fi\/index.php?rest_route=\/wp\/v2\/types\/page"}],"author":[{"embeddable":true,"href":"https:\/\/www.sik.fi\/index.php?rest_route=\/wp\/v2\/users\/35"}],"replies":[{"embeddable":true,"href":"https:\/\/www.sik.fi\/index.php?rest_route=%2Fwp%2Fv2%2Fcomments&post=2740"}],"version-history":[{"count":1,"href":"https:\/\/www.sik.fi\/index.php?rest_route=\/wp\/v2\/pages\/2740\/revisions"}],"predecessor-version":[{"id":2742,"href":"https:\/\/www.sik.fi\/index.php?rest_route=\/wp\/v2\/pages\/2740\/revisions\/2742"}],"wp:attachment":[{"href":"https:\/\/www.sik.fi\/index.php?rest_route=%2Fwp%2Fv2%2Fmedia&parent=2740"}],"curies":[{"name":"wp","href":"https:\/\/api.w.org\/{rel}","templated":true}]}}