{"id":381,"date":"2014-01-03T19:20:22","date_gmt":"2014-01-03T19:20:22","guid":{"rendered":"http:\/\/uusi.sik.fi\/index.php\/2014\/01\/03\/hallitus-2017\/"},"modified":"2021-02-28T23:12:23","modified_gmt":"2021-02-28T21:12:23","slug":"hallitus-2017","status":"publish","type":"page","link":"https:\/\/www.sik.fi\/?page_id=381","title":{"rendered":"Hallitus 2017"},"content":{"rendered":"<table border=\"0\">\n<tbody>\n<tr>\n<td><img loading=\"lazy\" decoding=\"async\" class=\" size-full wp-image-370\" src=\"http:\/\/uusi.sik.fi\/wp-content\/uploads\/2014\/01\/webmitja.jpg\" alt=\"\" width=\"170\" height=\"227\" srcset=\"https:\/\/www.sik.fi\/wp-content\/uploads\/2014\/01\/webmitja.jpg 1500w, https:\/\/www.sik.fi\/wp-content\/uploads\/2014\/01\/webmitja-225x300.jpg 225w, https:\/\/www.sik.fi\/wp-content\/uploads\/2014\/01\/webmitja-768x1024.jpg 768w, https:\/\/www.sik.fi\/wp-content\/uploads\/2014\/01\/webmitja-150x200.jpg 150w\" sizes=\"auto, (max-width: 170px) 100vw, 170px\" \/><\/td>\n<td><img loading=\"lazy\" decoding=\"async\" class=\" size-full wp-image-371\" src=\"http:\/\/uusi.sik.fi\/wp-content\/uploads\/2014\/01\/websimo.jpg\" alt=\"\" width=\"170\" height=\"227\" srcset=\"https:\/\/www.sik.fi\/wp-content\/uploads\/2014\/01\/websimo.jpg 1332w, https:\/\/www.sik.fi\/wp-content\/uploads\/2014\/01\/websimo-225x300.jpg 225w, https:\/\/www.sik.fi\/wp-content\/uploads\/2014\/01\/websimo-768x1024.jpg 768w, https:\/\/www.sik.fi\/wp-content\/uploads\/2014\/01\/websimo-150x200.jpg 150w\" sizes=\"auto, (max-width: 170px) 100vw, 170px\" \/><\/td>\n<td><img loading=\"lazy\" decoding=\"async\" class=\" size-full wp-image-372\" src=\"http:\/\/uusi.sik.fi\/wp-content\/uploads\/2014\/01\/webjohannes.jpg\" alt=\"\" width=\"170\" height=\"227\" srcset=\"https:\/\/www.sik.fi\/wp-content\/uploads\/2014\/01\/webjohannes.jpg 1500w, https:\/\/www.sik.fi\/wp-content\/uploads\/2014\/01\/webjohannes-225x300.jpg 225w, https:\/\/www.sik.fi\/wp-content\/uploads\/2014\/01\/webjohannes-768x1024.jpg 768w, https:\/\/www.sik.fi\/wp-content\/uploads\/2014\/01\/webjohannes-150x200.jpg 150w\" sizes=\"auto, (max-width: 170px) 100vw, 170px\" \/><\/td>\n<td><img loading=\"lazy\" decoding=\"async\" class=\" size-full wp-image-373\" src=\"http:\/\/uusi.sik.fi\/wp-content\/uploads\/2014\/01\/webheikki.jpg\" alt=\"\" width=\"170\" height=\"227\" srcset=\"https:\/\/www.sik.fi\/wp-content\/uploads\/2014\/01\/webheikki.jpg 1500w, https:\/\/www.sik.fi\/wp-content\/uploads\/2014\/01\/webheikki-225x300.jpg 225w, https:\/\/www.sik.fi\/wp-content\/uploads\/2014\/01\/webheikki-768x1024.jpg 768w, https:\/\/www.sik.fi\/wp-content\/uploads\/2014\/01\/webheikki-150x200.jpg 150w\" sizes=\"auto, (max-width: 170px) 100vw, 170px\" \/><\/td>\n<\/tr>\n<tr>\n<td align=\"left\">Puheenjohtaja<br \/>\nMitja K\u00e4rki<br \/>\n<a href=\"mailto:puheenjohtaja (at) sik.fi\">puheenjohtaja (\u00e4t) sik.fi<\/a><\/td>\n<td>Sihteeri<br \/>\nSimo Salonen<br \/>\n<a href=\"mailto:sihteeri (at) sik.fi\">sihteeri (\u00e4t) sik.fi<\/a><\/td>\n<td>Rahastonhoitaja<br \/>\nJohannes Pakanen<br \/>\n<a href=\"mailto:rahastonhoitaja (at) sik.fi\">rahastonhoitaja (\u00e4t) sik.fi<\/a><\/td>\n<td>Fuksivastaava<br \/>\nHeikki Vuopio<br \/>\n<a href=\"mailto:fuksivastaava (at) sik.fi\">fuksivastaava (\u00e4t) sik.fi<\/a><\/td>\n<\/tr>\n<tr>\n<td><img loading=\"lazy\" decoding=\"async\" class=\" size-full wp-image-374\" src=\"http:\/\/uusi.sik.fi\/wp-content\/uploads\/2014\/01\/webjore.jpg\" alt=\"\" width=\"170\" height=\"227\" srcset=\"https:\/\/www.sik.fi\/wp-content\/uploads\/2014\/01\/webjore.jpg 1559w, https:\/\/www.sik.fi\/wp-content\/uploads\/2014\/01\/webjore-225x300.jpg 225w, https:\/\/www.sik.fi\/wp-content\/uploads\/2014\/01\/webjore-768x1024.jpg 768w, https:\/\/www.sik.fi\/wp-content\/uploads\/2014\/01\/webjore-150x200.jpg 150w\" sizes=\"auto, (max-width: 170px) 100vw, 170px\" \/><\/td>\n<td><img loading=\"lazy\" decoding=\"async\" class=\" size-full wp-image-375\" src=\"http:\/\/uusi.sik.fi\/wp-content\/uploads\/2014\/01\/webantti.jpg\" alt=\"\" width=\"170\" height=\"227\" srcset=\"https:\/\/www.sik.fi\/wp-content\/uploads\/2014\/01\/webantti.jpg 1500w, https:\/\/www.sik.fi\/wp-content\/uploads\/2014\/01\/webantti-225x300.jpg 225w, https:\/\/www.sik.fi\/wp-content\/uploads\/2014\/01\/webantti-768x1024.jpg 768w, https:\/\/www.sik.fi\/wp-content\/uploads\/2014\/01\/webantti-150x200.jpg 150w\" sizes=\"auto, (max-width: 170px) 100vw, 170px\" \/><\/td>\n<td><img loading=\"lazy\" decoding=\"async\" class=\" size-full wp-image-376\" src=\"http:\/\/uusi.sik.fi\/wp-content\/uploads\/2014\/01\/webpauli.jpg\" alt=\"\" width=\"170\" height=\"227\" srcset=\"https:\/\/www.sik.fi\/wp-content\/uploads\/2014\/01\/webpauli.jpg 1362w, https:\/\/www.sik.fi\/wp-content\/uploads\/2014\/01\/webpauli-225x300.jpg 225w, https:\/\/www.sik.fi\/wp-content\/uploads\/2014\/01\/webpauli-768x1024.jpg 768w, https:\/\/www.sik.fi\/wp-content\/uploads\/2014\/01\/webpauli-150x200.jpg 150w\" sizes=\"auto, (max-width: 170px) 100vw, 170px\" \/><\/td>\n<td><img loading=\"lazy\" decoding=\"async\" class=\" size-full wp-image-377\" src=\"http:\/\/uusi.sik.fi\/wp-content\/uploads\/2014\/01\/webjuho.jpg\" alt=\"\" width=\"170\" height=\"227\" srcset=\"https:\/\/www.sik.fi\/wp-content\/uploads\/2014\/01\/webjuho.jpg 1626w, https:\/\/www.sik.fi\/wp-content\/uploads\/2014\/01\/webjuho-225x300.jpg 225w, https:\/\/www.sik.fi\/wp-content\/uploads\/2014\/01\/webjuho-768x1024.jpg 768w, https:\/\/www.sik.fi\/wp-content\/uploads\/2014\/01\/webjuho-150x200.jpg 150w\" sizes=\"auto, (max-width: 170px) 100vw, 170px\" \/><\/td>\n<\/tr>\n<tr>\n<td>Teekkarivastaava<br \/>\nJore Rautava<br \/>\n<a href=\"mailto:teekkarivastaava (at) sik.fi\">teekkarivastaava (\u00e4t) sik.fi<\/a><\/td>\n<td>Opintovastaava<br \/>\nAntti Rytilahti<br \/>\n<a href=\"mailto:opintovastaava (at) sik.fi\">opintovastaava (\u00e4t) sik.fi<\/a><\/td>\n<td>Tiedotusvastaava<br \/>\nPauli Kaikkonen<br \/>\n<a href=\"mailto:tiedotusvastaava (at) sik.fi\">tiedotusvastaava (\u00e4t) sik.fi<\/a><\/td>\n<td>Kiltamestari<br \/>\nJuho Lahdenper\u00e4<br \/>\n<a href=\"mailto:kiltamestari (at) sik.fi\">kiltamestari (\u00e4t) sik.fi<\/a><\/td>\n<\/tr>\n<tr>\n<td><img loading=\"lazy\" decoding=\"async\" class=\" size-full wp-image-378\" src=\"http:\/\/uusi.sik.fi\/wp-content\/uploads\/2014\/01\/webmika.jpg\" alt=\"\" width=\"170\" height=\"227\" srcset=\"https:\/\/www.sik.fi\/wp-content\/uploads\/2014\/01\/webmika.jpg 1866w, https:\/\/www.sik.fi\/wp-content\/uploads\/2014\/01\/webmika-225x300.jpg 225w, https:\/\/www.sik.fi\/wp-content\/uploads\/2014\/01\/webmika-768x1024.jpg 768w, https:\/\/www.sik.fi\/wp-content\/uploads\/2014\/01\/webmika-150x200.jpg 150w\" sizes=\"auto, (max-width: 170px) 100vw, 170px\" \/><\/td>\n<td><img loading=\"lazy\" decoding=\"async\" class=\" size-full wp-image-379\" src=\"http:\/\/uusi.sik.fi\/wp-content\/uploads\/2014\/01\/webjanne.jpg\" alt=\"\" width=\"170\" height=\"227\" srcset=\"https:\/\/www.sik.fi\/wp-content\/uploads\/2014\/01\/webjanne.jpg 1500w, https:\/\/www.sik.fi\/wp-content\/uploads\/2014\/01\/webjanne-225x300.jpg 225w, https:\/\/www.sik.fi\/wp-content\/uploads\/2014\/01\/webjanne-768x1024.jpg 768w, https:\/\/www.sik.fi\/wp-content\/uploads\/2014\/01\/webjanne-150x200.jpg 150w\" sizes=\"auto, (max-width: 170px) 100vw, 170px\" \/><\/td>\n<td><img loading=\"lazy\" decoding=\"async\" class=\" size-full wp-image-380\" src=\"http:\/\/uusi.sik.fi\/wp-content\/uploads\/2014\/01\/webmarkus.jpg\" alt=\"\" width=\"170\" height=\"227\" srcset=\"https:\/\/www.sik.fi\/wp-content\/uploads\/2014\/01\/webmarkus.jpg 1626w, https:\/\/www.sik.fi\/wp-content\/uploads\/2014\/01\/webmarkus-225x300.jpg 225w, https:\/\/www.sik.fi\/wp-content\/uploads\/2014\/01\/webmarkus-768x1024.jpg 768w, https:\/\/www.sik.fi\/wp-content\/uploads\/2014\/01\/webmarkus-150x200.jpg 150w\" sizes=\"auto, (max-width: 170px) 100vw, 170px\" \/><\/td>\n<\/tr>\n<tr>\n<td>Excursiomestari<br \/>\nMika M\u00e4enp\u00e4\u00e4<br \/>\n<a href=\"mailto:excursiomestari (at) sik.fi\">excursiomestari (\u00e4t) sik.fi<\/a><\/td>\n<td>Kuningasjuottaja<br \/>\nJanne Mustaniemi<br \/>\n<a href=\"mailto:kuningasjuottaja (at) sik.fi\">kuningasjuottaja (\u00e4t) sik.fi<\/a><\/td>\n<td>Suhdevastaava<br \/>\nMarkus Junttila<br \/>\n<a href=\"mailto:suhdevastaava (at) sik.fi\">suhdevastaava (\u00e4t) sik.fi<\/a><\/td>\n<\/tr>\n<\/tbody>\n<\/table>\n","protected":false},"excerpt":{"rendered":"<p>Puheenjohtaja Mitja K\u00e4rki puheenjohtaja (\u00e4t) sik.fi Sihteeri Simo Salonen sihteeri (\u00e4t) sik.fi Rahastonhoitaja Johannes Pakanen rahastonhoitaja (\u00e4t) sik.fi Fuksivastaava Heikki Vuopio fuksivastaava (\u00e4t) sik.fi Teekkarivastaava Jore Rautava teekkarivastaava (\u00e4t) sik.fi Opintovastaava Antti Rytilahti opintovastaava (\u00e4t) sik.fi Tiedotusvastaava Pauli Kaikkonen tiedotusvastaava (\u00e4t) sik.fi Kiltamestari Juho Lahdenper\u00e4 kiltamestari (\u00e4t) sik.fi Excursiomestari Mika &hellip;<\/p>\n","protected":false},"author":1,"featured_media":370,"parent":0,"menu_order":57,"comment_status":"closed","ping_status":"open","template":"","meta":{"footnotes":""},"class_list":["post-381","page","type-page","status-publish","has-post-thumbnail","hentry"],"_links":{"self":[{"href":"https:\/\/www.sik.fi\/index.php?rest_route=\/wp\/v2\/pages\/381","targetHints":{"allow":["GET"]}}],"collection":[{"href":"https:\/\/www.sik.fi\/index.php?rest_route=\/wp\/v2\/pages"}],"about":[{"href":"https:\/\/www.sik.fi\/index.php?rest_route=\/wp\/v2\/types\/page"}],"author":[{"embeddable":true,"href":"https:\/\/www.sik.fi\/index.php?rest_route=\/wp\/v2\/users\/1"}],"replies":[{"embeddable":true,"href":"https:\/\/www.sik.fi\/index.php?rest_route=%2Fwp%2Fv2%2Fcomments&post=381"}],"version-history":[{"count":3,"href":"https:\/\/www.sik.fi\/index.php?rest_route=\/wp\/v2\/pages\/381\/revisions"}],"predecessor-version":[{"id":842,"href":"https:\/\/www.sik.fi\/index.php?rest_route=\/wp\/v2\/pages\/381\/revisions\/842"}],"wp:featuredmedia":[{"embeddable":true,"href":"https:\/\/www.sik.fi\/index.php?rest_route=\/wp\/v2\/media\/370"}],"wp:attachment":[{"href":"https:\/\/www.sik.fi\/index.php?rest_route=%2Fwp%2Fv2%2Fmedia&parent=381"}],"curies":[{"name":"wp","href":"https:\/\/api.w.org\/{rel}","templated":true}]}}