{"id":644,"date":"2018-03-25T21:53:36","date_gmt":"2018-03-25T18:53:36","guid":{"rendered":"https:\/\/uusi.sik.fi\/?page_id=644"},"modified":"2021-02-28T23:11:45","modified_gmt":"2021-02-28T21:11:45","slug":"oulu-university","status":"publish","type":"page","link":"https:\/\/www.sik.fi\/?page_id=644&lang=en","title":{"rendered":"Oulu University"},"content":{"rendered":"<p>Oulun university<br \/>\n<a href=\"http:\/\/www.oulu.fi\/yliopisto\/\" target=\"_blank\" rel=\"noopener\">http:\/\/www.oulu.fi\/yliopisto\/<\/a><\/p>\n<p>Faculty of Technology<br \/>\n<a href=\"http:\/\/www.ttk.oulu.fi\/\" target=\"_blank\" rel=\"noopener\">http:\/\/www.ttk.oulu.fi\/<\/a><\/p>\n<p>Department of Electrical and Information Engineering<br \/>\n<a href=\"http:\/\/www.ee.oulu.fi\/\" target=\"_blank\" rel=\"noopener\">http:\/\/www.ee.oulu.fi\/<\/a><\/p>\n<p>Department of mathematics<br \/>\n<a href=\"http:\/\/s-mat-pcs.oulu.fi\/\" target=\"_blank\" rel=\"noopener\">http:\/\/s-mat-pcs.oulu.fi\/<\/a><\/p>\n<p>Department of Physics<br \/>\n<a href=\"http:\/\/physics.oulu.fi\/fysiikka\/index.html\" target=\"_blank\" rel=\"noopener\">http:\/\/physics.oulu.fi\/fysiikka\/index.html<\/a><br \/>\nMeit\u00e4 koskeva tavara l\u00f6ytyy -&gt; Opetus ja sielt\u00e4 Teknillisen tiedekunnan jutut.<\/p>\n<p>Exam archive<br \/>\n<a href=\"http:\/\/www.ee.oulu.fi\/opiskelu\/tenttiarkisto\" target=\"_blank\" rel=\"noopener\">http:\/\/www.ee.oulu.fi\/opiskelu\/tenttiarkisto<\/a><\/p>\n<p>Oulu university&#8217;s student association<br \/>\n<a href=\"http:\/\/www.oyy.fi\/\" target=\"_blank\" rel=\"noopener\">http:\/\/www.oyy.fi\/<\/a><\/p>\n<p>ATK-center<br \/>\n<a href=\"http:\/\/cc.oulu.fi\/Tervetuloa.html\" target=\"_blank\" rel=\"noopener\">http:\/\/cc.oulu.fi\/Tervetuloa.html<\/a><\/p>\n<p>Language center<br \/>\n<a href=\"http:\/\/www.oulu.fi\/kielikeskus\/\" target=\"_blank\" rel=\"noopener\">http:\/\/www.oulu.fi\/kielikeskus\/<\/a><\/p>\n<p>Library<br \/>\n<a href=\"http:\/\/www.kirjasto.oulu.fi\/\" target=\"_blank\" rel=\"noopener\">http:\/\/www.kirjasto.oulu.fi\/<\/a><\/p>\n<p>PoSo library<br \/>\n<a href=\"http:\/\/www.kirjasto.oulu.fi\/kirjastoyksikot\/tekniikka\/poso\/\" target=\"_blank\" rel=\"noopener\">http:\/\/www.kirjasto.oulu.fi\/kirjastoyksikot\/tekniikka\/poso\/<\/a><\/p>\n","protected":false},"excerpt":{"rendered":"<p>Oulun university http:\/\/www.oulu.fi\/yliopisto\/ Faculty of Technology http:\/\/www.ttk.oulu.fi\/ Department of Electrical and Information Engineering http:\/\/www.ee.oulu.fi\/ Department of mathematics http:\/\/s-mat-pcs.oulu.fi\/ Department of Physics http:\/\/physics.oulu.fi\/fysiikka\/index.html Meit\u00e4 koskeva tavara l\u00f6ytyy -&gt; Opetus ja sielt\u00e4 Teknillisen tiedekunnan jutut. Exam archive http:\/\/www.ee.oulu.fi\/opiskelu\/tenttiarkisto Oulu university&#8217;s student association http:\/\/www.oyy.fi\/ ATK-center http:\/\/cc.oulu.fi\/Tervetuloa.html Language center http:\/\/www.oulu.fi\/kielikeskus\/ Library http:\/\/www.kirjasto.oulu.fi\/ PoSo library &hellip;<\/p>\n","protected":false},"author":1,"featured_media":0,"parent":0,"menu_order":24,"comment_status":"closed","ping_status":"open","template":"","meta":{"footnotes":""},"class_list":["post-644","page","type-page","status-publish","hentry"],"_links":{"self":[{"href":"https:\/\/www.sik.fi\/index.php?rest_route=\/wp\/v2\/pages\/644","targetHints":{"allow":["GET"]}}],"collection":[{"href":"https:\/\/www.sik.fi\/index.php?rest_route=\/wp\/v2\/pages"}],"about":[{"href":"https:\/\/www.sik.fi\/index.php?rest_route=\/wp\/v2\/types\/page"}],"author":[{"embeddable":true,"href":"https:\/\/www.sik.fi\/index.php?rest_route=\/wp\/v2\/users\/1"}],"replies":[{"embeddable":true,"href":"https:\/\/www.sik.fi\/index.php?rest_route=%2Fwp%2Fv2%2Fcomments&post=644"}],"version-history":[{"count":2,"href":"https:\/\/www.sik.fi\/index.php?rest_route=\/wp\/v2\/pages\/644\/revisions"}],"predecessor-version":[{"id":986,"href":"https:\/\/www.sik.fi\/index.php?rest_route=\/wp\/v2\/pages\/644\/revisions\/986"}],"wp:attachment":[{"href":"https:\/\/www.sik.fi\/index.php?rest_route=%2Fwp%2Fv2%2Fmedia&parent=644"}],"curies":[{"name":"wp","href":"https:\/\/api.w.org\/{rel}","templated":true}]}}