{"id":850,"date":"2018-03-27T16:52:04","date_gmt":"2018-03-27T13:52:04","guid":{"rendered":"https:\/\/uusi.sik.fi\/?page_id=850"},"modified":"2021-02-28T23:11:33","modified_gmt":"2021-02-28T21:11:33","slug":"ota-yhteytta","status":"publish","type":"page","link":"https:\/\/www.sik.fi\/?page_id=850","title":{"rendered":"Ota yhteytt\u00e4"},"content":{"rendered":"<p>S\u00e4hk\u00f6insin\u00f6\u00f6rikilta ry<\/p>\n<p>PL 4500<br \/>\n90014 OULUN YLIOPISTO<br \/>\nFinland<\/p>\n<p>hallitus (at) sik.fi<\/p>\n<p>Pankkitili: OP Oulu<br \/>\nIBAN: FI29 5741 4020 1343 13<br \/>\nBIC\/SWIFT: OKOYFIHH<\/p>\n<p><strong>Yritykset, huomio!<\/strong><\/p>\n<p>Jos haluatte olla yhteydess\u00e4 kiltaamme, ottakaa yhteytt\u00e4 suhdevastaavaan.<\/p>\n<p><a href=\"mailto:tiedotusvastaava (at) sik.fi\">suhdevastaava&nbsp;(at) sik.fi<\/a><\/p>\n<p><strong>Ota yhteytt\u00e4 lomakkeella:<\/strong><\/p>\n<div class=\"wpforms-container wpforms-container-full\" id=\"wpforms-847\"><form id=\"wpforms-form-847\" class=\"wpforms-validate wpforms-form\" data-formid=\"847\" method=\"post\" enctype=\"multipart\/form-data\" action=\"\/index.php?rest_route=%2Fwp%2Fv2%2Fpages%2F850\" data-token=\"7f04b275b1ff831229ecdc37dc13caaa\"><noscript class=\"wpforms-error-noscript\">Please enable JavaScript in your browser to complete this form.<\/noscript><div class=\"wpforms-field-container\"><div id=\"wpforms-847-field_0-container\" class=\"wpforms-field wpforms-field-name\" data-field-id=\"0\"><label class=\"wpforms-field-label\" for=\"wpforms-847-field_0\">Nimi <span class=\"wpforms-required-label\">*<\/span><\/label><input type=\"text\" id=\"wpforms-847-field_0\" class=\"wpforms-field-medium wpforms-field-required\" name=\"wpforms[fields][0]\" required><\/div><div id=\"wpforms-847-field_1-container\" class=\"wpforms-field wpforms-field-email\" data-field-id=\"1\"><label class=\"wpforms-field-label\" for=\"wpforms-847-field_1\">S\u00e4hk\u00f6posti <span class=\"wpforms-required-label\">*<\/span><\/label><input type=\"email\" id=\"wpforms-847-field_1\" class=\"wpforms-field-small wpforms-field-required\" name=\"wpforms[fields][1]\" spellcheck=\"false\" required><\/div><div id=\"wpforms-847-field_5-container\" class=\"wpforms-field wpforms-field-text\" data-field-id=\"5\"><label class=\"wpforms-field-label\" for=\"wpforms-847-field_5\">Puhelin<\/label><input type=\"text\" id=\"wpforms-847-field_5\" class=\"wpforms-field-small\" name=\"wpforms[fields][5]\" ><\/div><div id=\"wpforms-847-field_2-container\" class=\"wpforms-field wpforms-field-textarea\" data-field-id=\"2\"><label class=\"wpforms-field-label\" for=\"wpforms-847-field_2\">Kommentti tai viesti <span class=\"wpforms-required-label\">*<\/span><\/label><textarea id=\"wpforms-847-field_2\" class=\"wpforms-field-medium wpforms-field-required\" name=\"wpforms[fields][2]\" required><\/textarea><\/div><\/div><!-- .wpforms-field-container --><div class=\"wpforms-field wpforms-field-hp\"><label for=\"wpforms-847-field-hp\" class=\"wpforms-field-label\">Website<\/label><input type=\"text\" name=\"wpforms[hp]\" id=\"wpforms-847-field-hp\" class=\"wpforms-field-medium\"><\/div><div class=\"wpforms-recaptcha-container wpforms-is-recaptcha\" ><div class=\"g-recaptcha\" data-sitekey=\"6LfCOVEUAAAAAHJ3xqjjDq_rzBKTikPvQbJ70DGg\"><\/div><input type=\"text\" name=\"g-recaptcha-hidden\" class=\"wpforms-recaptcha-hidden\" style=\"position:absolute!important;clip:rect(0,0,0,0)!important;height:1px!important;width:1px!important;border:0!important;overflow:hidden!important;padding:0!important;margin:0!important;\" data-rule-recaptcha=\"1\"><\/div><div class=\"wpforms-submit-container\" ><input type=\"hidden\" name=\"wpforms[id]\" value=\"847\"><input type=\"hidden\" name=\"wpforms[author]\" value=\"1\"><button type=\"submit\" name=\"wpforms[submit]\" id=\"wpforms-submit-847\" class=\"wpforms-submit\" data-alt-text=\"L\u00e4hetet\u00e4\u00e4n...\" data-submit-text=\"L\u00e4het\u00e4\" aria-live=\"assertive\" value=\"wpforms-submit\">L\u00e4het\u00e4<\/button><\/div><\/form><\/div>  <!-- .wpforms-container -->\n","protected":false},"excerpt":{"rendered":"<p>S\u00e4hk\u00f6insin\u00f6\u00f6rikilta ry PL 4500 90014 OULUN YLIOPISTO Finland hallitus (at) sik.fi Pankkitili: OP Oulu IBAN: FI29 5741 4020 1343 13 BIC\/SWIFT: OKOYFIHH Yritykset, huomio! Jos haluatte olla yhteydess\u00e4 kiltaamme, ottakaa yhteytt\u00e4 suhdevastaavaan. suhdevastaava&nbsp;(at) sik.fi Ota yhteytt\u00e4 lomakkeella:<\/p>\n","protected":false},"author":1,"featured_media":0,"parent":0,"menu_order":0,"comment_status":"closed","ping_status":"closed","template":"","meta":{"footnotes":""},"class_list":["post-850","page","type-page","status-publish","hentry"],"_links":{"self":[{"href":"https:\/\/www.sik.fi\/index.php?rest_route=\/wp\/v2\/pages\/850","targetHints":{"allow":["GET"]}}],"collection":[{"href":"https:\/\/www.sik.fi\/index.php?rest_route=\/wp\/v2\/pages"}],"about":[{"href":"https:\/\/www.sik.fi\/index.php?rest_route=\/wp\/v2\/types\/page"}],"author":[{"embeddable":true,"href":"https:\/\/www.sik.fi\/index.php?rest_route=\/wp\/v2\/users\/1"}],"replies":[{"embeddable":true,"href":"https:\/\/www.sik.fi\/index.php?rest_route=%2Fwp%2Fv2%2Fcomments&post=850"}],"version-history":[{"count":7,"href":"https:\/\/www.sik.fi\/index.php?rest_route=\/wp\/v2\/pages\/850\/revisions"}],"predecessor-version":[{"id":1746,"href":"https:\/\/www.sik.fi\/index.php?rest_route=\/wp\/v2\/pages\/850\/revisions\/1746"}],"wp:attachment":[{"href":"https:\/\/www.sik.fi\/index.php?rest_route=%2Fwp%2Fv2%2Fmedia&parent=850"}],"curies":[{"name":"wp","href":"https:\/\/api.w.org\/{rel}","templated":true}]}}