{"id":856,"date":"2018-03-27T16:53:18","date_gmt":"2018-03-27T13:53:18","guid":{"rendered":"https:\/\/uusi.sik.fi\/?page_id=856"},"modified":"2025-10-28T13:42:01","modified_gmt":"2025-10-28T11:42:01","slug":"contact-us","status":"publish","type":"page","link":"https:\/\/www.sik.fi\/?page_id=856&lang=en","title":{"rendered":"Contact us"},"content":{"rendered":"<p>S\u00e4hk\u00f6insin\u00f6\u00f6rikilta ry<\/p>\n<p>PL 4500<br \/>\n90014 OULUN YLIOPISTO<br \/>\nFinland<\/p>\n<p>hallitus (at) sik.fi<\/p>\n<p>Bank account: OP Oulu<br \/>\nIBAN: FI29 5741 4020 1343 13<br \/>\nBIC\/SWIFT: OKOYFIHH<\/p>\n<p><strong>Companies, attention!<\/strong><\/p>\n<p>If you want to be in touch with our guild, please contact our person in charge:<\/p>\n<p><a href=\"mailto:tiedotusvastaava (at) sik.fi\">suhdevastaava\u00a0(at) sik.fi<\/a><\/p>\n<p><strong>Contact form:<\/strong><\/p>\n<div class=\"wpforms-container wpforms-container-full\" id=\"wpforms-867\"><form id=\"wpforms-form-867\" class=\"wpforms-validate wpforms-form\" data-formid=\"867\" method=\"post\" enctype=\"multipart\/form-data\" action=\"\/index.php?rest_route=%2Fwp%2Fv2%2Fpages%2F856\" data-token=\"3a4b39189ddca322b47561e11662e0a4\"><noscript class=\"wpforms-error-noscript\">Please enable JavaScript in your browser to complete this form.<\/noscript><div class=\"wpforms-field-container\"><div id=\"wpforms-867-field_0-container\" class=\"wpforms-field wpforms-field-name\" data-field-id=\"0\"><label class=\"wpforms-field-label\" for=\"wpforms-867-field_0\">Name <span class=\"wpforms-required-label\">*<\/span><\/label><input type=\"text\" id=\"wpforms-867-field_0\" class=\"wpforms-field-medium wpforms-field-required\" name=\"wpforms[fields][0]\" required><\/div><div id=\"wpforms-867-field_1-container\" class=\"wpforms-field wpforms-field-email\" data-field-id=\"1\"><label class=\"wpforms-field-label\" for=\"wpforms-867-field_1\">Email <span class=\"wpforms-required-label\">*<\/span><\/label><input type=\"email\" id=\"wpforms-867-field_1\" class=\"wpforms-field-small wpforms-field-required\" name=\"wpforms[fields][1]\" spellcheck=\"false\" required><\/div><div id=\"wpforms-867-field_3-container\" class=\"wpforms-field wpforms-field-text\" data-field-id=\"3\"><label class=\"wpforms-field-label\" for=\"wpforms-867-field_3\">Phone number<\/label><input type=\"text\" id=\"wpforms-867-field_3\" class=\"wpforms-field-small\" name=\"wpforms[fields][3]\" ><\/div><div id=\"wpforms-867-field_2-container\" class=\"wpforms-field wpforms-field-textarea\" data-field-id=\"2\"><label class=\"wpforms-field-label\" for=\"wpforms-867-field_2\">Comment or Message <span class=\"wpforms-required-label\">*<\/span><\/label><textarea id=\"wpforms-867-field_2\" class=\"wpforms-field-medium wpforms-field-required\" name=\"wpforms[fields][2]\" required><\/textarea><\/div><\/div><!-- .wpforms-field-container --><div class=\"wpforms-field wpforms-field-hp\"><label for=\"wpforms-867-field-hp\" class=\"wpforms-field-label\">Name<\/label><input type=\"text\" name=\"wpforms[hp]\" id=\"wpforms-867-field-hp\" class=\"wpforms-field-medium\"><\/div><div class=\"wpforms-recaptcha-container wpforms-is-recaptcha\" ><div class=\"g-recaptcha\" data-sitekey=\"6LfCOVEUAAAAAHJ3xqjjDq_rzBKTikPvQbJ70DGg\"><\/div><input type=\"text\" name=\"g-recaptcha-hidden\" class=\"wpforms-recaptcha-hidden\" style=\"position:absolute!important;clip:rect(0,0,0,0)!important;height:1px!important;width:1px!important;border:0!important;overflow:hidden!important;padding:0!important;margin:0!important;\" data-rule-recaptcha=\"1\"><\/div><div class=\"wpforms-submit-container\" ><input type=\"hidden\" name=\"wpforms[id]\" value=\"867\"><input type=\"hidden\" name=\"wpforms[author]\" value=\"1\"><button type=\"submit\" name=\"wpforms[submit]\" id=\"wpforms-submit-867\" class=\"wpforms-submit\" data-alt-text=\"Sending...\" data-submit-text=\"Submit\" aria-live=\"assertive\" value=\"wpforms-submit\">Submit<\/button><\/div><\/form><\/div>  <!-- .wpforms-container -->\n","protected":false},"excerpt":{"rendered":"<p>S\u00e4hk\u00f6insin\u00f6\u00f6rikilta ry PL 4500 90014 OULUN YLIOPISTO Finland hallitus (at) sik.fi Bank account: OP Oulu IBAN: FI29 5741 4020 1343 13 BIC\/SWIFT: OKOYFIHH Companies, attention! If you want to be in touch with our guild, please contact our person in charge: suhdevastaava\u00a0(at) sik.fi Contact form:<\/p>\n","protected":false},"author":1,"featured_media":0,"parent":0,"menu_order":0,"comment_status":"closed","ping_status":"closed","template":"","meta":{"footnotes":""},"class_list":["post-856","page","type-page","status-publish","hentry"],"_links":{"self":[{"href":"https:\/\/www.sik.fi\/index.php?rest_route=\/wp\/v2\/pages\/856","targetHints":{"allow":["GET"]}}],"collection":[{"href":"https:\/\/www.sik.fi\/index.php?rest_route=\/wp\/v2\/pages"}],"about":[{"href":"https:\/\/www.sik.fi\/index.php?rest_route=\/wp\/v2\/types\/page"}],"author":[{"embeddable":true,"href":"https:\/\/www.sik.fi\/index.php?rest_route=\/wp\/v2\/users\/1"}],"replies":[{"embeddable":true,"href":"https:\/\/www.sik.fi\/index.php?rest_route=%2Fwp%2Fv2%2Fcomments&post=856"}],"version-history":[{"count":11,"href":"https:\/\/www.sik.fi\/index.php?rest_route=\/wp\/v2\/pages\/856\/revisions"}],"predecessor-version":[{"id":2695,"href":"https:\/\/www.sik.fi\/index.php?rest_route=\/wp\/v2\/pages\/856\/revisions\/2695"}],"wp:attachment":[{"href":"https:\/\/www.sik.fi\/index.php?rest_route=%2Fwp%2Fv2%2Fmedia&parent=856"}],"curies":[{"name":"wp","href":"https:\/\/api.w.org\/{rel}","templated":true}]}}