{"id":89,"date":"2012-03-27T20:40:36","date_gmt":"2012-03-27T20:40:36","guid":{"rendered":"http:\/\/uusi.sik.fi\/index.php\/2012\/03\/27\/kilta\/"},"modified":"2026-03-09T20:39:01","modified_gmt":"2026-03-09T18:39:01","slug":"kilta","status":"publish","type":"page","link":"https:\/\/www.sik.fi\/?page_id=89","title":{"rendered":"Kilta"},"content":{"rendered":"<p>S\u00e4hk\u00f6insin\u00f6\u00f6rikilta ry on Oulun yliopiston tieto- ja s\u00e4hk\u00f6tekniikan tiedekunnan s\u00e4hk\u00f6tekniikan, elektroniikan ja tietoliikenteen opiskelijoiden yhdistys. Sit\u00e4 py\u00f6ritt\u00e4v\u00e4t hallitus ja toimihenkil\u00f6t. Toiminnassa ovat mukana my\u00f6s pienryhm\u00e4ohjaajat ja kilta-aktiivit, jotka hallituksen j\u00e4senten ja toimihenkil\u00f6iden ohella ovat j\u00e4rjest\u00e4m\u00e4ss\u00e4 tapahtumia ja killan toimintoja.<\/p>\n<p>Killan tarkoituksena on yhdist\u00e4\u00e4 sek\u00e4 oman alan opiskelijoita, ett\u00e4 pit\u00e4\u00e4 yhteytt\u00e4 my\u00f6s muihin kiltoihin Oulussa, sisarkiltoihin muualla Suomessa ja my\u00f6s Euroopan sis\u00e4ll\u00e4.<\/p>\n<p>Kilta ei ole mik\u00e4\u00e4n byrokratian kukoistuspaikka, vaan siell\u00e4 on sinunkin helppo saada \u00e4\u00e4nesi kuulumaan! Kilta-aktiivina p\u00e4\u00e4set tekem\u00e4\u00e4n yhdess\u00e4 muiden opiskelijoiden kanssa mukavia &#8221;t\u00f6it\u00e4&#8221; mm. j\u00e4rjest\u00e4m\u00e4ll\u00e4 kiltalaisille tapahtumia ja vaalimaan killan etuja ja perinteit\u00e4. Puhumattakaan kaveripiirin laajenemisesta toimintakauden aikana!<\/p>\n<p style=\"margin-top: 0px; margin-bottom: 5px; font-family: Tahoma; font-size: 13px; line-height: 16px; text-align: left;\">\n","protected":false},"excerpt":{"rendered":"<p>S\u00e4hk\u00f6insin\u00f6\u00f6rikilta ry on Oulun yliopiston tieto- ja s\u00e4hk\u00f6tekniikan tiedekunnan s\u00e4hk\u00f6tekniikan, elektroniikan ja tietoliikenteen opiskelijoiden yhdistys. Sit\u00e4 py\u00f6ritt\u00e4v\u00e4t hallitus ja toimihenkil\u00f6t. Toiminnassa ovat mukana my\u00f6s pienryhm\u00e4ohjaajat ja kilta-aktiivit, jotka hallituksen j\u00e4senten ja toimihenkil\u00f6iden ohella ovat j\u00e4rjest\u00e4m\u00e4ss\u00e4 tapahtumia ja killan toimintoja. Killan tarkoituksena on yhdist\u00e4\u00e4 sek\u00e4 oman alan opiskelijoita, ett\u00e4 pit\u00e4\u00e4 yhteytt\u00e4 &hellip;<\/p>\n","protected":false},"author":1,"featured_media":0,"parent":0,"menu_order":56,"comment_status":"closed","ping_status":"open","template":"","meta":{"footnotes":""},"class_list":["post-89","page","type-page","status-publish","hentry"],"_links":{"self":[{"href":"https:\/\/www.sik.fi\/index.php?rest_route=\/wp\/v2\/pages\/89","targetHints":{"allow":["GET"]}}],"collection":[{"href":"https:\/\/www.sik.fi\/index.php?rest_route=\/wp\/v2\/pages"}],"about":[{"href":"https:\/\/www.sik.fi\/index.php?rest_route=\/wp\/v2\/types\/page"}],"author":[{"embeddable":true,"href":"https:\/\/www.sik.fi\/index.php?rest_route=\/wp\/v2\/users\/1"}],"replies":[{"embeddable":true,"href":"https:\/\/www.sik.fi\/index.php?rest_route=%2Fwp%2Fv2%2Fcomments&post=89"}],"version-history":[{"count":3,"href":"https:\/\/www.sik.fi\/index.php?rest_route=\/wp\/v2\/pages\/89\/revisions"}],"predecessor-version":[{"id":2810,"href":"https:\/\/www.sik.fi\/index.php?rest_route=\/wp\/v2\/pages\/89\/revisions\/2810"}],"wp:attachment":[{"href":"https:\/\/www.sik.fi\/index.php?rest_route=%2Fwp%2Fv2%2Fmedia&parent=89"}],"curies":[{"name":"wp","href":"https:\/\/api.w.org\/{rel}","templated":true}]}}