{"id":91,"date":"2012-03-27T20:44:51","date_gmt":"2012-03-27T20:44:51","guid":{"rendered":"http:\/\/uusi.sik.fi\/index.php\/2012\/03\/27\/harrasteet\/"},"modified":"2023-08-24T18:49:04","modified_gmt":"2023-08-24T15:49:04","slug":"harrasteet","status":"publish","type":"page","link":"https:\/\/www.sik.fi\/?page_id=91","title":{"rendered":"Harrasteet"},"content":{"rendered":"<p><\/p>\n<div>\n<p><img loading=\"lazy\" decoding=\"async\" class=\" alignright size-full wp-image-90\" style=\"float: right;\" src=\"https:\/\/www.sik.fi\/wp-content\/uploads\/sivusto\/b45d4b65.jpg\" width=\"240\" height=\"180\" border=\"0\"><\/p>\n<p>Kiltamme j\u00e4senill\u00e4 on monenlaisia eri harrastuksia.<\/p>\n<p>T\u00e4m\u00e4n harrasteet-sivun kautta voit l\u00f6yt\u00e4\u00e4 itsellesi ja kavereillesi hyvi\u00e4 harraste-ideoita. <\/p>\n<p>Alla olevista napeista l\u00f6yd\u00e4t lis\u00e4\u00e4 tietoa killan harrastetoiminnasta:<\/p>\n<\/div>\n\n\n<div class=\"wp-block-buttons is-content-justification-left is-layout-flex wp-container-core-buttons-is-layout-fdcfc74e wp-block-buttons-is-layout-flex\">\n<div class=\"wp-block-button is-style-outline is-style-outline--1\"><a class=\"wp-block-button__link has-sitetext-color has-sitebg-background-color has-text-color has-background wp-element-button\" href=\"https:\/\/www.sik.fi\/?page_id=167\">Elektroniikkakerho<\/a><\/div>\n\n\n\n<div class=\"wp-block-button is-style-outline is-style-outline--2\"><a class=\"wp-block-button__link has-sitetext-color has-sitebg-background-color has-text-color has-background wp-element-button\" href=\"https:\/\/www.sik.fi\/?page_id=169\">Oulun Akateeminen M\u00f6l\u00f6kky- ja Kyykk\u00e4seura (OAMK ry)<\/a><\/div>\n\n\n\n<div class=\"wp-block-button is-style-outline is-style-outline--3\"><a class=\"wp-block-button__link has-sitetext-color has-sitebg-background-color has-text-color has-background wp-element-button\" href=\"https:\/\/www.sik.fi\/?page_id=171\">Oulun Teekkarien Radiokerho ry (OH8TA)<\/a><\/div>\n\n\n\n<div class=\"wp-block-button is-style-outline is-style-outline--4\"><a class=\"wp-block-button__link has-sitetext-color has-sitebg-background-color has-text-color has-background wp-element-button\" href=\"https:\/\/www.sik.fi\/?page_id=173\">S\u00e4hk\u00f6n Pelaajayhdistys (SPY)<\/a><\/div>\n\n\n\n<div class=\"wp-block-button is-style-outline is-style-outline--5\"><a class=\"wp-block-button__link has-sitetext-color has-sitebg-background-color has-text-color has-background wp-element-button\" href=\"https:\/\/www.sik.fi\/?page_id=175\">Urheiluvuorot (S\u00e4hly, k\u00e4vely ja sulkapallo)<\/a><\/div>\n<\/div>\n","protected":false},"excerpt":{"rendered":"<p>Kiltamme j\u00e4senill\u00e4 on monenlaisia eri harrastuksia. T\u00e4m\u00e4n harrasteet-sivun kautta voit l\u00f6yt\u00e4\u00e4 itsellesi ja kavereillesi hyvi\u00e4 harraste-ideoita. Alla olevista napeista l\u00f6yd\u00e4t lis\u00e4\u00e4 tietoa killan harrastetoiminnasta:<\/p>\n","protected":false},"author":27,"featured_media":90,"parent":0,"menu_order":55,"comment_status":"closed","ping_status":"open","template":"","meta":{"footnotes":""},"class_list":["post-91","page","type-page","status-publish","has-post-thumbnail","hentry"],"_links":{"self":[{"href":"https:\/\/www.sik.fi\/index.php?rest_route=\/wp\/v2\/pages\/91","targetHints":{"allow":["GET"]}}],"collection":[{"href":"https:\/\/www.sik.fi\/index.php?rest_route=\/wp\/v2\/pages"}],"about":[{"href":"https:\/\/www.sik.fi\/index.php?rest_route=\/wp\/v2\/types\/page"}],"author":[{"embeddable":true,"href":"https:\/\/www.sik.fi\/index.php?rest_route=\/wp\/v2\/users\/27"}],"replies":[{"embeddable":true,"href":"https:\/\/www.sik.fi\/index.php?rest_route=%2Fwp%2Fv2%2Fcomments&post=91"}],"version-history":[{"count":4,"href":"https:\/\/www.sik.fi\/index.php?rest_route=\/wp\/v2\/pages\/91\/revisions"}],"predecessor-version":[{"id":2193,"href":"https:\/\/www.sik.fi\/index.php?rest_route=\/wp\/v2\/pages\/91\/revisions\/2193"}],"wp:featuredmedia":[{"embeddable":true,"href":"https:\/\/www.sik.fi\/index.php?rest_route=\/wp\/v2\/media\/90"}],"wp:attachment":[{"href":"https:\/\/www.sik.fi\/index.php?rest_route=%2Fwp%2Fv2%2Fmedia&parent=91"}],"curies":[{"name":"wp","href":"https:\/\/api.w.org\/{rel}","templated":true}]}}