{"id":93,"date":"2012-03-27T20:46:06","date_gmt":"2012-03-27T20:46:06","guid":{"rendered":"http:\/\/uusi.sik.fi\/index.php\/2012\/03\/27\/palvelut\/"},"modified":"2021-02-28T23:12:10","modified_gmt":"2021-02-28T21:12:10","slug":"palvelut","status":"publish","type":"page","link":"https:\/\/www.sik.fi\/?page_id=93","title":{"rendered":"Palvelut"},"content":{"rendered":"<p>&nbsp;<\/p>\n<hr \/>\n<div>\n<p><img loading=\"lazy\" decoding=\"async\" class=\" alignright size-full wp-image-92\" style=\"float: right;\" src=\"https:\/\/www.sik.fi\/wp-content\/uploads\/sivusto\/9afb09a3.jpg\" width=\"180\" height=\"148\" border=\"0\" \/><\/p>\n<div>S\u00e4hk\u00f6insin\u00f6\u00f6rikilta ry tarjoaa j\u00e4senist\u00f6lleen monenlaisia opiskelua helpottavia, virallisia ja viihteellisi\u00e4 palveluita. Tarkemmat kuvaukset palveluista l\u00f6yd\u00e4t, kun klikkaat linkkej\u00e4 ylh\u00e4\u00e4ll\u00e4.<\/div>\n<\/div>\n","protected":false},"excerpt":{"rendered":"<p>&nbsp; S\u00e4hk\u00f6insin\u00f6\u00f6rikilta ry tarjoaa j\u00e4senist\u00f6lleen monenlaisia opiskelua helpottavia, virallisia ja viihteellisi\u00e4 palveluita. Tarkemmat kuvaukset palveluista l\u00f6yd\u00e4t, kun klikkaat linkkej\u00e4 ylh\u00e4\u00e4ll\u00e4.<\/p>\n","protected":false},"author":1,"featured_media":92,"parent":0,"menu_order":54,"comment_status":"closed","ping_status":"open","template":"","meta":{"footnotes":""},"class_list":["post-93","page","type-page","status-publish","has-post-thumbnail","hentry"],"_links":{"self":[{"href":"https:\/\/www.sik.fi\/index.php?rest_route=\/wp\/v2\/pages\/93","targetHints":{"allow":["GET"]}}],"collection":[{"href":"https:\/\/www.sik.fi\/index.php?rest_route=\/wp\/v2\/pages"}],"about":[{"href":"https:\/\/www.sik.fi\/index.php?rest_route=\/wp\/v2\/types\/page"}],"author":[{"embeddable":true,"href":"https:\/\/www.sik.fi\/index.php?rest_route=\/wp\/v2\/users\/1"}],"replies":[{"embeddable":true,"href":"https:\/\/www.sik.fi\/index.php?rest_route=%2Fwp%2Fv2%2Fcomments&post=93"}],"version-history":[{"count":3,"href":"https:\/\/www.sik.fi\/index.php?rest_route=\/wp\/v2\/pages\/93\/revisions"}],"predecessor-version":[{"id":835,"href":"https:\/\/www.sik.fi\/index.php?rest_route=\/wp\/v2\/pages\/93\/revisions\/835"}],"wp:featuredmedia":[{"embeddable":true,"href":"https:\/\/www.sik.fi\/index.php?rest_route=\/wp\/v2\/media\/92"}],"wp:attachment":[{"href":"https:\/\/www.sik.fi\/index.php?rest_route=%2Fwp%2Fv2%2Fmedia&parent=93"}],"curies":[{"name":"wp","href":"https:\/\/api.w.org\/{rel}","templated":true}]}}