{"id":95,"date":"2012-03-27T20:46:40","date_gmt":"2012-03-27T20:46:40","guid":{"rendered":"http:\/\/uusi.sik.fi\/index.php\/2012\/03\/27\/kulttuuri\/"},"modified":"2023-08-24T18:48:48","modified_gmt":"2023-08-24T15:48:48","slug":"kulttuuri","status":"publish","type":"page","link":"https:\/\/www.sik.fi\/?page_id=95","title":{"rendered":"Kulttuuri"},"content":{"rendered":"<p>&nbsp;<\/p>\n<p><img loading=\"lazy\" decoding=\"async\" class=\" alignright size-full wp-image-94\" style=\"float: right;\" src=\"https:\/\/www.sik.fi\/wp-content\/uploads\/sivusto\/c3ca9069.jpg\" width=\"240\" height=\"168\" border=\"0\"><\/p>\n<p>Teekkarikulttuuriin kuuluu niin hauskanpitoa, kuin pitki\u00e4kin perinteit\u00e4.<\/p>\n<p>N\u00e4ilt\u00e4 sivuilta p\u00e4\u00e4set tutustumaan erilaisiin teekkarikulttuurin muotoihin.<\/p>\n\n\n<div class=\"wp-block-buttons is-layout-flex wp-block-buttons-is-layout-flex\">\n<div class=\"wp-block-button is-style-outline is-style-outline--1\"><a class=\"wp-block-button__link wp-element-button\" href=\"https:\/\/www.sik.fi\/?page_id=179\">J\u00e4yn\u00e4t<\/a><\/div>\n\n\n\n<div class=\"wp-block-button is-style-outline is-style-outline--2\"><a class=\"wp-block-button__link wp-element-button\" href=\"https:\/\/www.sik.fi\/?page_id=1898\">Merkkiohjes\u00e4\u00e4nt\u00f6<\/a><\/div>\n\n\n\n<div class=\"wp-block-button is-style-outline is-style-outline--3\"><a class=\"wp-block-button__link wp-element-button\" href=\"https:\/\/www.sik.fi\/?page_id=181\">M\u00f6ykk\u00e4waunut<\/a><\/div>\n\n\n\n<div class=\"wp-block-button is-style-outline is-style-outline--4\"><a class=\"wp-block-button__link wp-element-button\" href=\"https:\/\/www.sik.fi\/?page_id=183\">NeverSki-sukset<\/a><\/div>\n\n\n\n<div class=\"wp-block-button is-style-outline is-style-outline--5\"><a class=\"wp-block-button__link wp-element-button\" href=\"https:\/\/www.sik.fi\/?page_id=177\">Ymp\u00e4rihiihdot<\/a><\/div>\n\n\n\n<div class=\"wp-block-button is-style-outline is-style-outline--6\"><a class=\"wp-block-button__link wp-element-button\" href=\"https:\/\/www.sik.fi\/?page_id=1893\">SIK-hymni<\/a><\/div>\n<\/div>\n","protected":false},"excerpt":{"rendered":"<p>&nbsp; Teekkarikulttuuriin kuuluu niin hauskanpitoa, kuin pitki\u00e4kin perinteit\u00e4. N\u00e4ilt\u00e4 sivuilta p\u00e4\u00e4set tutustumaan erilaisiin teekkarikulttuurin muotoihin.<\/p>\n","protected":false},"author":27,"featured_media":94,"parent":0,"menu_order":53,"comment_status":"closed","ping_status":"open","template":"","meta":{"footnotes":""},"class_list":["post-95","page","type-page","status-publish","has-post-thumbnail","hentry"],"_links":{"self":[{"href":"https:\/\/www.sik.fi\/index.php?rest_route=\/wp\/v2\/pages\/95","targetHints":{"allow":["GET"]}}],"collection":[{"href":"https:\/\/www.sik.fi\/index.php?rest_route=\/wp\/v2\/pages"}],"about":[{"href":"https:\/\/www.sik.fi\/index.php?rest_route=\/wp\/v2\/types\/page"}],"author":[{"embeddable":true,"href":"https:\/\/www.sik.fi\/index.php?rest_route=\/wp\/v2\/users\/27"}],"replies":[{"embeddable":true,"href":"https:\/\/www.sik.fi\/index.php?rest_route=%2Fwp%2Fv2%2Fcomments&post=95"}],"version-history":[{"count":4,"href":"https:\/\/www.sik.fi\/index.php?rest_route=\/wp\/v2\/pages\/95\/revisions"}],"predecessor-version":[{"id":2228,"href":"https:\/\/www.sik.fi\/index.php?rest_route=\/wp\/v2\/pages\/95\/revisions\/2228"}],"wp:featuredmedia":[{"embeddable":true,"href":"https:\/\/www.sik.fi\/index.php?rest_route=\/wp\/v2\/media\/94"}],"wp:attachment":[{"href":"https:\/\/www.sik.fi\/index.php?rest_route=%2Fwp%2Fv2%2Fmedia&parent=95"}],"curies":[{"name":"wp","href":"https:\/\/api.w.org\/{rel}","templated":true}]}}